{"id":52,"date":"2023-08-21T18:58:15","date_gmt":"2023-08-21T16:58:15","guid":{"rendered":"http:\/\/www.kmu-aalen.de\/kmu\/?page_id=52"},"modified":"2023-08-26T22:39:25","modified_gmt":"2023-08-26T20:39:25","slug":"bonitaetspruefung-mit-dem-rapidminer","status":"publish","type":"page","link":"http:\/\/www.kmu-aalen.de\/kmu\/bonitaetspruefung-mit-dem-rapidminer\/","title":{"rendered":"Bonit\u00e4tspr\u00fcfung mit dem RapidMiner"},"content":{"rendered":"\t\t<div data-elementor-type=\"wp-page\" data-elementor-id=\"52\" class=\"elementor elementor-52\">\n\t\t\t\t\t\t<header class=\"elementor-section elementor-top-section elementor-element elementor-element-52ea97f0 elementor-section-height-min-height elementor-section-boxed elementor-section-height-default elementor-section-items-middle\" data-id=\"52ea97f0\" data-element_type=\"section\" data-settings=\"{&quot;background_background&quot;:&quot;gradient&quot;}\">\n\t\t\t\t\t\t\t<div class=\"elementor-background-overlay\"><\/div>\n\t\t\t\t\t\t\t<div class=\"elementor-container elementor-column-gap-default\">\n\t\t\t\t\t<div class=\"elementor-column elementor-col-100 elementor-top-column elementor-element elementor-element-19bba4cf\" data-id=\"19bba4cf\" data-element_type=\"column\">\n\t\t\t<div class=\"elementor-widget-wrap elementor-element-populated\">\n\t\t\t\t\t\t<div class=\"elementor-element elementor-element-48cb4ba6 elementor-widget__width-initial elementor-widget elementor-widget-heading\" data-id=\"48cb4ba6\" data-element_type=\"widget\" data-widget_type=\"heading.default\">\n\t\t\t\t<div class=\"elementor-widget-container\">\n\t\t\t\t\t<h1 class=\"elementor-heading-title elementor-size-default\">Bonit\u00e4tspr\u00fcfung mit dem RapidMiner<\/h1>\t\t\t\t<\/div>\n\t\t\t\t<\/div>\n\t\t\t\t\t<\/div>\n\t\t<\/div>\n\t\t\t\t\t<\/div>\n\t\t<\/header>\n\t\t\t\t<section class=\"elementor-section elementor-top-section elementor-element elementor-element-261879bf elementor-section-height-min-height elementor-section-boxed elementor-section-height-default elementor-section-items-middle\" data-id=\"261879bf\" data-element_type=\"section\" data-settings=\"{&quot;background_background&quot;:&quot;classic&quot;}\">\n\t\t\t\t\t\t<div class=\"elementor-container elementor-column-gap-default\">\n\t\t\t\t\t<div class=\"elementor-column elementor-col-100 elementor-top-column elementor-element elementor-element-49f047fd\" data-id=\"49f047fd\" data-element_type=\"column\">\n\t\t\t<div class=\"elementor-widget-wrap elementor-element-populated\">\n\t\t\t\t\t\t<section class=\"elementor-section elementor-inner-section elementor-element elementor-element-12f64cb elementor-section-boxed elementor-section-height-default elementor-section-height-default\" data-id=\"12f64cb\" data-element_type=\"section\">\n\t\t\t\t\t\t<div class=\"elementor-container elementor-column-gap-default\">\n\t\t\t\t\t<div class=\"elementor-column elementor-col-100 elementor-inner-column elementor-element elementor-element-3e8350f4\" data-id=\"3e8350f4\" data-element_type=\"column\">\n\t\t\t<div class=\"elementor-widget-wrap elementor-element-populated\">\n\t\t\t\t\t\t<div class=\"elementor-element elementor-element-68ee237a elementor-widget-mobile__width-initial elementor-invisible elementor-widget elementor-widget-heading\" data-id=\"68ee237a\" data-element_type=\"widget\" data-settings=\"{&quot;_animation&quot;:&quot;fadeInUp&quot;}\" data-widget_type=\"heading.default\">\n\t\t\t\t<div class=\"elementor-widget-container\">\n\t\t\t\t\t<h2 class=\"elementor-heading-title elementor-size-default\">Aufgabenstellung<\/h2>\t\t\t\t<\/div>\n\t\t\t\t<\/div>\n\t\t\t\t\t<\/div>\n\t\t<\/div>\n\t\t\t\t\t<\/div>\n\t\t<\/section>\n\t\t\t\t\t<\/div>\n\t\t<\/div>\n\t\t\t\t\t<\/div>\n\t\t<\/section>\n\t\t<div class=\"elementor-element elementor-element-6716d8b e-flex e-con-boxed e-con e-parent\" data-id=\"6716d8b\" data-element_type=\"container\">\n\t\t\t\t\t<div class=\"e-con-inner\">\n\t\t\t\t<div class=\"elementor-element elementor-element-49079cf elementor-widget elementor-widget-text-editor\" data-id=\"49079cf\" data-element_type=\"widget\" data-widget_type=\"text-editor.default\">\n\t\t\t\t<div class=\"elementor-widget-container\">\n\t\t\t\t\t\t\t\t\t<p>Im Rahmen der Vorlesung \u201eBetriebliche Informationssysteme\u201c bei Herrn Prof. Dr. H\u00e4rting im Studiengang Betriebswirtschaftslehre f\u00fcr KMU an der Hochschule Aalen wurden den Studierenden einige Informationssysteme vorgestellt. Im weiteren Verlauf der Vorlesung wurden die Studierenden dazu angehalten, Projektteams zu bilden und innerhalb dieser Teams eine Projektarbeit zu erstellen. Nach kurzer Bedenkzeit entschied sich das Projektteam f\u00fcr die Aufgabenstellung bez\u00fcglich des Informationssystems \u201eRapidMiner\u201c. Die Datenmenge, die im Unternehmensalltag anf\u00e4llt nimmt immer weiter zu. Deshalb treten E-Business Systeme wie der RapidMiner immer weiter in den Vordergrund. Sie bieten einen unerl\u00e4sslichen Vorteil in Form von gezielten Analysen von gro\u00dfen Datenmengen sowie zur Entscheidungsfindung bei verschieden betriebswirtschaftlichen Fragestellungen.<\/p>\t\t\t\t\t\t\t\t<\/div>\n\t\t\t\t<\/div>\n\t\t\t\t\t<\/div>\n\t\t\t\t<\/div>\n\t\t\t\t<section class=\"elementor-section elementor-top-section elementor-element elementor-element-c878117 elementor-section-boxed elementor-section-height-default elementor-section-height-default\" data-id=\"c878117\" data-element_type=\"section\" data-settings=\"{&quot;background_background&quot;:&quot;classic&quot;}\">\n\t\t\t\t\t\t<div class=\"elementor-container elementor-column-gap-default\">\n\t\t\t\t\t<div class=\"elementor-column elementor-col-100 elementor-top-column elementor-element elementor-element-5c3d604\" data-id=\"5c3d604\" data-element_type=\"column\">\n\t\t\t<div class=\"elementor-widget-wrap elementor-element-populated\">\n\t\t\t\t\t\t<section class=\"elementor-section elementor-inner-section elementor-element elementor-element-9a95d41 elementor-section-boxed elementor-section-height-default elementor-section-height-default\" data-id=\"9a95d41\" data-element_type=\"section\">\n\t\t\t\t\t\t<div class=\"elementor-container elementor-column-gap-default\">\n\t\t\t\t\t<div class=\"elementor-column elementor-col-100 elementor-inner-column elementor-element elementor-element-a1c356c\" data-id=\"a1c356c\" data-element_type=\"column\">\n\t\t\t<div class=\"elementor-widget-wrap elementor-element-populated\">\n\t\t\t\t\t\t<div class=\"elementor-element elementor-element-89c74f6 elementor-widget-mobile__width-initial elementor-invisible elementor-widget elementor-widget-heading\" data-id=\"89c74f6\" data-element_type=\"widget\" data-settings=\"{&quot;_animation&quot;:&quot;fadeInUp&quot;}\" data-widget_type=\"heading.default\">\n\t\t\t\t<div class=\"elementor-widget-container\">\n\t\t\t\t\t<h2 class=\"elementor-heading-title elementor-size-default\">Zielsetzung<\/h2>\t\t\t\t<\/div>\n\t\t\t\t<\/div>\n\t\t\t\t\t<\/div>\n\t\t<\/div>\n\t\t\t\t\t<\/div>\n\t\t<\/section>\n\t\t\t\t\t<\/div>\n\t\t<\/div>\n\t\t\t\t\t<\/div>\n\t\t<\/section>\n\t\t<div class=\"elementor-element elementor-element-b79fa87 e-flex e-con-boxed e-con e-parent\" data-id=\"b79fa87\" data-element_type=\"container\">\n\t\t\t\t\t<div class=\"e-con-inner\">\n\t\t\t\t<div class=\"elementor-element elementor-element-c404656 elementor-widget elementor-widget-text-editor\" data-id=\"c404656\" data-element_type=\"widget\" data-widget_type=\"text-editor.default\">\n\t\t\t\t<div class=\"elementor-widget-container\">\n\t\t\t\t\t\t\t\t\t<p>Ziel der Projektarbeit ist es, die Funktionsweise des RapidMiner darzustellen und mit Hilfe eines Fallbeispiels zu veranschaulichen. Des Weiteren werden durch die Durchf\u00fchrung eines selbst erstellten Workshops die anderen Studierenden miteingebunden. Somit haben alle Studierenden die M\u00f6glichkeit, einen Einblick in das Programm RapidMiner zu erhalten. Am Ende der Projektphase wird vom Projektteam ein Abschlussbericht erstellt, der alle grundlegenden Informationen zum Thema RapidMiner darlegt.<\/p>\t\t\t\t\t\t\t\t<\/div>\n\t\t\t\t<\/div>\n\t\t\t\t\t<\/div>\n\t\t\t\t<\/div>\n\t\t\t\t<section class=\"elementor-section elementor-top-section elementor-element elementor-element-0ee1f6b elementor-section-boxed elementor-section-height-default elementor-section-height-default\" data-id=\"0ee1f6b\" data-element_type=\"section\" data-settings=\"{&quot;background_background&quot;:&quot;classic&quot;}\">\n\t\t\t\t\t\t<div class=\"elementor-container elementor-column-gap-default\">\n\t\t\t\t\t<div class=\"elementor-column elementor-col-100 elementor-top-column elementor-element elementor-element-fdbbb74\" data-id=\"fdbbb74\" data-element_type=\"column\">\n\t\t\t<div class=\"elementor-widget-wrap elementor-element-populated\">\n\t\t\t\t\t\t<section class=\"elementor-section elementor-inner-section elementor-element elementor-element-eddac63 elementor-section-boxed elementor-section-height-default elementor-section-height-default\" data-id=\"eddac63\" data-element_type=\"section\">\n\t\t\t\t\t\t<div class=\"elementor-container elementor-column-gap-default\">\n\t\t\t\t\t<div class=\"elementor-column elementor-col-100 elementor-inner-column elementor-element elementor-element-2ee38a7\" data-id=\"2ee38a7\" data-element_type=\"column\">\n\t\t\t<div class=\"elementor-widget-wrap elementor-element-populated\">\n\t\t\t\t\t\t<div class=\"elementor-element elementor-element-c409e40 elementor-widget-mobile__width-initial elementor-invisible elementor-widget elementor-widget-heading\" data-id=\"c409e40\" data-element_type=\"widget\" data-settings=\"{&quot;_animation&quot;:&quot;fadeInUp&quot;}\" data-widget_type=\"heading.default\">\n\t\t\t\t<div class=\"elementor-widget-container\">\n\t\t\t\t\t<h2 class=\"elementor-heading-title elementor-size-default\">Vorgehensweise<\/h2>\t\t\t\t<\/div>\n\t\t\t\t<\/div>\n\t\t\t\t\t<\/div>\n\t\t<\/div>\n\t\t\t\t\t<\/div>\n\t\t<\/section>\n\t\t\t\t\t<\/div>\n\t\t<\/div>\n\t\t\t\t\t<\/div>\n\t\t<\/section>\n\t\t<div class=\"elementor-element elementor-element-7b6186a e-flex e-con-boxed e-con e-parent\" data-id=\"7b6186a\" data-element_type=\"container\">\n\t\t\t\t\t<div class=\"e-con-inner\">\n\t\t\t\t<div class=\"elementor-element elementor-element-a3591c6 elementor-widget elementor-widget-text-editor\" data-id=\"a3591c6\" data-element_type=\"widget\" data-widget_type=\"text-editor.default\">\n\t\t\t\t<div class=\"elementor-widget-container\">\n\t\t\t\t\t\t\t\t\t<p>Das erste Kapitel beginnt mit der Einleitung in der die Aufgabenstellung, das Projektteam und dessen Vorgehensweise dargestellt wird. Im Anschluss wird im zweiten Kapitel auf die Grundlagen des Data Minings eingegangen. Hierzu wird der Begriff Big Data erkl\u00e4rt und eine Einf\u00fchrung in das Wesen des Data Minings vorgestellt. Ein weiterer Unterpunkt beinhaltet die Einarbeitung in das Programm RapidMiner. Dar\u00fcber hinaus werden die vielf\u00e4ltigen Einsatzm\u00f6glichkeiten dieser Software erl\u00e4utert. Das n\u00e4chste Kapitel behandelt das Fallbeispiel \u201eBonit\u00e4tspr\u00fcfung\u201c. Zun\u00e4chst wird das Thema erkl\u00e4rt und die Auswahlkriterien des Projektteams f\u00fcr das Fallbeispiel verdeutlicht. Anschlie\u00dfend wird das ausgew\u00e4hlte Fallbeispiel mit Hilfe der E-Business Software RapidMiner angewendet. Am Ende des Kapitels steht die Auswertung und Analyse der erhobenen Daten. Die erarbeiteten und gesammelten Erkenntnisse werden im vierten Teil zusammenfassend genannt und durch einen Ausblick abgerundet.<\/p>\t\t\t\t\t\t\t\t<\/div>\n\t\t\t\t<\/div>\n\t\t\t\t\t<\/div>\n\t\t\t\t<\/div>\n\t\t<div class=\"elementor-element elementor-element-3a3e067 e-flex e-con-boxed e-con e-parent\" data-id=\"3a3e067\" data-element_type=\"container\">\n\t\t\t\t\t<div class=\"e-con-inner\">\n\t\t\t\t<div class=\"elementor-element elementor-element-685cd49 elementor-widget elementor-widget-spacer\" data-id=\"685cd49\" data-element_type=\"widget\" data-widget_type=\"spacer.default\">\n\t\t\t\t<div class=\"elementor-widget-container\">\n\t\t\t\t\t\t\t<div class=\"elementor-spacer\">\n\t\t\t<div class=\"elementor-spacer-inner\"><\/div>\n\t\t<\/div>\n\t\t\t\t\t\t<\/div>\n\t\t\t\t<\/div>\n\t\t\t\t\t<\/div>\n\t\t\t\t<\/div>\n\t\t\t\t<\/div>\n\t\t","protected":false},"excerpt":{"rendered":"<p>Bonit\u00e4tspr\u00fcfung mit dem RapidMiner Aufgabenstellung Im Rahmen der Vorlesung \u201eBetriebliche Informationssysteme\u201c bei Herrn Prof. Dr. H\u00e4rting im Studiengang Betriebswirtschaftslehre f\u00fcr KMU an der Hochschule Aalen wurden den Studierenden einige Informationssysteme vorgestellt. Im weiteren Verlauf der Vorlesung wurden die Studierenden dazu angehalten, Projektteams zu bilden und innerhalb dieser Teams eine Projektarbeit zu erstellen. Nach kurzer Bedenkzeit [&hellip;]<\/p>\n","protected":false},"author":1,"featured_media":0,"parent":0,"menu_order":0,"comment_status":"closed","ping_status":"closed","template":"","meta":{"ocean_post_layout":"full-screen","ocean_both_sidebars_style":"","ocean_both_sidebars_content_width":0,"ocean_both_sidebars_sidebars_width":0,"ocean_sidebar":"0","ocean_second_sidebar":"0","ocean_disable_margins":"enable","ocean_add_body_class":"","ocean_shortcode_before_top_bar":"","ocean_shortcode_after_top_bar":"","ocean_shortcode_before_header":"","ocean_shortcode_after_header":"","ocean_has_shortcode":"","ocean_shortcode_after_title":"","ocean_shortcode_before_footer_widgets":"","ocean_shortcode_after_footer_widgets":"","ocean_shortcode_before_footer_bottom":"","ocean_shortcode_after_footer_bottom":"","ocean_display_top_bar":"off","ocean_display_header":"default","ocean_header_style":"","ocean_center_header_left_menu":"0","ocean_custom_header_template":"0","ocean_custom_logo":0,"ocean_custom_retina_logo":0,"ocean_custom_logo_max_width":0,"ocean_custom_logo_tablet_max_width":0,"ocean_custom_logo_mobile_max_width":0,"ocean_custom_logo_max_height":0,"ocean_custom_logo_tablet_max_height":0,"ocean_custom_logo_mobile_max_height":0,"ocean_header_custom_menu":"0","ocean_menu_typo_font_family":"0","ocean_menu_typo_font_subset":"","ocean_menu_typo_font_size":0,"ocean_menu_typo_font_size_tablet":0,"ocean_menu_typo_font_size_mobile":0,"ocean_menu_typo_font_size_unit":"px","ocean_menu_typo_font_weight":"","ocean_menu_typo_font_weight_tablet":"","ocean_menu_typo_font_weight_mobile":"","ocean_menu_typo_transform":"","ocean_menu_typo_transform_tablet":"","ocean_menu_typo_transform_mobile":"","ocean_menu_typo_line_height":0,"ocean_menu_typo_line_height_tablet":0,"ocean_menu_typo_line_height_mobile":0,"ocean_menu_typo_line_height_unit":"","ocean_menu_typo_spacing":0,"ocean_menu_typo_spacing_tablet":0,"ocean_menu_typo_spacing_mobile":0,"ocean_menu_typo_spacing_unit":"","ocean_menu_link_color":"","ocean_menu_link_color_hover":"","ocean_menu_link_color_active":"","ocean_menu_link_background":"","ocean_menu_link_hover_background":"","ocean_menu_link_active_background":"","ocean_menu_social_links_bg":"","ocean_menu_social_hover_links_bg":"","ocean_menu_social_links_color":"","ocean_menu_social_hover_links_color":"","ocean_disable_title":"on","ocean_disable_heading":"default","ocean_post_title":"","ocean_post_subheading":"","ocean_post_title_style":"","ocean_post_title_background_color":"","ocean_post_title_background":0,"ocean_post_title_bg_image_position":"","ocean_post_title_bg_image_attachment":"","ocean_post_title_bg_image_repeat":"","ocean_post_title_bg_image_size":"","ocean_post_title_height":0,"ocean_post_title_bg_overlay":0.5,"ocean_post_title_bg_overlay_color":"","ocean_disable_breadcrumbs":"default","ocean_breadcrumbs_color":"","ocean_breadcrumbs_separator_color":"","ocean_breadcrumbs_links_color":"","ocean_breadcrumbs_links_hover_color":"","ocean_display_footer_widgets":"off","ocean_display_footer_bottom":"off","ocean_custom_footer_template":"0","footnotes":""},"class_list":["post-52","page","type-page","status-publish","hentry","entry"],"_links":{"self":[{"href":"http:\/\/www.kmu-aalen.de\/kmu\/wp-json\/wp\/v2\/pages\/52","targetHints":{"allow":["GET"]}}],"collection":[{"href":"http:\/\/www.kmu-aalen.de\/kmu\/wp-json\/wp\/v2\/pages"}],"about":[{"href":"http:\/\/www.kmu-aalen.de\/kmu\/wp-json\/wp\/v2\/types\/page"}],"author":[{"embeddable":true,"href":"http:\/\/www.kmu-aalen.de\/kmu\/wp-json\/wp\/v2\/users\/1"}],"replies":[{"embeddable":true,"href":"http:\/\/www.kmu-aalen.de\/kmu\/wp-json\/wp\/v2\/comments?post=52"}],"version-history":[{"count":10,"href":"http:\/\/www.kmu-aalen.de\/kmu\/wp-json\/wp\/v2\/pages\/52\/revisions"}],"predecessor-version":[{"id":1988,"href":"http:\/\/www.kmu-aalen.de\/kmu\/wp-json\/wp\/v2\/pages\/52\/revisions\/1988"}],"wp:attachment":[{"href":"http:\/\/www.kmu-aalen.de\/kmu\/wp-json\/wp\/v2\/media?parent=52"}],"curies":[{"name":"wp","href":"https:\/\/api.w.org\/{rel}","templated":true}]}}