{"id":48,"date":"2023-08-21T18:56:33","date_gmt":"2023-08-21T16:56:33","guid":{"rendered":"http:\/\/www.kmu-aalen.de\/kmu\/?page_id=48"},"modified":"2023-09-02T12:16:14","modified_gmt":"2023-09-02T10:16:14","slug":"ausbau-einer-internetpraesenz","status":"publish","type":"page","link":"http:\/\/www.kmu-aalen.de\/kmu\/ausbau-einer-internetpraesenz\/","title":{"rendered":"Ausbau einer Internetpr\u00e4senz"},"content":{"rendered":"\t\t<div data-elementor-type=\"wp-page\" data-elementor-id=\"48\" class=\"elementor elementor-48\">\n\t\t\t\t\t\t<header class=\"elementor-section elementor-top-section elementor-element elementor-element-2581f797 elementor-section-height-min-height elementor-section-boxed elementor-section-height-default elementor-section-items-middle\" data-id=\"2581f797\" data-element_type=\"section\" data-settings=\"{&quot;background_background&quot;:&quot;gradient&quot;}\">\n\t\t\t\t\t\t\t<div class=\"elementor-background-overlay\"><\/div>\n\t\t\t\t\t\t\t<div class=\"elementor-container elementor-column-gap-default\">\n\t\t\t\t\t<div class=\"elementor-column elementor-col-100 elementor-top-column elementor-element elementor-element-383f5ab5\" data-id=\"383f5ab5\" data-element_type=\"column\">\n\t\t\t<div class=\"elementor-widget-wrap elementor-element-populated\">\n\t\t\t\t\t\t<div class=\"elementor-element elementor-element-6ef8a655 elementor-widget__width-initial elementor-widget elementor-widget-heading\" data-id=\"6ef8a655\" data-element_type=\"widget\" data-widget_type=\"heading.default\">\n\t\t\t\t<div class=\"elementor-widget-container\">\n\t\t\t\t\t<h1 class=\"elementor-heading-title elementor-size-default\">Ausbau einer Internetpr\u00e4senz<\/h1>\t\t\t\t<\/div>\n\t\t\t\t<\/div>\n\t\t\t\t\t<\/div>\n\t\t<\/div>\n\t\t\t\t\t<\/div>\n\t\t<\/header>\n\t\t<div class=\"elementor-element elementor-element-2a31550 e-flex e-con-boxed e-con e-parent\" data-id=\"2a31550\" data-element_type=\"container\">\n\t\t\t\t\t<div class=\"e-con-inner\">\n\t\t\t\t<div class=\"elementor-element elementor-element-5ae9c71 elementor-widget elementor-widget-image\" data-id=\"5ae9c71\" data-element_type=\"widget\" data-widget_type=\"image.default\">\n\t\t\t\t<div class=\"elementor-widget-container\">\n\t\t\t\t\t\t\t\t\t\t\t\t\t\t\t<img fetchpriority=\"high\" decoding=\"async\" width=\"450\" height=\"134\" src=\"http:\/\/www.kmu-aalen.de\/kmu\/wp-content\/uploads\/2023\/08\/9.Transfertag.jpg\" class=\"attachment-large size-large wp-image-705\" alt=\"\" srcset=\"http:\/\/www.kmu-aalen.de\/kmu\/wp-content\/uploads\/2023\/08\/9.Transfertag.jpg 450w, http:\/\/www.kmu-aalen.de\/kmu\/wp-content\/uploads\/2023\/08\/9.Transfertag-300x89.jpg 300w\" sizes=\"(max-width: 450px) 100vw, 450px\" \/>\t\t\t\t\t\t\t\t\t\t\t\t\t\t\t<\/div>\n\t\t\t\t<\/div>\n\t\t\t\t\t<\/div>\n\t\t\t\t<\/div>\n\t\t\t\t<section class=\"elementor-section elementor-top-section elementor-element elementor-element-560a15f9 elementor-section-boxed elementor-section-height-default elementor-section-height-default\" data-id=\"560a15f9\" data-element_type=\"section\" data-settings=\"{&quot;background_background&quot;:&quot;classic&quot;}\">\n\t\t\t\t\t\t<div class=\"elementor-container elementor-column-gap-default\">\n\t\t\t\t\t<div class=\"elementor-column elementor-col-100 elementor-top-column elementor-element elementor-element-100e8291\" data-id=\"100e8291\" data-element_type=\"column\">\n\t\t\t<div class=\"elementor-widget-wrap elementor-element-populated\">\n\t\t\t\t\t\t<section class=\"elementor-section elementor-inner-section elementor-element elementor-element-1e71546c elementor-section-boxed elementor-section-height-default elementor-section-height-default\" data-id=\"1e71546c\" data-element_type=\"section\">\n\t\t\t\t\t\t<div class=\"elementor-container elementor-column-gap-default\">\n\t\t\t\t\t<div class=\"elementor-column elementor-col-100 elementor-inner-column elementor-element elementor-element-6a177c8a\" data-id=\"6a177c8a\" data-element_type=\"column\">\n\t\t\t<div class=\"elementor-widget-wrap elementor-element-populated\">\n\t\t\t\t\t\t<div class=\"elementor-element elementor-element-6c3f5575 elementor-widget-mobile__width-initial elementor-invisible elementor-widget elementor-widget-heading\" data-id=\"6c3f5575\" data-element_type=\"widget\" data-settings=\"{&quot;_animation&quot;:&quot;fadeInUp&quot;}\" data-widget_type=\"heading.default\">\n\t\t\t\t<div class=\"elementor-widget-container\">\n\t\t\t\t\t<h2 class=\"elementor-heading-title elementor-size-default\">Aufgabenstellung und Zielsetzung<\/h2>\t\t\t\t<\/div>\n\t\t\t\t<\/div>\n\t\t\t\t\t<\/div>\n\t\t<\/div>\n\t\t\t\t\t<\/div>\n\t\t<\/section>\n\t\t\t\t\t<\/div>\n\t\t<\/div>\n\t\t\t\t\t<\/div>\n\t\t<\/section>\n\t\t<div class=\"elementor-element elementor-element-2ef6dc4 e-flex e-con-boxed e-con e-parent\" data-id=\"2ef6dc4\" data-element_type=\"container\">\n\t\t\t\t\t<div class=\"e-con-inner\">\n\t\t\t\t<div class=\"elementor-element elementor-element-6059326 elementor-widget elementor-widget-text-editor\" data-id=\"6059326\" data-element_type=\"widget\" data-widget_type=\"text-editor.default\">\n\t\t\t\t<div class=\"elementor-widget-container\">\n\t\t\t\t\t\t\t\t\t<p>Aufgrund der immer schneller fortschreitenden technologischen Entwicklung, welche u.a. durch die hohe Anzahl der Internetnutzer ersichtlich wird, ver\u00e4ndert sich auch zunehmend das Marktumfeld der Unternehmen. Beispielsweise entstehen durch die Digitalisierung neue Vertriebswege bzw. Marktzug\u00e4nge und die Wettbewerbssituation wird zunehmend globaler. Um diesen neuen Herausforderungen gerecht zu werden, m\u00fcssen Unternehmen ihre bestehenden Gesch\u00e4ftsmodelle \u00fcberdenken und Anpassungen vornehmen. Ein Aspekt hierbei besteht darin, die Internetpr\u00e4senz auszubauen, um die Zielgruppen besser zu erreichen sowie auf dem globalen Markt wettbewerbsf\u00e4hig zu bleiben.<\/p><p>Diese und weitere Themen stellen den Dreh- und Angelpunkt des 9. Transfertages \u201eDigitale Transformation \u2013 Smart Product World und Neue Gesch\u00e4ftsmodelle\u201c des Studiengangs \u201eBetriebswirtschaft f\u00fcr kleine und mittlere Unternehmen\u201c dar.<\/p><p>Der Transfertag dient dem Austausch von Wissen zwischen der regionalen Wirtschaft und der Hochschule Aalen. Mittels einer Homepage ist es m\u00f6glich, diesen Transfer zu unterst\u00fctzen. Sowohl die Ergebnisse des Transfertags, als auch Informationen werden dort im Vorfeld zur Verf\u00fcgung gestellt.<\/p><p>Daraus resultiert als Ziel des Projekts der Ausbau einer Internetpr\u00e4senz, um die wichtigen Informationen rund um den Transfertag zu aktualisieren und nach au\u00dfen zu kommunizieren. Unterst\u00fctzt wird dies durch die Verlinkungen auf der Website und dem Aufbau einer Pr\u00e4senz auf Facebook. Diese dient dazu sowohl auf den Transfertag, als auch auf die dazugeh\u00f6rige Website aufmerksam zu machen. Ein Vorteil dieser Vorgehensweise ist die Erweiterung der Reichweite in der Zielgruppenansprache.<\/p><p>Mit Hilfe des Content Management Systems WordPress wird die bestehende Seite www.transfertag.de umgestaltet und erweitert. Die Struktur der Website soll insofern angepasst werden, dass alle relevanten Inhalte schnell und einfach abrufbar sowie aktualisierbar sind. Zudem soll es dem Besucher erm\u00f6glicht werden, durch neue Reiter, beispielsweise einer Bildergalerie, vorab einen Eindruck der Veranstaltung zu erhalten.<\/p>\t\t\t\t\t\t\t\t<\/div>\n\t\t\t\t<\/div>\n\t\t\t\t\t<\/div>\n\t\t\t\t<\/div>\n\t\t\t\t<section class=\"elementor-section elementor-top-section elementor-element elementor-element-070f011 elementor-section-boxed elementor-section-height-default elementor-section-height-default\" data-id=\"070f011\" data-element_type=\"section\" data-settings=\"{&quot;background_background&quot;:&quot;classic&quot;}\">\n\t\t\t\t\t\t<div class=\"elementor-container elementor-column-gap-default\">\n\t\t\t\t\t<div class=\"elementor-column elementor-col-100 elementor-top-column elementor-element elementor-element-a4c1f3d\" data-id=\"a4c1f3d\" data-element_type=\"column\">\n\t\t\t<div class=\"elementor-widget-wrap elementor-element-populated\">\n\t\t\t\t\t\t<section class=\"elementor-section elementor-inner-section elementor-element elementor-element-6c57db9 elementor-section-boxed elementor-section-height-default elementor-section-height-default\" data-id=\"6c57db9\" data-element_type=\"section\">\n\t\t\t\t\t\t<div class=\"elementor-container elementor-column-gap-default\">\n\t\t\t\t\t<div class=\"elementor-column elementor-col-100 elementor-inner-column elementor-element elementor-element-41d8311\" data-id=\"41d8311\" data-element_type=\"column\">\n\t\t\t<div class=\"elementor-widget-wrap elementor-element-populated\">\n\t\t\t\t\t\t<div class=\"elementor-element elementor-element-9d22a96 elementor-widget-mobile__width-initial elementor-invisible elementor-widget elementor-widget-heading\" data-id=\"9d22a96\" data-element_type=\"widget\" data-settings=\"{&quot;_animation&quot;:&quot;fadeInUp&quot;}\" data-widget_type=\"heading.default\">\n\t\t\t\t<div class=\"elementor-widget-container\">\n\t\t\t\t\t<h2 class=\"elementor-heading-title elementor-size-default\">Vorgehensweise<\/h2>\t\t\t\t<\/div>\n\t\t\t\t<\/div>\n\t\t\t\t\t<\/div>\n\t\t<\/div>\n\t\t\t\t\t<\/div>\n\t\t<\/section>\n\t\t\t\t\t<\/div>\n\t\t<\/div>\n\t\t\t\t\t<\/div>\n\t\t<\/section>\n\t\t<div class=\"elementor-element elementor-element-9f4448b e-flex e-con-boxed e-con e-parent\" data-id=\"9f4448b\" data-element_type=\"container\">\n\t\t\t\t\t<div class=\"e-con-inner\">\n\t\t\t\t<div class=\"elementor-element elementor-element-e9ac1a4 elementor-widget elementor-widget-text-editor\" data-id=\"e9ac1a4\" data-element_type=\"widget\" data-widget_type=\"text-editor.default\">\n\t\t\t\t<div class=\"elementor-widget-container\">\n\t\t\t\t\t\t\t\t\t<p>Nach der abgeschlossenen Themenvergabe, erfolgt eine erste inhaltliche Auseinandersetzung mit dem Thema \u201eAusbau einer Internetpr\u00e4senz am vorgegebenen Beispiel:<br \/>www.transfertag.de\u201c. Dabei verschaffen wir uns einen ersten \u00dcberblick \u00fcber den Ist-Zustand der Website des vergangenen Transfertags 2016. Basierend darauf erstellen wir eine vorl\u00e4ufige Gliederung sowie einen Aufgaben- und Terminplan. In diesem kombinierten Plan werden die einzelnen Arbeitspakete definiert und der damit verbundene Zeitaufwand gesch\u00e4tzt. F\u00fcr jede einzelne Aufgabe wird zus\u00e4tzlich ein Verantwortlicher festgelegt, der die Einhaltung der Termine \u00fcberwacht. Dar\u00fcber hinaus wird ein Expos\u00e9 verfasst, welches wie die anderen Dokumente zur Orientierung dienen soll.<\/p><p>Der Ausbau der Website \u201ewww.transfertag.de\u201c erfolgt mit Hilfe des Content Management Systems WordPress. Unser Hauptaugenmerk legen wir dabei auf die Aktualisierung des Contents und die Erweiterung der Website um neue Funktionen. Des Weiteren wird die Internetpr\u00e4senz des Transfertags via Facebook aufgebaut.<\/p><p>Anhand eines Workshops stellt das Projektteam die Besonderheiten der Arbeit mit WordPress vor und begleitet die Kommilitonen durch ein selbst zu erarbeitendes Anwendungsbeispiel.<\/p><p>Der letzte Meilenstein des Projekts liegt in der Abgabe des Projektberichts, in dem ersichtlich wird, wie das Team zur Bew\u00e4ltigung der Aufgabenstellung vorgegangen ist.<\/p>\t\t\t\t\t\t\t\t<\/div>\n\t\t\t\t<\/div>\n\t\t\t\t<div class=\"elementor-element elementor-element-0067b94 elementor-widget elementor-widget-spacer\" data-id=\"0067b94\" data-element_type=\"widget\" data-widget_type=\"spacer.default\">\n\t\t\t\t<div class=\"elementor-widget-container\">\n\t\t\t\t\t\t\t<div class=\"elementor-spacer\">\n\t\t\t<div class=\"elementor-spacer-inner\"><\/div>\n\t\t<\/div>\n\t\t\t\t\t\t<\/div>\n\t\t\t\t<\/div>\n\t\t\t\t\t<\/div>\n\t\t\t\t<\/div>\n\t\t<div class=\"elementor-element elementor-element-92a1ce6 e-flex e-con-boxed e-con e-parent\" data-id=\"92a1ce6\" data-element_type=\"container\">\n\t\t\t\t\t<div class=\"e-con-inner\">\n\t\t\t\t<div class=\"elementor-element elementor-element-650f0c7 elementor-widget elementor-widget-heading\" data-id=\"650f0c7\" data-element_type=\"widget\" data-widget_type=\"heading.default\">\n\t\t\t\t<div class=\"elementor-widget-container\">\n\t\t\t\t\t<h2 class=\"elementor-heading-title elementor-size-default\">Sind Sie neugierig geworden ? Besuchen Sie unsere Website!<\/h2>\t\t\t\t<\/div>\n\t\t\t\t<\/div>\n\t\t\t\t<div class=\"elementor-element elementor-element-a1759c4 elementor-widget elementor-widget-button\" data-id=\"a1759c4\" data-element_type=\"widget\" data-widget_type=\"button.default\">\n\t\t\t\t<div class=\"elementor-widget-container\">\n\t\t\t\t\t\t\t\t\t<div class=\"elementor-button-wrapper\">\n\t\t\t\t\t<a class=\"elementor-button elementor-button-link elementor-size-sm elementor-animation-grow-rotate\" href=\"http:\/\/transfertag.de\/\" target=\"_blank\">\n\t\t\t\t\t\t<span class=\"elementor-button-content-wrapper\">\n\t\t\t\t\t\t<span class=\"elementor-button-icon\">\n\t\t\t\t<i aria-hidden=\"true\" class=\"fas fa-external-link-alt\"><\/i>\t\t\t<\/span>\n\t\t\t\t\t\t\t\t\t<span class=\"elementor-button-text\">zur Website<\/span>\n\t\t\t\t\t<\/span>\n\t\t\t\t\t<\/a>\n\t\t\t\t<\/div>\n\t\t\t\t\t\t\t\t<\/div>\n\t\t\t\t<\/div>\n\t\t\t\t\t<\/div>\n\t\t\t\t<\/div>\n\t\t<div class=\"elementor-element elementor-element-14341a6 e-flex e-con-boxed e-con e-parent\" data-id=\"14341a6\" data-element_type=\"container\">\n\t\t\t\t\t<div class=\"e-con-inner\">\n\t\t\t\t<div class=\"elementor-element elementor-element-046c9c0 elementor-widget elementor-widget-spacer\" data-id=\"046c9c0\" data-element_type=\"widget\" data-widget_type=\"spacer.default\">\n\t\t\t\t<div class=\"elementor-widget-container\">\n\t\t\t\t\t\t\t<div class=\"elementor-spacer\">\n\t\t\t<div class=\"elementor-spacer-inner\"><\/div>\n\t\t<\/div>\n\t\t\t\t\t\t<\/div>\n\t\t\t\t<\/div>\n\t\t\t\t\t<\/div>\n\t\t\t\t<\/div>\n\t\t\t\t<\/div>\n\t\t","protected":false},"excerpt":{"rendered":"<p>Ausbau einer Internetpr\u00e4senz Aufgabenstellung und Zielsetzung Aufgrund der immer schneller fortschreitenden technologischen Entwicklung, welche u.a. durch die hohe Anzahl der Internetnutzer ersichtlich wird, ver\u00e4ndert sich auch zunehmend das Marktumfeld der Unternehmen. Beispielsweise entstehen durch die Digitalisierung neue Vertriebswege bzw. Marktzug\u00e4nge und die Wettbewerbssituation wird zunehmend globaler. Um diesen neuen Herausforderungen gerecht zu werden, m\u00fcssen Unternehmen [&hellip;]<\/p>\n","protected":false},"author":1,"featured_media":0,"parent":0,"menu_order":0,"comment_status":"closed","ping_status":"closed","template":"","meta":{"ocean_post_layout":"full-screen","ocean_both_sidebars_style":"","ocean_both_sidebars_content_width":0,"ocean_both_sidebars_sidebars_width":0,"ocean_sidebar":"0","ocean_second_sidebar":"0","ocean_disable_margins":"enable","ocean_add_body_class":"","ocean_shortcode_before_top_bar":"","ocean_shortcode_after_top_bar":"","ocean_shortcode_before_header":"","ocean_shortcode_after_header":"","ocean_has_shortcode":"","ocean_shortcode_after_title":"","ocean_shortcode_before_footer_widgets":"","ocean_shortcode_after_footer_widgets":"","ocean_shortcode_before_footer_bottom":"","ocean_shortcode_after_footer_bottom":"","ocean_display_top_bar":"off","ocean_display_header":"default","ocean_header_style":"","ocean_center_header_left_menu":"0","ocean_custom_header_template":"0","ocean_custom_logo":0,"ocean_custom_retina_logo":0,"ocean_custom_logo_max_width":0,"ocean_custom_logo_tablet_max_width":0,"ocean_custom_logo_mobile_max_width":0,"ocean_custom_logo_max_height":0,"ocean_custom_logo_tablet_max_height":0,"ocean_custom_logo_mobile_max_height":0,"ocean_header_custom_menu":"0","ocean_menu_typo_font_family":"0","ocean_menu_typo_font_subset":"","ocean_menu_typo_font_size":0,"ocean_menu_typo_font_size_tablet":0,"ocean_menu_typo_font_size_mobile":0,"ocean_menu_typo_font_size_unit":"px","ocean_menu_typo_font_weight":"","ocean_menu_typo_font_weight_tablet":"","ocean_menu_typo_font_weight_mobile":"","ocean_menu_typo_transform":"","ocean_menu_typo_transform_tablet":"","ocean_menu_typo_transform_mobile":"","ocean_menu_typo_line_height":0,"ocean_menu_typo_line_height_tablet":0,"ocean_menu_typo_line_height_mobile":0,"ocean_menu_typo_line_height_unit":"","ocean_menu_typo_spacing":0,"ocean_menu_typo_spacing_tablet":0,"ocean_menu_typo_spacing_mobile":0,"ocean_menu_typo_spacing_unit":"","ocean_menu_link_color":"","ocean_menu_link_color_hover":"","ocean_menu_link_color_active":"","ocean_menu_link_background":"","ocean_menu_link_hover_background":"","ocean_menu_link_active_background":"","ocean_menu_social_links_bg":"","ocean_menu_social_hover_links_bg":"","ocean_menu_social_links_color":"","ocean_menu_social_hover_links_color":"","ocean_disable_title":"on","ocean_disable_heading":"default","ocean_post_title":"","ocean_post_subheading":"","ocean_post_title_style":"","ocean_post_title_background_color":"","ocean_post_title_background":0,"ocean_post_title_bg_image_position":"","ocean_post_title_bg_image_attachment":"","ocean_post_title_bg_image_repeat":"","ocean_post_title_bg_image_size":"","ocean_post_title_height":0,"ocean_post_title_bg_overlay":0.5,"ocean_post_title_bg_overlay_color":"","ocean_disable_breadcrumbs":"default","ocean_breadcrumbs_color":"","ocean_breadcrumbs_separator_color":"","ocean_breadcrumbs_links_color":"","ocean_breadcrumbs_links_hover_color":"","ocean_display_footer_widgets":"off","ocean_display_footer_bottom":"off","ocean_custom_footer_template":"0","footnotes":""},"class_list":["post-48","page","type-page","status-publish","hentry","entry"],"_links":{"self":[{"href":"http:\/\/www.kmu-aalen.de\/kmu\/wp-json\/wp\/v2\/pages\/48","targetHints":{"allow":["GET"]}}],"collection":[{"href":"http:\/\/www.kmu-aalen.de\/kmu\/wp-json\/wp\/v2\/pages"}],"about":[{"href":"http:\/\/www.kmu-aalen.de\/kmu\/wp-json\/wp\/v2\/types\/page"}],"author":[{"embeddable":true,"href":"http:\/\/www.kmu-aalen.de\/kmu\/wp-json\/wp\/v2\/users\/1"}],"replies":[{"embeddable":true,"href":"http:\/\/www.kmu-aalen.de\/kmu\/wp-json\/wp\/v2\/comments?post=48"}],"version-history":[{"count":25,"href":"http:\/\/www.kmu-aalen.de\/kmu\/wp-json\/wp\/v2\/pages\/48\/revisions"}],"predecessor-version":[{"id":2126,"href":"http:\/\/www.kmu-aalen.de\/kmu\/wp-json\/wp\/v2\/pages\/48\/revisions\/2126"}],"wp:attachment":[{"href":"http:\/\/www.kmu-aalen.de\/kmu\/wp-json\/wp\/v2\/media?parent=48"}],"curies":[{"name":"wp","href":"https:\/\/api.w.org\/{rel}","templated":true}]}}