{"id":46,"date":"2023-08-21T18:55:49","date_gmt":"2023-08-21T16:55:49","guid":{"rendered":"http:\/\/www.kmu-aalen.de\/kmu\/?page_id=46"},"modified":"2023-08-26T22:37:40","modified_gmt":"2023-08-26T20:37:40","slug":"ueberblicksseite-zum-transfertag","status":"publish","type":"page","link":"http:\/\/www.kmu-aalen.de\/kmu\/ueberblicksseite-zum-transfertag\/","title":{"rendered":"\u00dcberblicksseite zum Transfertag"},"content":{"rendered":"\t\t<div data-elementor-type=\"wp-page\" data-elementor-id=\"46\" class=\"elementor elementor-46\">\n\t\t\t\t\t\t<header class=\"elementor-section elementor-top-section elementor-element elementor-element-6028cdd elementor-section-height-min-height elementor-section-boxed elementor-section-height-default elementor-section-items-middle\" data-id=\"6028cdd\" data-element_type=\"section\" data-settings=\"{&quot;background_background&quot;:&quot;gradient&quot;}\">\n\t\t\t\t\t\t\t<div class=\"elementor-background-overlay\"><\/div>\n\t\t\t\t\t\t\t<div class=\"elementor-container elementor-column-gap-default\">\n\t\t\t\t\t<div class=\"elementor-column elementor-col-100 elementor-top-column elementor-element elementor-element-1b7f1cbe\" data-id=\"1b7f1cbe\" data-element_type=\"column\">\n\t\t\t<div class=\"elementor-widget-wrap elementor-element-populated\">\n\t\t\t\t\t\t<div class=\"elementor-element elementor-element-147e6569 elementor-widget__width-initial elementor-widget elementor-widget-heading\" data-id=\"147e6569\" data-element_type=\"widget\" data-widget_type=\"heading.default\">\n\t\t\t\t<div class=\"elementor-widget-container\">\n\t\t\t\t\t<h1 class=\"elementor-heading-title elementor-size-default\">\u00dcberblicksseite zum Transfertag<\/h1>\t\t\t\t<\/div>\n\t\t\t\t<\/div>\n\t\t\t\t\t<\/div>\n\t\t<\/div>\n\t\t\t\t\t<\/div>\n\t\t<\/header>\n\t\t\t\t<section class=\"elementor-section elementor-top-section elementor-element elementor-element-56c9eec9 elementor-section-boxed elementor-section-height-default elementor-section-height-default\" data-id=\"56c9eec9\" data-element_type=\"section\" data-settings=\"{&quot;background_background&quot;:&quot;classic&quot;}\">\n\t\t\t\t\t\t<div class=\"elementor-container elementor-column-gap-default\">\n\t\t\t\t\t<div class=\"elementor-column elementor-col-100 elementor-top-column elementor-element elementor-element-21dd2acc\" data-id=\"21dd2acc\" data-element_type=\"column\">\n\t\t\t<div class=\"elementor-widget-wrap elementor-element-populated\">\n\t\t\t\t\t\t<section class=\"elementor-section elementor-inner-section elementor-element elementor-element-6e379521 elementor-section-boxed elementor-section-height-default elementor-section-height-default\" data-id=\"6e379521\" data-element_type=\"section\">\n\t\t\t\t\t\t<div class=\"elementor-container elementor-column-gap-default\">\n\t\t\t\t\t<div class=\"elementor-column elementor-col-100 elementor-inner-column elementor-element elementor-element-2f90b5de\" data-id=\"2f90b5de\" data-element_type=\"column\">\n\t\t\t<div class=\"elementor-widget-wrap elementor-element-populated\">\n\t\t\t\t\t\t<div class=\"elementor-element elementor-element-3d6da178 elementor-widget-mobile__width-initial elementor-invisible elementor-widget elementor-widget-heading\" data-id=\"3d6da178\" data-element_type=\"widget\" data-settings=\"{&quot;_animation&quot;:&quot;fadeInUp&quot;}\" data-widget_type=\"heading.default\">\n\t\t\t\t<div class=\"elementor-widget-container\">\n\t\t\t\t\t<h2 class=\"elementor-heading-title elementor-size-default\">Aufbau und Bekanntmachung einer \u00dcberblicksseite f\u00fcr eine Internetpr\u00e4senz am vorgegebenen Fallbeispiel<\/h2>\t\t\t\t<\/div>\n\t\t\t\t<\/div>\n\t\t\t\t\t<\/div>\n\t\t<\/div>\n\t\t\t\t\t<\/div>\n\t\t<\/section>\n\t\t\t\t\t<\/div>\n\t\t<\/div>\n\t\t\t\t\t<\/div>\n\t\t<\/section>\n\t\t<div class=\"elementor-element elementor-element-d1a353f e-flex e-con-boxed e-con e-parent\" data-id=\"d1a353f\" data-element_type=\"container\">\n\t\t\t\t\t<div class=\"e-con-inner\">\n\t\t\t\t<div class=\"elementor-element elementor-element-daacb3a elementor-widget elementor-widget-image\" data-id=\"daacb3a\" data-element_type=\"widget\" data-widget_type=\"image.default\">\n\t\t\t\t<div class=\"elementor-widget-container\">\n\t\t\t\t\t\t\t\t\t\t\t\t\t\t\t<img fetchpriority=\"high\" decoding=\"async\" width=\"768\" height=\"347\" src=\"http:\/\/www.kmu-aalen.de\/kmu\/wp-content\/uploads\/2023\/08\/Informieren-und-austauschen-1018x460-768x347-1.png\" class=\"attachment-large size-large wp-image-696\" alt=\"\" srcset=\"http:\/\/www.kmu-aalen.de\/kmu\/wp-content\/uploads\/2023\/08\/Informieren-und-austauschen-1018x460-768x347-1.png 768w, http:\/\/www.kmu-aalen.de\/kmu\/wp-content\/uploads\/2023\/08\/Informieren-und-austauschen-1018x460-768x347-1-300x136.png 300w\" sizes=\"(max-width: 768px) 100vw, 768px\" \/>\t\t\t\t\t\t\t\t\t\t\t\t\t\t\t<\/div>\n\t\t\t\t<\/div>\n\t\t\t\t\t<\/div>\n\t\t\t\t<\/div>\n\t\t<div class=\"elementor-element elementor-element-0d580e4 e-flex e-con-boxed e-con e-parent\" data-id=\"0d580e4\" data-element_type=\"container\">\n\t\t\t\t\t<div class=\"e-con-inner\">\n\t\t\t\t<div class=\"elementor-element elementor-element-1397a45 elementor-widget elementor-widget-text-editor\" data-id=\"1397a45\" data-element_type=\"widget\" data-widget_type=\"text-editor.default\">\n\t\t\t\t<div class=\"elementor-widget-container\">\n\t\t\t\t\t\t\t\t\t<p>Im Rahmen der Vorlesung \u201a\u201aBetriebliche Informationssysteme\u2018\u2018 bei Herrn Prof. Dr. H\u00e4rting im Studiengang\u00a0<em>Betriebswirtschaft f\u00fcr kleine und mittlere Unternehmen<\/em>\u00a0an der Hochschule Aalen, konnten die Studierenden Einblicke in die Bereiche E-Business und Business Software gewinnen. Ausgangspunkt f\u00fcr die vorliegende Projektarbeit ist die Veranstaltung des\u00a0<em>Transfertages.<\/em>\u00a0Dieser dient seit 2006 als Plattform f\u00fcr den Wissenstransfer von der Hochschule in die regionale Wirtschaft und f\u00fcr die F\u00f6rderung des Austausches von Know-how zwischen den Unternehmen.<\/p><p>Ziel der Projektgruppe ist es, einen animierten \u00dcberblick f\u00fcr die Website\u00a0<a href=\"http:\/\/www.transfertag.de\/\">www.transfertag.de<\/a>\u00a0f\u00fcr den neunten Transfertag zu geben und diesen als Startseite einzurichten. Die Erstellung und Gestaltung erfolgt mit WordPress. Zus\u00e4tzlich wird das Responsive Design verwendet.<\/p><p>Zu Beginn der Projektarbeit werden die Problemstellung sowie die Zielsetzung n\u00e4her erl\u00e4utert. Zus\u00e4tzlich wird die Vorgehensweise des Aufbaus und der Bekanntmachung der \u00dcberblicksseite beschrieben. Ebenso wird das Projektteam vorgestellt.<\/p><p>Anschlie\u00dfend f\u00fchrt die Projektgruppe eine Analyse der aktuellen Website\u00a0<a href=\"http:\/\/www.transfertag.de\/\">www.transfertag.de<\/a>, welche Informationen zum 8. Transfertag beinhaltet, durch. Diese dient als Vorlage f\u00fcr die Planung der \u00dcberblicksseite des 9. Transfertages. Anhand einer Zielgruppenanalyse und einem daraus resultierenden Anforderungsprofil f\u00fcr die Website rundet das Projektteam die Projektplanung ab.<\/p><p>Der Aufbau und die Gestaltung der Seite erfolgt in mehreren Schritten. F\u00fcr einen ersten Entwurf der \u00dcberblicksseite ben\u00f6tigt die Gruppe allgemeine Informationen \u00fcber den 9. Transfertag, zu welchen das Datum, das Programm, die Organisation, die Referenten, die Sponsoren sowie die Aussteller z\u00e4hlen. Diese erhalten sie von den Organisatoren und Verantwortlichen. Anhand dieser Informationen wird f\u00fcr die gestalterische Darstellung ein erstes Konzept erarbeitet und ein Gesamtentwurf erstellt. Dieser Entwurf wird im Laufe der Projektarbeit regelm\u00e4\u00dfig \u00fcberarbeitet und angepasst.<\/p><p>F\u00fcr die Umsetzung der \u00dcberblicksseite eignet sich das Projektteam Grundlagen in HTML, CSS, WordPress und Responsive Design an. Erforderlich sind auch Kenntnisse \u00fcber die Grundlagen zur Erstellung von Animationen, da die Seite mithilfe von Animationen als Eye-Catcher dienen soll. F\u00fcr die Bekanntmachung der Internetpr\u00e4senz werden Social Media Plugins eingebaut. Da die Erarbeitung der notwendigen Funktionen im Team erfolgt, wird neben der Fach- und Methodenkompetenz ebenfalls die Sozialkompetenz weiterentwickelt.<\/p><p>Das Team erstellt im Laufe der Projektarbeit parallel eine Pr\u00e4sentation sowie einen Workshop f\u00fcr die Kommilitonen, welcher Grundlagen von WordPress und die Gestaltung von Animationen aufzeigt.<\/p><p>Der Abschluss des gesamten Projektes bildet die Abgabe des Projektberichts, in dem die genaue Vorgehensweise des Teams schriftlich erl\u00e4utert wird.<\/p>\t\t\t\t\t\t\t\t<\/div>\n\t\t\t\t<\/div>\n\t\t\t\t\t<\/div>\n\t\t\t\t<\/div>\n\t\t<div class=\"elementor-element elementor-element-3cfa332 e-flex e-con-boxed e-con e-parent\" data-id=\"3cfa332\" data-element_type=\"container\">\n\t\t\t\t\t<div class=\"e-con-inner\">\n\t\t\t\t<div class=\"elementor-element elementor-element-cf3985d elementor-widget elementor-widget-spacer\" data-id=\"cf3985d\" data-element_type=\"widget\" data-widget_type=\"spacer.default\">\n\t\t\t\t<div class=\"elementor-widget-container\">\n\t\t\t\t\t\t\t<div class=\"elementor-spacer\">\n\t\t\t<div class=\"elementor-spacer-inner\"><\/div>\n\t\t<\/div>\n\t\t\t\t\t\t<\/div>\n\t\t\t\t<\/div>\n\t\t\t\t\t<\/div>\n\t\t\t\t<\/div>\n\t\t\t\t<\/div>\n\t\t","protected":false},"excerpt":{"rendered":"<p>\u00dcberblicksseite zum Transfertag Aufbau und Bekanntmachung einer \u00dcberblicksseite f\u00fcr eine Internetpr\u00e4senz am vorgegebenen Fallbeispiel Im Rahmen der Vorlesung \u201a\u201aBetriebliche Informationssysteme\u2018\u2018 bei Herrn Prof. Dr. H\u00e4rting im Studiengang\u00a0Betriebswirtschaft f\u00fcr kleine und mittlere Unternehmen\u00a0an der Hochschule Aalen, konnten die Studierenden Einblicke in die Bereiche E-Business und Business Software gewinnen. Ausgangspunkt f\u00fcr die vorliegende Projektarbeit ist die Veranstaltung [&hellip;]<\/p>\n","protected":false},"author":1,"featured_media":0,"parent":0,"menu_order":0,"comment_status":"closed","ping_status":"closed","template":"","meta":{"ocean_post_layout":"full-screen","ocean_both_sidebars_style":"","ocean_both_sidebars_content_width":0,"ocean_both_sidebars_sidebars_width":0,"ocean_sidebar":"0","ocean_second_sidebar":"0","ocean_disable_margins":"enable","ocean_add_body_class":"","ocean_shortcode_before_top_bar":"","ocean_shortcode_after_top_bar":"","ocean_shortcode_before_header":"","ocean_shortcode_after_header":"","ocean_has_shortcode":"","ocean_shortcode_after_title":"","ocean_shortcode_before_footer_widgets":"","ocean_shortcode_after_footer_widgets":"","ocean_shortcode_before_footer_bottom":"","ocean_shortcode_after_footer_bottom":"","ocean_display_top_bar":"off","ocean_display_header":"default","ocean_header_style":"","ocean_center_header_left_menu":"0","ocean_custom_header_template":"0","ocean_custom_logo":0,"ocean_custom_retina_logo":0,"ocean_custom_logo_max_width":0,"ocean_custom_logo_tablet_max_width":0,"ocean_custom_logo_mobile_max_width":0,"ocean_custom_logo_max_height":0,"ocean_custom_logo_tablet_max_height":0,"ocean_custom_logo_mobile_max_height":0,"ocean_header_custom_menu":"0","ocean_menu_typo_font_family":"0","ocean_menu_typo_font_subset":"","ocean_menu_typo_font_size":0,"ocean_menu_typo_font_size_tablet":0,"ocean_menu_typo_font_size_mobile":0,"ocean_menu_typo_font_size_unit":"px","ocean_menu_typo_font_weight":"","ocean_menu_typo_font_weight_tablet":"","ocean_menu_typo_font_weight_mobile":"","ocean_menu_typo_transform":"","ocean_menu_typo_transform_tablet":"","ocean_menu_typo_transform_mobile":"","ocean_menu_typo_line_height":0,"ocean_menu_typo_line_height_tablet":0,"ocean_menu_typo_line_height_mobile":0,"ocean_menu_typo_line_height_unit":"","ocean_menu_typo_spacing":0,"ocean_menu_typo_spacing_tablet":0,"ocean_menu_typo_spacing_mobile":0,"ocean_menu_typo_spacing_unit":"","ocean_menu_link_color":"","ocean_menu_link_color_hover":"","ocean_menu_link_color_active":"","ocean_menu_link_background":"","ocean_menu_link_hover_background":"","ocean_menu_link_active_background":"","ocean_menu_social_links_bg":"","ocean_menu_social_hover_links_bg":"","ocean_menu_social_links_color":"","ocean_menu_social_hover_links_color":"","ocean_disable_title":"on","ocean_disable_heading":"default","ocean_post_title":"","ocean_post_subheading":"","ocean_post_title_style":"","ocean_post_title_background_color":"","ocean_post_title_background":0,"ocean_post_title_bg_image_position":"","ocean_post_title_bg_image_attachment":"","ocean_post_title_bg_image_repeat":"","ocean_post_title_bg_image_size":"","ocean_post_title_height":0,"ocean_post_title_bg_overlay":0.5,"ocean_post_title_bg_overlay_color":"","ocean_disable_breadcrumbs":"default","ocean_breadcrumbs_color":"","ocean_breadcrumbs_separator_color":"","ocean_breadcrumbs_links_color":"","ocean_breadcrumbs_links_hover_color":"","ocean_display_footer_widgets":"off","ocean_display_footer_bottom":"off","ocean_custom_footer_template":"0","footnotes":""},"class_list":["post-46","page","type-page","status-publish","hentry","entry"],"_links":{"self":[{"href":"http:\/\/www.kmu-aalen.de\/kmu\/wp-json\/wp\/v2\/pages\/46","targetHints":{"allow":["GET"]}}],"collection":[{"href":"http:\/\/www.kmu-aalen.de\/kmu\/wp-json\/wp\/v2\/pages"}],"about":[{"href":"http:\/\/www.kmu-aalen.de\/kmu\/wp-json\/wp\/v2\/types\/page"}],"author":[{"embeddable":true,"href":"http:\/\/www.kmu-aalen.de\/kmu\/wp-json\/wp\/v2\/users\/1"}],"replies":[{"embeddable":true,"href":"http:\/\/www.kmu-aalen.de\/kmu\/wp-json\/wp\/v2\/comments?post=46"}],"version-history":[{"count":14,"href":"http:\/\/www.kmu-aalen.de\/kmu\/wp-json\/wp\/v2\/pages\/46\/revisions"}],"predecessor-version":[{"id":1979,"href":"http:\/\/www.kmu-aalen.de\/kmu\/wp-json\/wp\/v2\/pages\/46\/revisions\/1979"}],"wp:attachment":[{"href":"http:\/\/www.kmu-aalen.de\/kmu\/wp-json\/wp\/v2\/media?parent=46"}],"curies":[{"name":"wp","href":"https:\/\/api.w.org\/{rel}","templated":true}]}}