{"id":317,"date":"2023-08-23T12:46:19","date_gmt":"2023-08-23T10:46:19","guid":{"rendered":"http:\/\/www.kmu-aalen.de\/kmu\/?page_id=317"},"modified":"2026-01-15T15:51:32","modified_gmt":"2026-01-15T14:51:32","slug":"startseite-2","status":"publish","type":"page","link":"http:\/\/www.kmu-aalen.de\/kmu\/startseite-2\/","title":{"rendered":"Startseite"},"content":{"rendered":"\t\t<div data-elementor-type=\"wp-page\" data-elementor-id=\"317\" class=\"elementor elementor-317\">\n\t\t\t\t<div class=\"elementor-element elementor-element-706b8c1 e-flex e-con-boxed e-con e-parent\" data-id=\"706b8c1\" data-element_type=\"container\" data-settings=\"{&quot;background_background&quot;:&quot;gradient&quot;}\">\n\t\t\t\t\t<div class=\"e-con-inner\">\n\t\t<div class=\"elementor-element elementor-element-31977d5 e-flex e-con-boxed e-con e-child\" data-id=\"31977d5\" data-element_type=\"container\">\n\t\t\t\t\t<div class=\"e-con-inner\">\n\t\t\t\t<div class=\"elementor-element elementor-element-ae1c69d elementor-widget elementor-widget-heading\" data-id=\"ae1c69d\" data-element_type=\"widget\" data-widget_type=\"heading.default\">\n\t\t\t\t<div class=\"elementor-widget-container\">\n\t\t\t\t\t<h2 class=\"elementor-heading-title elementor-size-default\">Startseite<\/h2>\t\t\t\t<\/div>\n\t\t\t\t<\/div>\n\t\t\t\t\t<\/div>\n\t\t\t\t<\/div>\n\t\t<div class=\"elementor-element elementor-element-72598b0 e-con-full e-flex e-con e-child\" data-id=\"72598b0\" data-element_type=\"container\">\n\t\t\t\t<div class=\"elementor-element elementor-element-eb3958b elementor-widget elementor-widget-heading\" data-id=\"eb3958b\" data-element_type=\"widget\" data-widget_type=\"heading.default\">\n\t\t\t\t<div class=\"elementor-widget-container\">\n\t\t\t\t\t<h2 class=\"elementor-heading-title elementor-size-default\"><a href=\"http:\/\/www.kmu-aalen.de\/kmu\/cyberwup\/\">CyberWuP<\/a><\/h2>\t\t\t\t<\/div>\n\t\t\t\t<\/div>\n\t\t\t\t<\/div>\n\t\t\t\t\t<\/div>\n\t\t\t\t<\/div>\n\t\t<section class=\"elementor-element elementor-element-8bd343b e-flex e-con-boxed e-con e-parent\" data-id=\"8bd343b\" data-element_type=\"container\" data-settings=\"{&quot;background_background&quot;:&quot;classic&quot;}\">\n\t\t\t\t\t<div class=\"e-con-inner\">\n\t\t<div class=\"elementor-element elementor-element-f312526 e-con-full e-flex e-con e-child\" data-id=\"f312526\" data-element_type=\"container\">\n\t\t<div class=\"elementor-element elementor-element-940a7fd e-con-full e-flex e-con e-child\" data-id=\"940a7fd\" data-element_type=\"container\">\n\t\t<div class=\"elementor-element elementor-element-045484c e-con-full e-flex e-con e-child\" data-id=\"045484c\" data-element_type=\"container\">\n\t\t\t\t<div class=\"elementor-element elementor-element-2f11277 elementor-widget-mobile__width-initial elementor-invisible elementor-widget elementor-widget-heading\" data-id=\"2f11277\" data-element_type=\"widget\" data-settings=\"{&quot;_animation&quot;:&quot;fadeInUp&quot;}\" data-widget_type=\"heading.default\">\n\t\t\t\t<div class=\"elementor-widget-container\">\n\t\t\t\t\t<h2 class=\"elementor-heading-title elementor-size-default\">Willkommen auf der Startseite der KMU AALEN<\/h2>\t\t\t\t<\/div>\n\t\t\t\t<\/div>\n\t\t\t\t<\/div>\n\t\t\t\t<\/div>\n\t\t\t\t<\/div>\n\t\t\t\t\t<\/div>\n\t\t\t\t<\/section>\n\t\t<div class=\"elementor-element elementor-element-a8a1b8f e-flex e-con-boxed e-con e-parent\" data-id=\"a8a1b8f\" data-element_type=\"container\" data-settings=\"{&quot;background_background&quot;:&quot;slideshow&quot;,&quot;background_slideshow_gallery&quot;:[{&quot;id&quot;:252,&quot;url&quot;:&quot;http:\\\/\\\/www.kmu-aalen.de\\\/kmu\\\/wp-content\\\/uploads\\\/2023\\\/08\\\/Burren.jpg&quot;}],&quot;background_slideshow_loop&quot;:&quot;yes&quot;,&quot;background_slideshow_slide_duration&quot;:5000,&quot;background_slideshow_slide_transition&quot;:&quot;fade&quot;,&quot;background_slideshow_transition_duration&quot;:500}\">\n\t\t\t\t\t<div class=\"e-con-inner\">\n\t\t\t\t<div class=\"elementor-element elementor-element-a1970d2 elementor-widget elementor-widget-text-editor\" data-id=\"a1970d2\" data-element_type=\"widget\" data-widget_type=\"text-editor.default\">\n\t\t\t\t<div class=\"elementor-widget-container\">\n\t\t\t\t\t\t\t\t\t<p>Hier k\u00f6nnen Sie auf spezifische Informationen \u00fcber die Erforschung von Informationssystemen in Bezug auf gesch\u00e4ftliche Sachverhalte\u00a0zugreifen. Die Projekte und Publikationen von Prof. Dr. Ralf-Christian H\u00e4rting und seinem Team besch\u00e4ftigen sich mit einem breiten Spektrum von Informationssystemen, darunter Big Data, BPM, EAM, Cloud Computing und IT-Controlling.<\/p><p>Wir bieten auch einen \u00dcberblick \u00fcber die Lehre, besondere Veranstaltungen und Konferenzen. So\u00a0organisieren wir ein Konferenzmodul\u00a0auf der\u00a0\u201eInternational Conference on Intelligent Decision Technologies\u201c und kooperieren mit der internationalen Konferenz \u201eBusiness Information Systems\u201c. Wir freuen uns auch \u00fcber den Erfolg der<a href=\"http:\/\/www.kmu-aalen.de\/kmu-aalen\/?page_id=2165&amp;lang=de\" target=\"_blank\" rel=\"noopener noreferrer\">\u00a0<\/a>Transfertage an der Hochschule Aalen. Weitere Informationen finden Sie auch unter <a href=\"https:\/\/www.kmu-aalen.de\/kmu\/veranstaltungen\/\">Veranstaltungen<\/a>.<\/p><p>Teile unserer angewandten Forschungsaktivt\u00e4ten finden im Rahmen von\u00a0Lehrveranstaltungen in den Studieng\u00e4ngen \u201eBusiness f\u00fcr kleine und mittlere Unternehmen\u201c (Bachelor of Arts) und \u201eMittelstandsmanagement\u201c (Master of Arts) statt.<\/p><p>Wir freuen uns \u00fcber jede R\u00fcckmeldung, die Sie uns zur\u00a0Website geben.\u00a0<a href=\"http:\/\/www.kmu-aalen.de\/kmu-aalen\/?page_id=2237&amp;lang=de\" target=\"_blank\" rel=\"noopener noreferrer\">Bitte kontaktieren Sie uns<\/a>\u00a0mit Kritik, Fragen oder Anregungen.<\/p><p>F\u00fcr weitere Informationen \u00fcber unsere Invited Session auf der \u201e25th International Conference on Knowledge-Based and Intelligent Information\u201c besuchen Sie bitte unseren Event-Bereich und klicken Sie daf\u00fcr\u00a0<a href=\"http:\/\/www.kmu-aalen.de\/kmu-aalen\/language\/de\/kes-2020\/\" target=\"_blank\" rel=\"noopener noreferrer\">hier<\/a>.<\/p><p>Seit Neuestem besch\u00e4ftigt sich Prof. Dr. H\u00e4rting auch mit dem Thema Cybersicherheit und CyberWuP. Ein spannendes Thema rund um die Sicherheit der KMU im Web und Netzwerk. Erfahren Sie mehr in unserem CyberWuP Teil.<\/p>\t\t\t\t\t\t\t\t<\/div>\n\t\t\t\t<\/div>\n\t\t\t\t\t<\/div>\n\t\t\t\t<\/div>\n\t\t\t\t<\/div>\n\t\t","protected":false},"excerpt":{"rendered":"<p>Startseite CyberWuP Willkommen auf der Startseite der KMU AALEN Hier k\u00f6nnen Sie auf spezifische Informationen \u00fcber die Erforschung von Informationssystemen in Bezug auf gesch\u00e4ftliche Sachverhalte\u00a0zugreifen. Die Projekte und Publikationen von Prof. Dr. Ralf-Christian H\u00e4rting und seinem Team besch\u00e4ftigen sich mit einem breiten Spektrum von Informationssystemen, darunter Big Data, BPM, EAM, Cloud Computing und IT-Controlling. Wir [&hellip;]<\/p>\n","protected":false},"author":1,"featured_media":0,"parent":0,"menu_order":0,"comment_status":"closed","ping_status":"closed","template":"","meta":{"ocean_post_layout":"full-screen","ocean_both_sidebars_style":"","ocean_both_sidebars_content_width":0,"ocean_both_sidebars_sidebars_width":0,"ocean_sidebar":"","ocean_second_sidebar":"0","ocean_disable_margins":"enable","ocean_add_body_class":"","ocean_shortcode_before_top_bar":"","ocean_shortcode_after_top_bar":"","ocean_shortcode_before_header":"","ocean_shortcode_after_header":"","ocean_has_shortcode":"","ocean_shortcode_after_title":"","ocean_shortcode_before_footer_widgets":"","ocean_shortcode_after_footer_widgets":"","ocean_shortcode_before_footer_bottom":"","ocean_shortcode_after_footer_bottom":"","ocean_display_top_bar":"off","ocean_display_header":"default","ocean_header_style":"","ocean_center_header_left_menu":"0","ocean_custom_header_template":"0","ocean_custom_logo":0,"ocean_custom_retina_logo":0,"ocean_custom_logo_max_width":0,"ocean_custom_logo_tablet_max_width":0,"ocean_custom_logo_mobile_max_width":0,"ocean_custom_logo_max_height":0,"ocean_custom_logo_tablet_max_height":0,"ocean_custom_logo_mobile_max_height":0,"ocean_header_custom_menu":"0","ocean_menu_typo_font_family":"0","ocean_menu_typo_font_subset":"","ocean_menu_typo_font_size":0,"ocean_menu_typo_font_size_tablet":0,"ocean_menu_typo_font_size_mobile":0,"ocean_menu_typo_font_size_unit":"px","ocean_menu_typo_font_weight":"","ocean_menu_typo_font_weight_tablet":"","ocean_menu_typo_font_weight_mobile":"","ocean_menu_typo_transform":"","ocean_menu_typo_transform_tablet":"","ocean_menu_typo_transform_mobile":"","ocean_menu_typo_line_height":0,"ocean_menu_typo_line_height_tablet":0,"ocean_menu_typo_line_height_mobile":0,"ocean_menu_typo_line_height_unit":"","ocean_menu_typo_spacing":0,"ocean_menu_typo_spacing_tablet":0,"ocean_menu_typo_spacing_mobile":0,"ocean_menu_typo_spacing_unit":"","ocean_menu_link_color":"","ocean_menu_link_color_hover":"","ocean_menu_link_color_active":"","ocean_menu_link_background":"","ocean_menu_link_hover_background":"","ocean_menu_link_active_background":"","ocean_menu_social_links_bg":"","ocean_menu_social_hover_links_bg":"","ocean_menu_social_links_color":"","ocean_menu_social_hover_links_color":"","ocean_disable_title":"on","ocean_disable_heading":"default","ocean_post_title":"","ocean_post_subheading":"","ocean_post_title_style":"","ocean_post_title_background_color":"","ocean_post_title_background":0,"ocean_post_title_bg_image_position":"","ocean_post_title_bg_image_attachment":"","ocean_post_title_bg_image_repeat":"","ocean_post_title_bg_image_size":"","ocean_post_title_height":0,"ocean_post_title_bg_overlay":0.5,"ocean_post_title_bg_overlay_color":"","ocean_disable_breadcrumbs":"default","ocean_breadcrumbs_color":"","ocean_breadcrumbs_separator_color":"","ocean_breadcrumbs_links_color":"","ocean_breadcrumbs_links_hover_color":"","ocean_display_footer_widgets":"off","ocean_display_footer_bottom":"off","ocean_custom_footer_template":"0","footnotes":""},"class_list":["post-317","page","type-page","status-publish","hentry","entry"],"_links":{"self":[{"href":"http:\/\/www.kmu-aalen.de\/kmu\/wp-json\/wp\/v2\/pages\/317","targetHints":{"allow":["GET"]}}],"collection":[{"href":"http:\/\/www.kmu-aalen.de\/kmu\/wp-json\/wp\/v2\/pages"}],"about":[{"href":"http:\/\/www.kmu-aalen.de\/kmu\/wp-json\/wp\/v2\/types\/page"}],"author":[{"embeddable":true,"href":"http:\/\/www.kmu-aalen.de\/kmu\/wp-json\/wp\/v2\/users\/1"}],"replies":[{"embeddable":true,"href":"http:\/\/www.kmu-aalen.de\/kmu\/wp-json\/wp\/v2\/comments?post=317"}],"version-history":[{"count":47,"href":"http:\/\/www.kmu-aalen.de\/kmu\/wp-json\/wp\/v2\/pages\/317\/revisions"}],"predecessor-version":[{"id":3460,"href":"http:\/\/www.kmu-aalen.de\/kmu\/wp-json\/wp\/v2\/pages\/317\/revisions\/3460"}],"wp:attachment":[{"href":"http:\/\/www.kmu-aalen.de\/kmu\/wp-json\/wp\/v2\/media?parent=317"}],"curies":[{"name":"wp","href":"https:\/\/api.w.org\/{rel}","templated":true}]}}