{"id":3139,"date":"2025-11-23T21:16:28","date_gmt":"2025-11-23T20:16:28","guid":{"rendered":"http:\/\/www.kmu-aalen.de\/kmu\/?page_id=3139"},"modified":"2025-11-25T20:14:31","modified_gmt":"2025-11-25T19:14:31","slug":"2024-cybersecurity-im-zeitalter-der-digitalisierung","status":"publish","type":"page","link":"http:\/\/www.kmu-aalen.de\/kmu\/2024-cybersecurity-im-zeitalter-der-digitalisierung\/","title":{"rendered":"2024: Cybersecurity im Zeitalter der Digitalisierung"},"content":{"rendered":"\t\t<div data-elementor-type=\"wp-page\" data-elementor-id=\"3139\" class=\"elementor elementor-3139\">\n\t\t\t\t\t\t<header class=\"elementor-section elementor-top-section elementor-element elementor-element-fd6e594 elementor-section-height-min-height elementor-section-boxed elementor-section-height-default elementor-section-items-middle\" data-id=\"fd6e594\" data-element_type=\"section\" data-settings=\"{&quot;background_background&quot;:&quot;gradient&quot;}\">\n\t\t\t\t\t\t\t<div class=\"elementor-background-overlay\"><\/div>\n\t\t\t\t\t\t\t<div class=\"elementor-container elementor-column-gap-default\">\n\t\t\t\t\t<div class=\"elementor-column elementor-col-100 elementor-top-column elementor-element elementor-element-536953e\" data-id=\"536953e\" data-element_type=\"column\">\n\t\t\t<div class=\"elementor-widget-wrap elementor-element-populated\">\n\t\t\t\t\t\t<div class=\"elementor-element elementor-element-266cf71 elementor-widget__width-initial elementor-widget elementor-widget-heading\" data-id=\"266cf71\" data-element_type=\"widget\" data-widget_type=\"heading.default\">\n\t\t\t\t<div class=\"elementor-widget-container\">\n\t\t\t\t\t<h1 class=\"elementor-heading-title elementor-size-default\">2024: Cybersecurity im Zeitalter der Digitalisierung<\/h1>\t\t\t\t<\/div>\n\t\t\t\t<\/div>\n\t\t\t\t\t<\/div>\n\t\t<\/div>\n\t\t\t\t\t<\/div>\n\t\t<\/header>\n\t\t\t\t<section class=\"elementor-section elementor-top-section elementor-element elementor-element-2f69520 elementor-section-boxed elementor-section-height-default elementor-section-height-default\" data-id=\"2f69520\" data-element_type=\"section\">\n\t\t\t\t\t\t<div class=\"elementor-container elementor-column-gap-default\">\n\t\t\t\t\t<div class=\"elementor-column elementor-col-100 elementor-top-column elementor-element elementor-element-715f32e\" data-id=\"715f32e\" data-element_type=\"column\">\n\t\t\t<div class=\"elementor-widget-wrap elementor-element-populated\">\n\t\t\t\t\t\t<section class=\"elementor-section elementor-inner-section elementor-element elementor-element-d94a425 elementor-section-boxed elementor-section-height-default elementor-section-height-default\" data-id=\"d94a425\" data-element_type=\"section\">\n\t\t\t\t\t\t<div class=\"elementor-container elementor-column-gap-default\">\n\t\t\t\t\t<div class=\"elementor-column elementor-col-100 elementor-inner-column elementor-element elementor-element-731046c\" data-id=\"731046c\" data-element_type=\"column\">\n\t\t\t<div class=\"elementor-widget-wrap elementor-element-populated\">\n\t\t\t\t\t\t<div class=\"elementor-element elementor-element-be06f82 elementor-widget-mobile__width-initial elementor-invisible elementor-widget elementor-widget-heading\" data-id=\"be06f82\" data-element_type=\"widget\" data-settings=\"{&quot;_animation&quot;:&quot;fadeInUp&quot;}\" data-widget_type=\"heading.default\">\n\t\t\t\t<div class=\"elementor-widget-container\">\n\t\t\t\t\t<h2 class=\"elementor-heading-title elementor-size-default\">10. Transfertag<\/h2>\t\t\t\t<\/div>\n\t\t\t\t<\/div>\n\t\t\t\t\t<\/div>\n\t\t<\/div>\n\t\t\t\t\t<\/div>\n\t\t<\/section>\n\t\t\t\t\t<\/div>\n\t\t<\/div>\n\t\t\t\t\t<\/div>\n\t\t<\/section>\n\t\t<div class=\"elementor-element elementor-element-badda26 e-flex e-con-boxed e-con e-parent\" data-id=\"badda26\" data-element_type=\"container\">\n\t\t\t\t\t<div class=\"e-con-inner\">\n\t\t\t\t<div class=\"elementor-element elementor-element-43129f2 elementor-widget elementor-widget-image\" data-id=\"43129f2\" data-element_type=\"widget\" data-widget_type=\"image.default\">\n\t\t\t\t<div class=\"elementor-widget-container\">\n\t\t\t\t\t\t\t\t\t\t\t\t\t\t\t\t<a href=\"https:\/\/www.hs-aalen.de\/uploads\/mediapool\/media\/file\/40305\/image_678_AdobeStock_245636933_inklQuelle.jpg\" data-elementor-open-lightbox=\"yes\" data-e-action-hash=\"#elementor-action%3Aaction%3Dlightbox%26settings%3DW10%3D\">\n\t\t\t\t\t\t\t<img decoding=\"async\" src=\"https:\/\/www.hs-aalen.de\/uploads\/mediapool\/media\/file\/40305\/image_678_AdobeStock_245636933_inklQuelle.jpg\" title=\"\" alt=\"Adobe Stock_245636933_Preview_Cyber_Security_Tranfertag2024\" loading=\"lazy\" \/>\t\t\t\t\t\t\t\t<\/a>\n\t\t\t\t\t\t\t\t\t\t\t\t\t\t\t<\/div>\n\t\t\t\t<\/div>\n\t\t\t\t\t<\/div>\n\t\t\t\t<\/div>\n\t\t<div class=\"elementor-element elementor-element-32b2787 e-flex e-con-boxed e-con e-parent\" data-id=\"32b2787\" data-element_type=\"container\">\n\t\t\t\t\t<div class=\"e-con-inner\">\n\t\t\t\t<div class=\"elementor-element elementor-element-22165a5 elementor-widget elementor-widget-text-editor\" data-id=\"22165a5\" data-element_type=\"widget\" data-widget_type=\"text-editor.default\">\n\t\t\t\t<div class=\"elementor-widget-container\">\n\t\t\t\t\t\t\t\t\t<p>Um auch in Zukunft erfolgreich zu sein, muss sich der Mittelstand mit den Herausforderungen der Digitalisierung auseinandersetzen. Insbesondere das Thema Cybersecurity gewinnt dabei zunehmend an Bedeutung. Cyberangriffe k\u00f6nnen f\u00fcr Unternehmen nicht nur finanzielle Sch\u00e4den verursachen, sondern auch den Ruf nachhaltig sch\u00e4digen.<\/p><p>Die Hochschule Aalen in Kooperation mit der\u00a0<span style=\"color: #0000ff;\"><a style=\"color: #0000ff;\" href=\"https:\/\/www.ihk.de\/ostwuerttemberg\/\" target=\"_blank\" rel=\"noopener noreferrer\">IHK Ostw\u00fcrttemberg<\/a><\/span>\u00a0verfolgen das Ziel, Unternehmen f\u00fcr die Bedeutung von Cybersecurity zu sensibilisieren und sie bei der Umsetzung von entsprechenden Ma\u00dfnahmen zu unterst\u00fctzen. Im Rahmen des 10. Transfertags steht demnach das Thema \u201eCybersecurity im Zeitalter der Digitalisierung \u2013 Unternehmen zukunftsf\u00e4hig absichern\u201c im Fokus.<\/p><p>Neben den Expertinnen und Experten des Projekts\u00a0<span style=\"color: #0000ff;\"><a style=\"color: #0000ff;\" href=\"https:\/\/im.baden-wuerttemberg.de\/de\/service\/presse-und-oeffentlichkeitsarbeit\/pressemitteilung\/pid\/startschuss-fuer-das-projekt-cyberwup-1\" target=\"_blank\" rel=\"noopener noreferrer\">CyberWuP<\/a><\/span>, die Tipps zur Umsetzung von praxisnahen Ma\u00dfnahmen geben und innovative L\u00f6sungen vorstellen, werden auch Vortr\u00e4ge von geladenen Fachleuten rund um das Thema \u201eCybersecurity\u201c gehalten.<\/p>\t\t\t\t\t\t\t\t<\/div>\n\t\t\t\t<\/div>\n\t\t\t\t\t<\/div>\n\t\t\t\t<\/div>\n\t\t<div class=\"elementor-element elementor-element-136d69d e-flex e-con-boxed e-con e-parent\" data-id=\"136d69d\" data-element_type=\"container\">\n\t\t\t\t\t<div class=\"e-con-inner\">\n\t\t\t\t<div class=\"elementor-element elementor-element-02b18bb elementor-widget elementor-widget-heading\" data-id=\"02b18bb\" data-element_type=\"widget\" data-widget_type=\"heading.default\">\n\t\t\t\t<div class=\"elementor-widget-container\">\n\t\t\t\t\t<h2 class=\"elementor-heading-title elementor-size-default\">Informationen zum 10. Transfertag<\/h2>\t\t\t\t<\/div>\n\t\t\t\t<\/div>\n\t\t\t\t\t<\/div>\n\t\t\t\t<\/div>\n\t\t<div class=\"elementor-element elementor-element-722ec97 e-flex e-con-boxed e-con e-parent\" data-id=\"722ec97\" data-element_type=\"container\">\n\t\t\t\t\t<div class=\"e-con-inner\">\n\t\t<div class=\"elementor-element elementor-element-a7e7efa e-grid e-con-full e-con e-child\" data-id=\"a7e7efa\" data-element_type=\"container\">\n\t\t\t\t<div class=\"elementor-element elementor-element-27e12fe elementor-widget elementor-widget-text-editor\" data-id=\"27e12fe\" data-element_type=\"widget\" data-widget_type=\"text-editor.default\">\n\t\t\t\t<div class=\"elementor-widget-container\">\n\t\t\t\t\t\t\t\t\t<p>Erfahren Sie mehr \u00fcber die Inhalte des Transfertags durch den Informations-Flyer zur Veranstaltung und das aussagekr\u00e4ftige Programmheft<\/p>\t\t\t\t\t\t\t\t<\/div>\n\t\t\t\t<\/div>\n\t\t<div class=\"elementor-element elementor-element-856f951 e-con-full e-flex e-con e-child\" data-id=\"856f951\" data-element_type=\"container\">\n\t\t\t\t<div class=\"elementor-element elementor-element-4bd71ac elementor-widget elementor-widget-button\" data-id=\"4bd71ac\" data-element_type=\"widget\" data-widget_type=\"button.default\">\n\t\t\t\t<div class=\"elementor-widget-container\">\n\t\t\t\t\t\t\t\t\t<div class=\"elementor-button-wrapper\">\n\t\t\t\t\t<a class=\"elementor-button elementor-button-link elementor-size-sm\" href=\"https:\/\/www.hs-aalen.de\/uploads\/mediapool\/media\/file\/41136\/20240408_Transfertag2024_Flyer_Web.pdf\" target=\"_blank\">\n\t\t\t\t\t\t<span class=\"elementor-button-content-wrapper\">\n\t\t\t\t\t\t<span class=\"elementor-button-icon\">\n\t\t\t\t<i aria-hidden=\"true\" class=\"fas fa-external-link-alt\"><\/i>\t\t\t<\/span>\n\t\t\t\t\t\t\t\t\t<span class=\"elementor-button-text\">zum Flyer<\/span>\n\t\t\t\t\t<\/span>\n\t\t\t\t\t<\/a>\n\t\t\t\t<\/div>\n\t\t\t\t\t\t\t\t<\/div>\n\t\t\t\t<\/div>\n\t\t\t\t<div class=\"elementor-element elementor-element-ae9ea9b elementor-widget elementor-widget-button\" data-id=\"ae9ea9b\" data-element_type=\"widget\" data-widget_type=\"button.default\">\n\t\t\t\t<div class=\"elementor-widget-container\">\n\t\t\t\t\t\t\t\t\t<div class=\"elementor-button-wrapper\">\n\t\t\t\t\t<a class=\"elementor-button elementor-button-link elementor-size-sm\" href=\"https:\/\/www.hs-aalen.de\/uploads\/mediapool\/media\/file\/42866\/Programmheft_10.Transfertag.pdf\" target=\"_blank\">\n\t\t\t\t\t\t<span class=\"elementor-button-content-wrapper\">\n\t\t\t\t\t\t<span class=\"elementor-button-icon\">\n\t\t\t\t<i aria-hidden=\"true\" class=\"fas fa-external-link-alt\"><\/i>\t\t\t<\/span>\n\t\t\t\t\t\t\t\t\t<span class=\"elementor-button-text\">zum Programmheft<\/span>\n\t\t\t\t\t<\/span>\n\t\t\t\t\t<\/a>\n\t\t\t\t<\/div>\n\t\t\t\t\t\t\t\t<\/div>\n\t\t\t\t<\/div>\n\t\t\t\t<div class=\"elementor-element elementor-element-64c9eba elementor-widget elementor-widget-button\" data-id=\"64c9eba\" data-element_type=\"widget\" data-widget_type=\"button.default\">\n\t\t\t\t<div class=\"elementor-widget-container\">\n\t\t\t\t\t\t\t\t\t<div class=\"elementor-button-wrapper\">\n\t\t\t\t\t<a class=\"elementor-button elementor-button-link elementor-size-sm\" href=\"https:\/\/www.hs-aalen.de\/de\/pages\/transfertag\" target=\"_blank\">\n\t\t\t\t\t\t<span class=\"elementor-button-content-wrapper\">\n\t\t\t\t\t\t<span class=\"elementor-button-icon\">\n\t\t\t\t<i aria-hidden=\"true\" class=\"fas fa-external-link-alt\"><\/i>\t\t\t<\/span>\n\t\t\t\t\t\t\t\t\t<span class=\"elementor-button-text\">zur Hochschule<\/span>\n\t\t\t\t\t<\/span>\n\t\t\t\t\t<\/a>\n\t\t\t\t<\/div>\n\t\t\t\t\t\t\t\t<\/div>\n\t\t\t\t<\/div>\n\t\t\t\t<div class=\"elementor-element elementor-element-4c0cab7 elementor-widget elementor-widget-button\" data-id=\"4c0cab7\" data-element_type=\"widget\" data-widget_type=\"button.default\">\n\t\t\t\t<div class=\"elementor-widget-container\">\n\t\t\t\t\t\t\t\t\t<div class=\"elementor-button-wrapper\">\n\t\t\t\t\t<a class=\"elementor-button elementor-button-link elementor-size-sm\" href=\"https:\/\/www.hs-aalen.de\/de\/news\/5143\" target=\"_blank\">\n\t\t\t\t\t\t<span class=\"elementor-button-content-wrapper\">\n\t\t\t\t\t\t<span class=\"elementor-button-icon\">\n\t\t\t\t<i aria-hidden=\"true\" class=\"fas fa-external-link-alt\"><\/i>\t\t\t<\/span>\n\t\t\t\t\t\t\t\t\t<span class=\"elementor-button-text\">News<\/span>\n\t\t\t\t\t<\/span>\n\t\t\t\t\t<\/a>\n\t\t\t\t<\/div>\n\t\t\t\t\t\t\t\t<\/div>\n\t\t\t\t<\/div>\n\t\t\t\t<\/div>\n\t\t\t\t<\/div>\n\t\t\t\t\t<\/div>\n\t\t\t\t<\/div>\n\t\t<div class=\"elementor-element elementor-element-1b1d982 e-flex e-con-boxed e-con e-parent\" data-id=\"1b1d982\" data-element_type=\"container\">\n\t\t\t\t\t<div class=\"e-con-inner\">\n\t\t\t\t<div class=\"elementor-element elementor-element-9788391 elementor-widget elementor-widget-heading\" data-id=\"9788391\" data-element_type=\"widget\" data-widget_type=\"heading.default\">\n\t\t\t\t<div class=\"elementor-widget-container\">\n\t\t\t\t\t<h2 class=\"elementor-heading-title elementor-size-default\">Unsere Sponsoren des 10. Transfertags<\/h2>\t\t\t\t<\/div>\n\t\t\t\t<\/div>\n\t\t<div class=\"elementor-element elementor-element-5318065 e-grid e-con-full e-con e-child\" data-id=\"5318065\" data-element_type=\"container\">\n\t\t<div class=\"elementor-element elementor-element-2eae519 e-con-full e-flex e-con e-child\" data-id=\"2eae519\" data-element_type=\"container\">\n\t\t\t\t<div class=\"elementor-element elementor-element-f1482f3 elementor-widget elementor-widget-image\" data-id=\"f1482f3\" data-element_type=\"widget\" data-widget_type=\"image.default\">\n\t\t\t\t<div class=\"elementor-widget-container\">\n\t\t\t\t\t\t\t\t\t\t\t\t\t\t\t\t<a href=\"https:\/\/www.hs-aalen.de\/uploads\/mediapool\/media\/file\/41113\/image_500_IHK-Logo_transparent.png\" data-elementor-open-lightbox=\"yes\" data-e-action-hash=\"#elementor-action%3Aaction%3Dlightbox%26settings%3DW10%3D\">\n\t\t\t\t\t\t\t<img decoding=\"async\" src=\"https:\/\/www.hs-aalen.de\/uploads\/mediapool\/media\/file\/41113\/image_500_IHK-Logo_transparent.png\" title=\"\" alt=\"\" loading=\"lazy\" \/>\t\t\t\t\t\t\t\t<\/a>\n\t\t\t\t\t\t\t\t\t\t\t\t\t\t\t<\/div>\n\t\t\t\t<\/div>\n\t\t\t\t<\/div>\n\t\t<div class=\"elementor-element elementor-element-fe385a0 e-con-full e-flex e-con e-child\" data-id=\"fe385a0\" data-element_type=\"container\">\n\t\t\t\t<div class=\"elementor-element elementor-element-e7edcb6 elementor-widget elementor-widget-image\" data-id=\"e7edcb6\" data-element_type=\"widget\" data-widget_type=\"image.default\">\n\t\t\t\t<div class=\"elementor-widget-container\">\n\t\t\t\t\t\t\t\t\t\t\t\t\t\t\t\t<a href=\"https:\/\/www.hs-aalen.de\/uploads\/mediapool\/media\/file\/41112\/image_300_DSS_Logo_2019.jpg\" data-elementor-open-lightbox=\"yes\" data-e-action-hash=\"#elementor-action%3Aaction%3Dlightbox%26settings%3DW10%3D\">\n\t\t\t\t\t\t\t<img decoding=\"async\" src=\"https:\/\/www.hs-aalen.de\/uploads\/mediapool\/media\/file\/41112\/image_300_DSS_Logo_2019.jpg\" title=\"\" alt=\"\" loading=\"lazy\" \/>\t\t\t\t\t\t\t\t<\/a>\n\t\t\t\t\t\t\t\t\t\t\t\t\t\t\t<\/div>\n\t\t\t\t<\/div>\n\t\t\t\t<\/div>\n\t\t<div class=\"elementor-element elementor-element-8dc762a e-con-full e-flex e-con e-child\" data-id=\"8dc762a\" data-element_type=\"container\">\n\t\t\t\t<div class=\"elementor-element elementor-element-544652b elementor-widget elementor-widget-image\" data-id=\"544652b\" data-element_type=\"widget\" data-widget_type=\"image.default\">\n\t\t\t\t<div class=\"elementor-widget-container\">\n\t\t\t\t\t\t\t\t\t\t\t\t\t\t\t\t<a href=\"https:\/\/www.hs-aalen.de\/uploads\/mediapool\/media\/file\/41114\/image_300_inneo-logo-blau-rot.jpg\" data-elementor-open-lightbox=\"yes\" data-e-action-hash=\"#elementor-action%3Aaction%3Dlightbox%26settings%3DW10%3D\">\n\t\t\t\t\t\t\t<img decoding=\"async\" src=\"https:\/\/www.hs-aalen.de\/uploads\/mediapool\/media\/file\/41114\/image_300_inneo-logo-blau-rot.jpg\" title=\"\" alt=\"\" loading=\"lazy\" \/>\t\t\t\t\t\t\t\t<\/a>\n\t\t\t\t\t\t\t\t\t\t\t\t\t\t\t<\/div>\n\t\t\t\t<\/div>\n\t\t\t\t<\/div>\n\t\t<div class=\"elementor-element elementor-element-63b9e43 e-con-full e-flex e-con e-child\" data-id=\"63b9e43\" data-element_type=\"container\">\n\t\t\t\t<div class=\"elementor-element elementor-element-592f256 elementor-widget elementor-widget-image\" data-id=\"592f256\" data-element_type=\"widget\" data-widget_type=\"image.default\">\n\t\t\t\t<div class=\"elementor-widget-container\">\n\t\t\t\t\t\t\t\t\t\t\t\t\t\t\t\t<a href=\"https:\/\/www.hs-aalen.de\/uploads\/mediapool\/media\/file\/41115\/image_100_KSK_LOGO_RT.jpg\" data-elementor-open-lightbox=\"yes\" data-e-action-hash=\"#elementor-action%3Aaction%3Dlightbox%26settings%3DW10%3D\">\n\t\t\t\t\t\t\t<img decoding=\"async\" src=\"https:\/\/www.hs-aalen.de\/uploads\/mediapool\/media\/file\/41115\/image_100_KSK_LOGO_RT.jpg\" title=\"\" alt=\"\" loading=\"lazy\" \/>\t\t\t\t\t\t\t\t<\/a>\n\t\t\t\t\t\t\t\t\t\t\t\t\t\t\t<\/div>\n\t\t\t\t<\/div>\n\t\t\t\t<\/div>\n\t\t<div class=\"elementor-element elementor-element-e5c4d18 e-con-full e-flex e-con e-child\" data-id=\"e5c4d18\" data-element_type=\"container\">\n\t\t\t\t<div class=\"elementor-element elementor-element-f4e8408 elementor-widget elementor-widget-image\" data-id=\"f4e8408\" data-element_type=\"widget\" data-widget_type=\"image.default\">\n\t\t\t\t<div class=\"elementor-widget-container\">\n\t\t\t\t\t\t\t\t\t\t\t\t\t\t\t\t<a href=\"https:\/\/www.hs-aalen.de\/uploads\/mediapool\/media\/file\/41396\/image_100_PlanB_Logo_ClaimDPF__002_.jpg\" data-elementor-open-lightbox=\"yes\" data-e-action-hash=\"#elementor-action%3Aaction%3Dlightbox%26settings%3DW10%3D\">\n\t\t\t\t\t\t\t<img decoding=\"async\" src=\"https:\/\/www.hs-aalen.de\/uploads\/mediapool\/media\/file\/41396\/image_100_PlanB_Logo_ClaimDPF__002_.jpg\" title=\"\" alt=\"\" loading=\"lazy\" \/>\t\t\t\t\t\t\t\t<\/a>\n\t\t\t\t\t\t\t\t\t\t\t\t\t\t\t<\/div>\n\t\t\t\t<\/div>\n\t\t\t\t<\/div>\n\t\t<div class=\"elementor-element elementor-element-fd83709 e-con-full e-flex e-con e-child\" data-id=\"fd83709\" data-element_type=\"container\">\n\t\t\t\t<div class=\"elementor-element elementor-element-7710e66 elementor-widget elementor-widget-image\" data-id=\"7710e66\" data-element_type=\"widget\" data-widget_type=\"image.default\">\n\t\t\t\t<div class=\"elementor-widget-container\">\n\t\t\t\t\t\t\t\t\t\t\t\t\t\t\t\t<a href=\"https:\/\/www.hs-aalen.de\/uploads\/mediapool\/media\/file\/41111\/image_300_Digiz-Farbe.jpg\" data-elementor-open-lightbox=\"yes\" data-e-action-hash=\"#elementor-action%3Aaction%3Dlightbox%26settings%3DW10%3D\">\n\t\t\t\t\t\t\t<img decoding=\"async\" src=\"https:\/\/www.hs-aalen.de\/uploads\/mediapool\/media\/file\/41111\/image_300_Digiz-Farbe.jpg\" title=\"\" alt=\"\" loading=\"lazy\" \/>\t\t\t\t\t\t\t\t<\/a>\n\t\t\t\t\t\t\t\t\t\t\t\t\t\t\t<\/div>\n\t\t\t\t<\/div>\n\t\t\t\t<\/div>\n\t\t<div class=\"elementor-element elementor-element-7ea22a3 e-con-full e-flex e-con e-child\" data-id=\"7ea22a3\" data-element_type=\"container\">\n\t\t\t\t<div class=\"elementor-element elementor-element-5d98b54 elementor-widget elementor-widget-image\" data-id=\"5d98b54\" data-element_type=\"widget\" data-widget_type=\"image.default\">\n\t\t\t\t<div class=\"elementor-widget-container\">\n\t\t\t\t\t\t\t\t\t\t\t\t\t\t\t\t<a href=\"https:\/\/www.hs-aalen.de\/uploads\/mediapool\/media\/file\/41116\/image_200_logo-zukunftow-75px-data.png\" data-elementor-open-lightbox=\"yes\" data-e-action-hash=\"#elementor-action%3Aaction%3Dlightbox%26settings%3DW10%3D\">\n\t\t\t\t\t\t\t<img decoding=\"async\" src=\"https:\/\/www.hs-aalen.de\/uploads\/mediapool\/media\/file\/41116\/image_200_logo-zukunftow-75px-data.png\" title=\"\" alt=\"\" loading=\"lazy\" \/>\t\t\t\t\t\t\t\t<\/a>\n\t\t\t\t\t\t\t\t\t\t\t\t\t\t\t<\/div>\n\t\t\t\t<\/div>\n\t\t\t\t<\/div>\n\t\t\t\t<\/div>\n\t\t\t\t\t<\/div>\n\t\t\t\t<\/div>\n\t\t\t\t<\/div>\n\t\t","protected":false},"excerpt":{"rendered":"<p>2024: Cybersecurity im Zeitalter der Digitalisierung 10. Transfertag Um auch in Zukunft erfolgreich zu sein, muss sich der Mittelstand mit den Herausforderungen der Digitalisierung auseinandersetzen. Insbesondere das Thema Cybersecurity gewinnt dabei zunehmend an Bedeutung. Cyberangriffe k\u00f6nnen f\u00fcr Unternehmen nicht nur finanzielle Sch\u00e4den verursachen, sondern auch den Ruf nachhaltig sch\u00e4digen. Die Hochschule Aalen in Kooperation mit [&hellip;]<\/p>\n","protected":false},"author":2,"featured_media":0,"parent":0,"menu_order":0,"comment_status":"closed","ping_status":"closed","template":"","meta":{"ocean_post_layout":"full-screen","ocean_both_sidebars_style":"","ocean_both_sidebars_content_width":0,"ocean_both_sidebars_sidebars_width":0,"ocean_sidebar":"","ocean_second_sidebar":"","ocean_disable_margins":"enable","ocean_add_body_class":"","ocean_shortcode_before_top_bar":"","ocean_shortcode_after_top_bar":"","ocean_shortcode_before_header":"","ocean_shortcode_after_header":"","ocean_has_shortcode":"","ocean_shortcode_after_title":"","ocean_shortcode_before_footer_widgets":"","ocean_shortcode_after_footer_widgets":"","ocean_shortcode_before_footer_bottom":"","ocean_shortcode_after_footer_bottom":"","ocean_display_top_bar":"default","ocean_display_header":"default","ocean_header_style":"","ocean_center_header_left_menu":"","ocean_custom_header_template":"","ocean_custom_logo":0,"ocean_custom_retina_logo":0,"ocean_custom_logo_max_width":0,"ocean_custom_logo_tablet_max_width":0,"ocean_custom_logo_mobile_max_width":0,"ocean_custom_logo_max_height":0,"ocean_custom_logo_tablet_max_height":0,"ocean_custom_logo_mobile_max_height":0,"ocean_header_custom_menu":"","ocean_menu_typo_font_family":"","ocean_menu_typo_font_subset":"","ocean_menu_typo_font_size":0,"ocean_menu_typo_font_size_tablet":0,"ocean_menu_typo_font_size_mobile":0,"ocean_menu_typo_font_size_unit":"px","ocean_menu_typo_font_weight":"","ocean_menu_typo_font_weight_tablet":"","ocean_menu_typo_font_weight_mobile":"","ocean_menu_typo_transform":"","ocean_menu_typo_transform_tablet":"","ocean_menu_typo_transform_mobile":"","ocean_menu_typo_line_height":0,"ocean_menu_typo_line_height_tablet":0,"ocean_menu_typo_line_height_mobile":0,"ocean_menu_typo_line_height_unit":"","ocean_menu_typo_spacing":0,"ocean_menu_typo_spacing_tablet":0,"ocean_menu_typo_spacing_mobile":0,"ocean_menu_typo_spacing_unit":"","ocean_menu_link_color":"","ocean_menu_link_color_hover":"","ocean_menu_link_color_active":"","ocean_menu_link_background":"","ocean_menu_link_hover_background":"","ocean_menu_link_active_background":"","ocean_menu_social_links_bg":"","ocean_menu_social_hover_links_bg":"","ocean_menu_social_links_color":"","ocean_menu_social_hover_links_color":"","ocean_disable_title":"default","ocean_disable_heading":"default","ocean_post_title":"","ocean_post_subheading":"","ocean_post_title_style":"","ocean_post_title_background_color":"","ocean_post_title_background":0,"ocean_post_title_bg_image_position":"","ocean_post_title_bg_image_attachment":"","ocean_post_title_bg_image_repeat":"","ocean_post_title_bg_image_size":"","ocean_post_title_height":0,"ocean_post_title_bg_overlay":0.5,"ocean_post_title_bg_overlay_color":"","ocean_disable_breadcrumbs":"default","ocean_breadcrumbs_color":"","ocean_breadcrumbs_separator_color":"","ocean_breadcrumbs_links_color":"","ocean_breadcrumbs_links_hover_color":"","ocean_display_footer_widgets":"default","ocean_display_footer_bottom":"default","ocean_custom_footer_template":"","footnotes":""},"class_list":["post-3139","page","type-page","status-publish","hentry","entry"],"_links":{"self":[{"href":"http:\/\/www.kmu-aalen.de\/kmu\/wp-json\/wp\/v2\/pages\/3139","targetHints":{"allow":["GET"]}}],"collection":[{"href":"http:\/\/www.kmu-aalen.de\/kmu\/wp-json\/wp\/v2\/pages"}],"about":[{"href":"http:\/\/www.kmu-aalen.de\/kmu\/wp-json\/wp\/v2\/types\/page"}],"author":[{"embeddable":true,"href":"http:\/\/www.kmu-aalen.de\/kmu\/wp-json\/wp\/v2\/users\/2"}],"replies":[{"embeddable":true,"href":"http:\/\/www.kmu-aalen.de\/kmu\/wp-json\/wp\/v2\/comments?post=3139"}],"version-history":[{"count":20,"href":"http:\/\/www.kmu-aalen.de\/kmu\/wp-json\/wp\/v2\/pages\/3139\/revisions"}],"predecessor-version":[{"id":3179,"href":"http:\/\/www.kmu-aalen.de\/kmu\/wp-json\/wp\/v2\/pages\/3139\/revisions\/3179"}],"wp:attachment":[{"href":"http:\/\/www.kmu-aalen.de\/kmu\/wp-json\/wp\/v2\/media?parent=3139"}],"curies":[{"name":"wp","href":"https:\/\/api.w.org\/{rel}","templated":true}]}}