{"id":2389,"date":"2025-10-22T20:20:46","date_gmt":"2025-10-22T18:20:46","guid":{"rendered":"http:\/\/www.kmu-aalen.de\/kmu\/?page_id=2389"},"modified":"2025-11-25T21:30:53","modified_gmt":"2025-11-25T20:30:53","slug":"wissenstransfer","status":"publish","type":"page","link":"http:\/\/www.kmu-aalen.de\/kmu\/wissenstransfer\/","title":{"rendered":"Wissenstransfer"},"content":{"rendered":"\t\t<div data-elementor-type=\"wp-page\" data-elementor-id=\"2389\" class=\"elementor elementor-2389\">\n\t\t\t\t\t\t<header class=\"elementor-section elementor-top-section elementor-element elementor-element-ab5a487 elementor-section-height-min-height elementor-section-boxed elementor-section-height-default elementor-section-items-middle\" data-id=\"ab5a487\" data-element_type=\"section\" data-settings=\"{&quot;background_background&quot;:&quot;gradient&quot;}\">\n\t\t\t\t\t\t\t<div class=\"elementor-background-overlay\"><\/div>\n\t\t\t\t\t\t\t<div class=\"elementor-container elementor-column-gap-default\">\n\t\t\t\t\t<div class=\"elementor-column elementor-col-100 elementor-top-column elementor-element elementor-element-fa12757\" data-id=\"fa12757\" data-element_type=\"column\">\n\t\t\t<div class=\"elementor-widget-wrap elementor-element-populated\">\n\t\t\t\t\t\t<div class=\"elementor-element elementor-element-9b7e9b9 elementor-widget__width-initial elementor-widget elementor-widget-heading\" data-id=\"9b7e9b9\" data-element_type=\"widget\" data-widget_type=\"heading.default\">\n\t\t\t\t<div class=\"elementor-widget-container\">\n\t\t\t\t\t<h1 class=\"elementor-heading-title elementor-size-default\">Wissenstransfer<\/h1>\t\t\t\t<\/div>\n\t\t\t\t<\/div>\n\t\t\t\t\t<\/div>\n\t\t<\/div>\n\t\t\t\t\t<\/div>\n\t\t<\/header>\n\t\t<div class=\"elementor-element elementor-element-fac23d9 e-grid e-con-boxed e-con e-parent\" data-id=\"fac23d9\" data-element_type=\"container\" data-settings=\"{&quot;background_background&quot;:&quot;classic&quot;}\">\n\t\t\t\t\t<div class=\"e-con-inner\">\n\t\t\t\t<div class=\"elementor-element elementor-element-0d0463f elementor-view-framed elementor-shape-square elementor-widget elementor-widget-icon\" data-id=\"0d0463f\" data-element_type=\"widget\" data-widget_type=\"icon.default\">\n\t\t\t\t<div class=\"elementor-widget-container\">\n\t\t\t\t\t\t\t<div class=\"elementor-icon-wrapper\">\n\t\t\t<div class=\"elementor-icon\">\n\t\t\t<i aria-hidden=\"true\" class=\"fas fa-brain\"><\/i>\t\t\t<\/div>\n\t\t<\/div>\n\t\t\t\t\t\t<\/div>\n\t\t\t\t<\/div>\n\t\t\t\t<div class=\"elementor-element elementor-element-e15accf elementor-widget elementor-widget-text-editor\" data-id=\"e15accf\" data-element_type=\"widget\" data-widget_type=\"text-editor.default\">\n\t\t\t\t<div class=\"elementor-widget-container\">\n\t\t\t\t\t\t\t\t\t<p>Eine weitere wichtige S\u00e4ule des Projekts ist der Transfer von Wissen. In diesem Bereich gab es Aktivit\u00e4ten in Form von Teilnahmen und Pr\u00e4sentationen auf verschiedenen Fachkonferenzen, Fachvortr\u00e4ge, Lehrveranstaltungen und ein gro\u00dfes Vernetzungs- und Transferevent, den Transfertag 2024:<\/p>\t\t\t\t\t\t\t\t<\/div>\n\t\t\t\t<\/div>\n\t\t\t\t\t<\/div>\n\t\t\t\t<\/div>\n\t\t<div class=\"elementor-element elementor-element-62fb2bc e-grid e-con-boxed e-con e-parent\" data-id=\"62fb2bc\" data-element_type=\"container\" data-settings=\"{&quot;background_background&quot;:&quot;classic&quot;}\">\n\t\t\t\t\t<div class=\"e-con-inner\">\n\t\t\t\t<div class=\"elementor-element elementor-element-9e9aa63 elementor-widget elementor-widget-text-editor\" data-id=\"9e9aa63\" data-element_type=\"widget\" data-widget_type=\"text-editor.default\">\n\t\t\t\t<div class=\"elementor-widget-container\">\n\t\t\t\t\t\t\t\t\t<h2><strong>Transfertag<\/strong><\/h2><p>Der Transfertag der Hochschule Aalen ist ein etabliertes Forum zur Vermittlung von Wissen zwischen Wissenschaft und Praxis. Die zehnte Ausgabe mit dem Titel \u201eCybersecurity im Zeitalter der Digitalisierung \u2013 Unternehmen zukunftsf\u00e4hig absichern\u201c fand am 18.04.2024, in Kooperation mit der IHK Ostw\u00fcrttemberg, statt. Ziel war es, Unternehmen f\u00fcr Cybersicherheit zu sensibilisieren und sie bei der Umsetzung von Ma\u00dfnahmen zu unterst\u00fctzen. Es wurden Fachvortr\u00e4ge, Praxisimpulse und ein Live-Hack angeboten. Fachleute etwa vom BSI und aus dem Projekt CyberWuP, pr\u00e4sentierten praxisnahe L\u00f6sungen. Der CyberSicherheitsCheck f\u00fcr KMU wurde vor etwa 200 Teilnehmenden, \u00fcberwiegend Vertretern kleiner und mittlerer Unternehmen, vorgestellt.<\/p><p><span style=\"color: #0000ff;\"><a style=\"color: #0000ff;\" href=\"http:\/\/www.hs-aalen.de\/transfertag\" target=\"_blank\" rel=\"noopener noreferrer\">www.hs-aalen.de\/transfertag<\/a><\/span><\/p>\t\t\t\t\t\t\t\t<\/div>\n\t\t\t\t<\/div>\n\t\t\t\t<div class=\"elementor-element elementor-element-589fc94 elementor-widget elementor-widget-image\" data-id=\"589fc94\" data-element_type=\"widget\" data-widget_type=\"image.default\">\n\t\t\t\t<div class=\"elementor-widget-container\">\n\t\t\t\t\t\t\t\t\t\t\t\t\t\t\t\t<a href=\"https:\/\/www.hs-aalen.de\/uploads\/mediapool\/media\/file\/44491\/image_200_Bild13.jpg\" data-elementor-open-lightbox=\"yes\" data-e-action-hash=\"#elementor-action%3Aaction%3Dlightbox%26settings%3DW10%3D\">\n\t\t\t\t\t\t\t<img decoding=\"async\" src=\"https:\/\/www.hs-aalen.de\/uploads\/mediapool\/media\/file\/44491\/image_200_Bild13.jpg\" title=\"\" alt=\"\" loading=\"lazy\" \/>\t\t\t\t\t\t\t\t<\/a>\n\t\t\t\t\t\t\t\t\t\t\t\t\t\t\t<\/div>\n\t\t\t\t<\/div>\n\t\t\t\t\t<\/div>\n\t\t\t\t<\/div>\n\t\t<div class=\"elementor-element elementor-element-b40816e e-flex e-con-boxed e-con e-parent\" data-id=\"b40816e\" data-element_type=\"container\" data-settings=\"{&quot;background_background&quot;:&quot;classic&quot;}\">\n\t\t\t\t\t<div class=\"e-con-inner\">\n\t\t\t\t<div class=\"elementor-element elementor-element-1187f9f elementor-widget elementor-widget-text-editor\" data-id=\"1187f9f\" data-element_type=\"widget\" data-widget_type=\"text-editor.default\">\n\t\t\t\t<div class=\"elementor-widget-container\">\n\t\t\t\t\t\t\t\t\t<h2>Fachvortr\u00e4ge<\/h2><p>Zum Wissenstransfer und zur Projektkommunikation wurden sowohl national als auch international verschiedene Fachvortr\u00e4ge gehalten:<\/p>\t\t\t\t\t\t\t\t<\/div>\n\t\t\t\t<\/div>\n\t\t\t\t\t<\/div>\n\t\t\t\t<\/div>\n\t\t<div class=\"elementor-element elementor-element-07b14bc e-grid e-con-boxed e-con e-parent\" data-id=\"07b14bc\" data-element_type=\"container\" data-settings=\"{&quot;background_background&quot;:&quot;classic&quot;}\">\n\t\t\t\t\t<div class=\"e-con-inner\">\n\t\t\t\t<div class=\"elementor-element elementor-element-b499148 elementor-widget elementor-widget-text-editor\" data-id=\"b499148\" data-element_type=\"widget\" data-widget_type=\"text-editor.default\">\n\t\t\t\t<div class=\"elementor-widget-container\">\n\t\t\t\t\t\t\t\t\t<p><em><strong>KES International:<\/strong><\/em>\u00a0<span style=\"color: #0000ff;\"><a style=\"color: #0000ff;\" href=\"http:\/\/www.kesinternational.org\/index.php\" target=\"_blank\" rel=\"noopener noreferrer\">http:\/\/www.kesinternational.org\/index.php<\/a><\/span><\/p>\t\t\t\t\t\t\t\t<\/div>\n\t\t\t\t<\/div>\n\t\t\t\t<div class=\"elementor-element elementor-element-f02b029 elementor-widget elementor-widget-image\" data-id=\"f02b029\" data-element_type=\"widget\" data-widget_type=\"image.default\">\n\t\t\t\t<div class=\"elementor-widget-container\">\n\t\t\t\t\t\t\t\t\t\t\t\t\t\t\t<img decoding=\"async\" src=\"https:\/\/www.hs-aalen.de\/uploads\/mediapool\/media\/file\/44492\/image_200_KESLogo.png\" title=\"\" alt=\"\" loading=\"lazy\" \/>\t\t\t\t\t\t\t\t\t\t\t\t\t\t\t<\/div>\n\t\t\t\t<\/div>\n\t\t\t\t\t<\/div>\n\t\t\t\t<\/div>\n\t\t<div class=\"elementor-element elementor-element-106c42f e-flex e-con-boxed e-con e-parent\" data-id=\"106c42f\" data-element_type=\"container\" data-settings=\"{&quot;background_background&quot;:&quot;classic&quot;}\">\n\t\t\t\t\t<div class=\"e-con-inner\">\n\t\t\t\t<div class=\"elementor-element elementor-element-2ab9a27 elementor-widget elementor-widget-text-editor\" data-id=\"2ab9a27\" data-element_type=\"widget\" data-widget_type=\"text-editor.default\">\n\t\t\t\t<div class=\"elementor-widget-container\">\n\t\t\t\t\t\t\t\t\t<p>Im Rahmen des Projekts wurden mehrere Fachvortr\u00e4ge auf Konferenzen der KES gehalten. Auf der Unterkonferenz \u201eSmart Digital Futures 2023\u201c, in Rom, konnten Forschungsergebnisse pr\u00e4sentiert werden. In der Studie konnte mittels eines Strukturgleichungsmodells dargestellt werden, dass ein signifikanter positiver Zusammenhang zwischen der Bedeutung von Betriebsgeheimnissen, den Pr\u00e4ventionsma\u00dfnahmen und der wahrgenommenen Bedrohung durch Industriespionage besteht.<\/p><p>Im gleichen Jahr erfolgte ein weiterer Vortrag \u00fcber die Ergebnisse einer weiteren Studie auf der KES-Hauptkonferenz in Athen. Es wurden Informationen zum aktuellen Ausstattungsstand und Knowhow bez\u00fcglich Cybersecurity in KMU, sowie Informationen zum Unterst\u00fctzungsbedarf von KMU dargestellt. Zudem wurde ein Strukturgleichungsmodell vorgestellt, welches signifikante, positive Einfl\u00fcsse von \u201eTatmotiven\u201c und \u201efehlender Pr\u00e4vention\u201c auf die Bedrohung von KMU durch Cyberkriminalit\u00e4t zeigt.<\/p><p>Aufgrund der gro\u00dfen Aktualit\u00e4t und Wichtigkeit des Themas \u201eCybersecurity in KMU\u201c wurde Prof. Dr. Ralf H\u00e4rting als Key-Note-Speaker f\u00fcr die KES 2024 in Sevilla eingeladen. Mit 45 Minuten auf der Hauptb\u00fchne der Konferenz fokussierte sich der Vortrag auf den CyberSicherheitsCheck f\u00fcr KMU und bietet die Ver\u00f6ffentlichung und Diskussion des Konzepts im internationalen Kontext.<\/p>\t\t\t\t\t\t\t\t<\/div>\n\t\t\t\t<\/div>\n\t\t\t\t\t<\/div>\n\t\t\t\t<\/div>\n\t\t<div class=\"elementor-element elementor-element-9387c17 e-grid e-con-boxed e-con e-parent\" data-id=\"9387c17\" data-element_type=\"container\" data-settings=\"{&quot;background_background&quot;:&quot;classic&quot;}\">\n\t\t\t\t\t<div class=\"e-con-inner\">\n\t\t\t\t<div class=\"elementor-element elementor-element-5bdb49f elementor-widget elementor-widget-text-editor\" data-id=\"5bdb49f\" data-element_type=\"widget\" data-widget_type=\"text-editor.default\">\n\t\t\t\t<div class=\"elementor-widget-container\">\n\t\t\t\t\t\t\t\t\t<p><em><strong>ATINER<\/strong>:<\/em>\u00a0<span style=\"color: #0000ff;\"><a style=\"color: #0000ff;\" href=\"https:\/\/www.atiner.gr\/2024conferences\" target=\"_blank\" rel=\"noopener noreferrer\">https:\/\/www.atiner.gr\/2024conferences<\/a><\/span><\/p>\t\t\t\t\t\t\t\t<\/div>\n\t\t\t\t<\/div>\n\t\t\t\t\t<\/div>\n\t\t\t\t<\/div>\n\t\t<div class=\"elementor-element elementor-element-90ccb4a e-flex e-con-boxed e-con e-parent\" data-id=\"90ccb4a\" data-element_type=\"container\" data-settings=\"{&quot;background_background&quot;:&quot;classic&quot;}\">\n\t\t\t\t\t<div class=\"e-con-inner\">\n\t\t\t\t<div class=\"elementor-element elementor-element-f846b14 elementor-widget elementor-widget-text-editor\" data-id=\"f846b14\" data-element_type=\"widget\" data-widget_type=\"text-editor.default\">\n\t\t\t\t<div class=\"elementor-widget-container\">\n\t\t\t\t\t\t\t\t\t<p>2024 wurde das Projekt CyberWuP von Prof. Dr. Christoph Karg pr\u00e4sentiert und in einem Expertengremium aus der Informatik diskutiert. Neben der M\u00f6glichkeit der Publikation der Arbeiten, wurde von Prof. Dr. Christoph Karg auch ein weiterer Symposiumstermin wahrgenommen.<\/p><p>Zudem konnte das Konzept im Rahmen eines Vortrages an der Universit\u00e4t in Johannesburg, S\u00fcdafrika vorgestellt werden. Weitere Einladungen national und international zur Vorstellung des Konzeptes liegen vor.<\/p>\t\t\t\t\t\t\t\t<\/div>\n\t\t\t\t<\/div>\n\t\t\t\t\t<\/div>\n\t\t\t\t<\/div>\n\t\t<div class=\"elementor-element elementor-element-a8627b2 e-flex e-con-boxed e-con e-parent\" data-id=\"a8627b2\" data-element_type=\"container\" data-settings=\"{&quot;background_background&quot;:&quot;classic&quot;}\">\n\t\t\t\t\t<div class=\"e-con-inner\">\n\t\t\t\t<div class=\"elementor-element elementor-element-4977ea1 elementor-widget elementor-widget-text-editor\" data-id=\"4977ea1\" data-element_type=\"widget\" data-widget_type=\"text-editor.default\">\n\t\t\t\t<div class=\"elementor-widget-container\">\n\t\t\t\t\t\t\t\t\t<h2>Lehre<\/h2><p>Die Inhalte des Projekts wurden in der Lehre der Hochschule Aalen integriert, insbesondere im Bachelorstudiengang \u201eBetriebswirtschaft f\u00fcr kleine und mittlere Unternehmen\u201c und den Masterstudieng\u00e4ngen \u201eMittelstandsmanagement\u201c und \u201eWirtschaftsinformatik\u201c. Studierende besch\u00e4ftigten sich im Rahmen von Vorlesungen, Seminaren, Teamprojekten und Abschlussarbeiten mit den Themen des Projekts und erarbeiteten Studienarbeiten. Auf dem Transfertag konnten Bachelorstudierende ihre Arbeiten pr\u00e4sentieren und sich mit Fachleuten austauschen. Herausragende Abschlussarbeiten werden zur Ver\u00f6ffentlichung unterst\u00fctzt und ermutigt.<\/p><p>Im Rahmen der studentischen Projekte und Abschlussarbeiten behandelte Themen waren:<\/p><ul><li>Cyber Security Culture in SME<\/li><li>Cyberabwehr in KMU \u2013 Motivationsanalyse<\/li><li>Gamification in Cybersecurity \u2013 Trainig for SME<\/li><li>Industriespionage als Gefahr f\u00fcr KMU<\/li><li>Cybersicherheit und Management 4.0 in KMU<\/li><li>Deteminants of Establishing a Successfull Cyber Security Culture in SMEs<\/li><li>Umsetzung einer Zero-Trust-Architektur f\u00fcr ein KMU<\/li><li>Organisatorische Anpassungserfordernisse durch zunehmende Cyberbedrohungen<\/li><li>Resilienz von Mitarbeitenden in KMU gegen\u00fcber Cyberbedrohungen und deren Motivation<\/li><li>Wirtschaftsspionage und Konkurrenzaussp\u00e4hung<\/li><li>Potential of Zero Trust as a Security Business Model for SME<\/li><li>Cybersecurity in SMEs \u2013 Drivers of Cybercrime, Insufficient Equipment and Prevention<\/li><li>DIN SPEC 27076, NIS 2 Richtlinie<\/li><li>Authentification<\/li><li>Statistiken zu Cyberattacken<\/li><li>Unternehmensbeispiele f\u00fcr Cyberattacken<\/li><\/ul>\t\t\t\t\t\t\t\t<\/div>\n\t\t\t\t<\/div>\n\t\t\t\t\t<\/div>\n\t\t\t\t<\/div>\n\t\t<div class=\"elementor-element elementor-element-bc075ef e-flex e-con-boxed e-con e-parent\" data-id=\"bc075ef\" data-element_type=\"container\" data-settings=\"{&quot;background_background&quot;:&quot;classic&quot;}\">\n\t\t\t\t\t<div class=\"e-con-inner\">\n\t\t<div class=\"elementor-element elementor-element-fd10f87 e-con-full e-flex e-con e-child\" data-id=\"fd10f87\" data-element_type=\"container\">\n\t\t<div class=\"elementor-element elementor-element-3a78a17 e-grid e-con-full e-con e-child\" data-id=\"3a78a17\" data-element_type=\"container\">\n\t\t<div class=\"elementor-element elementor-element-d1c9dc2 e-con-full e-flex e-con e-child\" data-id=\"d1c9dc2\" data-element_type=\"container\" data-settings=\"{&quot;background_background&quot;:&quot;classic&quot;}\">\n\t\t\t\t<div class=\"elementor-element elementor-element-708f113 elementor-align-center elementor-widget elementor-widget-button\" data-id=\"708f113\" data-element_type=\"widget\" data-widget_type=\"button.default\">\n\t\t\t\t<div class=\"elementor-widget-container\">\n\t\t\t\t\t\t\t\t\t<div class=\"elementor-button-wrapper\">\n\t\t\t\t\t<a class=\"elementor-button elementor-button-link elementor-size-sm\" href=\"http:\/\/www.kmu-aalen.de\/kmu\/ausgangssituation\/\">\n\t\t\t\t\t\t<span class=\"elementor-button-content-wrapper\">\n\t\t\t\t\t\t\t\t\t<span class=\"elementor-button-text\">Ausgangssituation<\/span>\n\t\t\t\t\t<\/span>\n\t\t\t\t\t<\/a>\n\t\t\t\t<\/div>\n\t\t\t\t\t\t\t\t<\/div>\n\t\t\t\t<\/div>\n\t\t\t\t<\/div>\n\t\t<div class=\"elementor-element elementor-element-6438e98 e-con-full e-flex e-con e-child\" data-id=\"6438e98\" data-element_type=\"container\" data-settings=\"{&quot;background_background&quot;:&quot;classic&quot;}\">\n\t\t\t\t<div class=\"elementor-element elementor-element-e9757df elementor-align-center elementor-widget elementor-widget-button\" data-id=\"e9757df\" data-element_type=\"widget\" data-widget_type=\"button.default\">\n\t\t\t\t<div class=\"elementor-widget-container\">\n\t\t\t\t\t\t\t\t\t<div class=\"elementor-button-wrapper\">\n\t\t\t\t\t<a class=\"elementor-button elementor-button-link elementor-size-sm\" href=\"http:\/\/www.kmu-aalen.de\/kmu\/beratungskonzept\/\">\n\t\t\t\t\t\t<span class=\"elementor-button-content-wrapper\">\n\t\t\t\t\t\t\t\t\t<span class=\"elementor-button-text\">Beratungskonzept<\/span>\n\t\t\t\t\t<\/span>\n\t\t\t\t\t<\/a>\n\t\t\t\t<\/div>\n\t\t\t\t\t\t\t\t<\/div>\n\t\t\t\t<\/div>\n\t\t\t\t<\/div>\n\t\t<div class=\"elementor-element elementor-element-0806fd0 e-con-full e-flex e-con e-child\" data-id=\"0806fd0\" data-element_type=\"container\" data-settings=\"{&quot;background_background&quot;:&quot;classic&quot;}\">\n\t\t\t\t<div class=\"elementor-element elementor-element-0189132 elementor-align-center elementor-widget elementor-widget-button\" data-id=\"0189132\" data-element_type=\"widget\" data-widget_type=\"button.default\">\n\t\t\t\t<div class=\"elementor-widget-container\">\n\t\t\t\t\t\t\t\t\t<div class=\"elementor-button-wrapper\">\n\t\t\t\t\t<a class=\"elementor-button elementor-button-link elementor-size-sm\" href=\"http:\/\/www.kmu-aalen.de\/kmu\/personen\/\">\n\t\t\t\t\t\t<span class=\"elementor-button-content-wrapper\">\n\t\t\t\t\t\t\t\t\t<span class=\"elementor-button-text\">Projektteam<\/span>\n\t\t\t\t\t<\/span>\n\t\t\t\t\t<\/a>\n\t\t\t\t<\/div>\n\t\t\t\t\t\t\t\t<\/div>\n\t\t\t\t<\/div>\n\t\t\t\t<\/div>\n\t\t<div class=\"elementor-element elementor-element-4523c75 e-con-full e-flex e-con e-child\" data-id=\"4523c75\" data-element_type=\"container\" data-settings=\"{&quot;background_background&quot;:&quot;classic&quot;}\">\n\t\t\t\t<div class=\"elementor-element elementor-element-f7beff6 elementor-align-center elementor-widget elementor-widget-button\" data-id=\"f7beff6\" data-element_type=\"widget\" data-widget_type=\"button.default\">\n\t\t\t\t<div class=\"elementor-widget-container\">\n\t\t\t\t\t\t\t\t\t<div class=\"elementor-button-wrapper\">\n\t\t\t\t\t<a class=\"elementor-button elementor-button-link elementor-size-sm\" href=\"http:\/\/www.kmu-aalen.de\/kmu\/kooperationspartner\/\">\n\t\t\t\t\t\t<span class=\"elementor-button-content-wrapper\">\n\t\t\t\t\t\t\t\t\t<span class=\"elementor-button-text\">Kooperationspartner:innen<\/span>\n\t\t\t\t\t<\/span>\n\t\t\t\t\t<\/a>\n\t\t\t\t<\/div>\n\t\t\t\t\t\t\t\t<\/div>\n\t\t\t\t<\/div>\n\t\t\t\t<\/div>\n\t\t<div class=\"elementor-element elementor-element-1aebd35 e-con-full e-flex e-con e-child\" data-id=\"1aebd35\" data-element_type=\"container\" data-settings=\"{&quot;background_background&quot;:&quot;classic&quot;}\">\n\t\t\t\t<div class=\"elementor-element elementor-element-69ea3d0 elementor-align-center elementor-widget elementor-widget-button\" data-id=\"69ea3d0\" data-element_type=\"widget\" data-widget_type=\"button.default\">\n\t\t\t\t<div class=\"elementor-widget-container\">\n\t\t\t\t\t\t\t\t\t<div class=\"elementor-button-wrapper\">\n\t\t\t\t\t<a class=\"elementor-button elementor-button-link elementor-size-sm\" href=\"http:\/\/www.kmu-aalen.de\/kmu\/wissenschaftliche-begleitung\/\">\n\t\t\t\t\t\t<span class=\"elementor-button-content-wrapper\">\n\t\t\t\t\t\t\t\t\t<span class=\"elementor-button-text\">Wissenschaftliche Begleitung<\/span>\n\t\t\t\t\t<\/span>\n\t\t\t\t\t<\/a>\n\t\t\t\t<\/div>\n\t\t\t\t\t\t\t\t<\/div>\n\t\t\t\t<\/div>\n\t\t\t\t<\/div>\n\t\t<div class=\"elementor-element elementor-element-e68e352 e-con-full e-flex e-con e-child\" data-id=\"e68e352\" data-element_type=\"container\" data-settings=\"{&quot;background_background&quot;:&quot;classic&quot;}\">\n\t\t\t\t<div class=\"elementor-element elementor-element-8855e60 elementor-align-center elementor-widget__width-inherit elementor-widget elementor-widget-button\" data-id=\"8855e60\" data-element_type=\"widget\" data-widget_type=\"button.default\">\n\t\t\t\t<div class=\"elementor-widget-container\">\n\t\t\t\t\t\t\t\t\t<div class=\"elementor-button-wrapper\">\n\t\t\t\t\t<a class=\"elementor-button elementor-button-link elementor-size-sm\" href=\"http:\/\/www.kmu-aalen.de\/kmu\/wissenstransfer\/\">\n\t\t\t\t\t\t<span class=\"elementor-button-content-wrapper\">\n\t\t\t\t\t\t\t\t\t<span class=\"elementor-button-text\">Wissenstransfer<\/span>\n\t\t\t\t\t<\/span>\n\t\t\t\t\t<\/a>\n\t\t\t\t<\/div>\n\t\t\t\t\t\t\t\t<\/div>\n\t\t\t\t<\/div>\n\t\t\t\t<\/div>\n\t\t\t\t<\/div>\n\t\t\t\t<\/div>\n\t\t\t\t\t<\/div>\n\t\t\t\t<\/div>\n\t\t\t\t<\/div>\n\t\t","protected":false},"excerpt":{"rendered":"<p>Wissenstransfer Eine weitere wichtige S\u00e4ule des Projekts ist der Transfer von Wissen. In diesem Bereich gab es Aktivit\u00e4ten in Form von Teilnahmen und Pr\u00e4sentationen auf verschiedenen Fachkonferenzen, Fachvortr\u00e4ge, Lehrveranstaltungen und ein gro\u00dfes Vernetzungs- und Transferevent, den Transfertag 2024: Transfertag Der Transfertag der Hochschule Aalen ist ein etabliertes Forum zur Vermittlung von Wissen zwischen Wissenschaft und [&hellip;]<\/p>\n","protected":false},"author":2,"featured_media":0,"parent":0,"menu_order":0,"comment_status":"closed","ping_status":"closed","template":"","meta":{"ocean_post_layout":"full-screen","ocean_both_sidebars_style":"","ocean_both_sidebars_content_width":0,"ocean_both_sidebars_sidebars_width":0,"ocean_sidebar":"","ocean_second_sidebar":"","ocean_disable_margins":"enable","ocean_add_body_class":"","ocean_shortcode_before_top_bar":"","ocean_shortcode_after_top_bar":"","ocean_shortcode_before_header":"","ocean_shortcode_after_header":"","ocean_has_shortcode":"","ocean_shortcode_after_title":"","ocean_shortcode_before_footer_widgets":"","ocean_shortcode_after_footer_widgets":"","ocean_shortcode_before_footer_bottom":"","ocean_shortcode_after_footer_bottom":"","ocean_display_top_bar":"default","ocean_display_header":"default","ocean_header_style":"","ocean_center_header_left_menu":"","ocean_custom_header_template":"","ocean_custom_logo":0,"ocean_custom_retina_logo":0,"ocean_custom_logo_max_width":0,"ocean_custom_logo_tablet_max_width":0,"ocean_custom_logo_mobile_max_width":0,"ocean_custom_logo_max_height":0,"ocean_custom_logo_tablet_max_height":0,"ocean_custom_logo_mobile_max_height":0,"ocean_header_custom_menu":"","ocean_menu_typo_font_family":"","ocean_menu_typo_font_subset":"","ocean_menu_typo_font_size":0,"ocean_menu_typo_font_size_tablet":0,"ocean_menu_typo_font_size_mobile":0,"ocean_menu_typo_font_size_unit":"px","ocean_menu_typo_font_weight":"","ocean_menu_typo_font_weight_tablet":"","ocean_menu_typo_font_weight_mobile":"","ocean_menu_typo_transform":"","ocean_menu_typo_transform_tablet":"","ocean_menu_typo_transform_mobile":"","ocean_menu_typo_line_height":0,"ocean_menu_typo_line_height_tablet":0,"ocean_menu_typo_line_height_mobile":0,"ocean_menu_typo_line_height_unit":"","ocean_menu_typo_spacing":0,"ocean_menu_typo_spacing_tablet":0,"ocean_menu_typo_spacing_mobile":0,"ocean_menu_typo_spacing_unit":"","ocean_menu_link_color":"","ocean_menu_link_color_hover":"","ocean_menu_link_color_active":"","ocean_menu_link_background":"","ocean_menu_link_hover_background":"","ocean_menu_link_active_background":"","ocean_menu_social_links_bg":"","ocean_menu_social_hover_links_bg":"","ocean_menu_social_links_color":"","ocean_menu_social_hover_links_color":"","ocean_disable_title":"default","ocean_disable_heading":"default","ocean_post_title":"","ocean_post_subheading":"","ocean_post_title_style":"","ocean_post_title_background_color":"","ocean_post_title_background":0,"ocean_post_title_bg_image_position":"","ocean_post_title_bg_image_attachment":"","ocean_post_title_bg_image_repeat":"","ocean_post_title_bg_image_size":"","ocean_post_title_height":0,"ocean_post_title_bg_overlay":0.5,"ocean_post_title_bg_overlay_color":"","ocean_disable_breadcrumbs":"default","ocean_breadcrumbs_color":"","ocean_breadcrumbs_separator_color":"","ocean_breadcrumbs_links_color":"","ocean_breadcrumbs_links_hover_color":"","ocean_display_footer_widgets":"default","ocean_display_footer_bottom":"default","ocean_custom_footer_template":"","footnotes":""},"class_list":["post-2389","page","type-page","status-publish","hentry","entry"],"_links":{"self":[{"href":"http:\/\/www.kmu-aalen.de\/kmu\/wp-json\/wp\/v2\/pages\/2389","targetHints":{"allow":["GET"]}}],"collection":[{"href":"http:\/\/www.kmu-aalen.de\/kmu\/wp-json\/wp\/v2\/pages"}],"about":[{"href":"http:\/\/www.kmu-aalen.de\/kmu\/wp-json\/wp\/v2\/types\/page"}],"author":[{"embeddable":true,"href":"http:\/\/www.kmu-aalen.de\/kmu\/wp-json\/wp\/v2\/users\/2"}],"replies":[{"embeddable":true,"href":"http:\/\/www.kmu-aalen.de\/kmu\/wp-json\/wp\/v2\/comments?post=2389"}],"version-history":[{"count":29,"href":"http:\/\/www.kmu-aalen.de\/kmu\/wp-json\/wp\/v2\/pages\/2389\/revisions"}],"predecessor-version":[{"id":3226,"href":"http:\/\/www.kmu-aalen.de\/kmu\/wp-json\/wp\/v2\/pages\/2389\/revisions\/3226"}],"wp:attachment":[{"href":"http:\/\/www.kmu-aalen.de\/kmu\/wp-json\/wp\/v2\/media?parent=2389"}],"curies":[{"name":"wp","href":"https:\/\/api.w.org\/{rel}","templated":true}]}}