{"id":2384,"date":"2025-10-22T20:20:08","date_gmt":"2025-10-22T18:20:08","guid":{"rendered":"http:\/\/www.kmu-aalen.de\/kmu\/?page_id=2384"},"modified":"2025-11-25T21:10:21","modified_gmt":"2025-11-25T20:10:21","slug":"kooperationspartner","status":"publish","type":"page","link":"http:\/\/www.kmu-aalen.de\/kmu\/kooperationspartner\/","title":{"rendered":"Kooperationspartner:innen"},"content":{"rendered":"\t\t<div data-elementor-type=\"wp-page\" data-elementor-id=\"2384\" class=\"elementor elementor-2384\">\n\t\t\t\t\t\t<header class=\"elementor-section elementor-top-section elementor-element elementor-element-546fa16 elementor-section-height-min-height elementor-section-boxed elementor-section-height-default elementor-section-items-middle\" data-id=\"546fa16\" data-element_type=\"section\" data-settings=\"{&quot;background_background&quot;:&quot;gradient&quot;}\">\n\t\t\t\t\t\t\t<div class=\"elementor-background-overlay\"><\/div>\n\t\t\t\t\t\t\t<div class=\"elementor-container elementor-column-gap-default\">\n\t\t\t\t\t<div class=\"elementor-column elementor-col-100 elementor-top-column elementor-element elementor-element-2a31f9b\" data-id=\"2a31f9b\" data-element_type=\"column\">\n\t\t\t<div class=\"elementor-widget-wrap elementor-element-populated\">\n\t\t\t\t\t\t<div class=\"elementor-element elementor-element-23fe385 elementor-widget__width-initial elementor-widget elementor-widget-heading\" data-id=\"23fe385\" data-element_type=\"widget\" data-widget_type=\"heading.default\">\n\t\t\t\t<div class=\"elementor-widget-container\">\n\t\t\t\t\t<h1 class=\"elementor-heading-title elementor-size-default\">Kooperationspartner:innen<\/h1>\t\t\t\t<\/div>\n\t\t\t\t<\/div>\n\t\t\t\t\t<\/div>\n\t\t<\/div>\n\t\t\t\t\t<\/div>\n\t\t<\/header>\n\t\t<div class=\"elementor-element elementor-element-37c83f8 e-grid e-con-boxed e-con e-parent\" data-id=\"37c83f8\" data-element_type=\"container\" data-settings=\"{&quot;background_background&quot;:&quot;classic&quot;}\">\n\t\t\t\t\t<div class=\"e-con-inner\">\n\t\t\t\t<div class=\"elementor-element elementor-element-24936d4 elementor-widget__width-inherit elementor-widget elementor-widget-image\" data-id=\"24936d4\" data-element_type=\"widget\" data-widget_type=\"image.default\">\n\t\t\t\t<div class=\"elementor-widget-container\">\n\t\t\t\t\t\t\t\t\t\t\t\t\t\t\t\t<a href=\"https:\/\/www.hs-aalen.de\/uploads\/mediapool\/media\/file\/44499\/image_300_AdobeStock_377539437.jpeg\" data-elementor-open-lightbox=\"yes\" data-e-action-hash=\"#elementor-action%3Aaction%3Dlightbox%26settings%3DW10%3D\">\n\t\t\t\t\t\t\t<img decoding=\"async\" src=\"https:\/\/www.hs-aalen.de\/uploads\/mediapool\/media\/file\/44499\/image_300_AdobeStock_377539437.jpeg\" title=\"\" alt=\"\" loading=\"lazy\" \/>\t\t\t\t\t\t\t\t<\/a>\n\t\t\t\t\t\t\t\t\t\t\t\t\t\t\t<\/div>\n\t\t\t\t<\/div>\n\t\t\t\t<div class=\"elementor-element elementor-element-c1c7e5a elementor-widget elementor-widget-text-editor\" data-id=\"c1c7e5a\" data-element_type=\"widget\" data-widget_type=\"text-editor.default\">\n\t\t\t\t<div class=\"elementor-widget-container\">\n\t\t\t\t\t\t\t\t\t<p>Die Einbindung von Kooperationspartnern, wie der Industrie- und Handelskammern Ostw\u00fcrttemberg und Heilbronn-Franken sowie der Handwerkskammern Ulm und Heilbronn-Franken, gew\u00e4hrleistet die praxisnahe Ausrichtung des Beratungskonzepts. <br \/>Im Dezember 2022 mussten die Handwerkskammern aufgrund von Personalmangel ihr Engagement reduzieren. Mitte 2023 kam die IHK Stuttgart sowie die IHK Oberschwaben hinzu, w\u00e4hrend sich die IHK Heilbronn-Franken zur\u00fcckzog.<\/p><p>Im Juni 2024 konnten die Handwerkskammern Ulm, Reutlingen, Stuttgart, Karlsruhe, Mannheim und Bauwirtschaft BW als neue Partner gewonnen werden, die nach einer Multiplikatorenschulung die Pilotierung der HWKen \u00fcbernahmen.<\/p>\t\t\t\t\t\t\t\t<\/div>\n\t\t\t\t<\/div>\n\t\t\t\t\t<\/div>\n\t\t\t\t<\/div>\n\t\t<div class=\"elementor-element elementor-element-d26980a e-grid e-con-boxed e-con e-parent\" data-id=\"d26980a\" data-element_type=\"container\" data-settings=\"{&quot;background_background&quot;:&quot;classic&quot;}\">\n\t\t\t\t\t<div class=\"e-con-inner\">\n\t\t\t\t<div class=\"elementor-element elementor-element-e5990d3 elementor-widget elementor-widget-text-editor\" data-id=\"e5990d3\" data-element_type=\"widget\" data-widget_type=\"text-editor.default\">\n\t\t\t\t<div class=\"elementor-widget-container\">\n\t\t\t\t\t\t\t\t\t<p>Da mit Abstand die meisten Kammermitglieder Kleinst- und Kleinunternehmen sind, entspricht die Zusammenarbeit ideal der Zielgruppe des Projekts. Die Kammern kennen die Bed\u00fcrfnisse der KMU in Bezug auf Cybersicherheit und k\u00f6nnen \u00fcber ihr Beraternetzwerk gezielt Ma\u00dfnahmen vorantreiben. Die Kammern, insbesondere die IHK Ostw\u00fcrttemberg, unterst\u00fctzten das Projekt durch fachlichen Austausch, Umfragen, die Vermittlung von KMU f\u00fcr Pilotprojekte und die Bereitstellung von Beratungen. Sie konnten durch die Aufnahme des CyberSicherheitsChecks f\u00fcr KMU ihr Angebot um eine Cybersicherheits-Erstberatung, kostenlos f\u00fcr Mitgliedsunternehmen, erweitern. Die Ausweitung auf weitere Multiplikatoren wird seitens des Innenministeriums BaW\u00fc vorangetrieben und l\u00e4uft \u00fcber das Jahr 2024 hinaus.<\/p>\t\t\t\t\t\t\t\t<\/div>\n\t\t\t\t<\/div>\n\t\t\t\t<div class=\"elementor-element elementor-element-eb73a1b elementor-widget__width-inherit elementor-widget elementor-widget-image\" data-id=\"eb73a1b\" data-element_type=\"widget\" data-widget_type=\"image.default\">\n\t\t\t\t<div class=\"elementor-widget-container\">\n\t\t\t\t\t\t\t\t\t\t\t\t\t\t\t\t<a href=\"https:\/\/www.hs-aalen.de\/uploads\/mediapool\/media\/file\/44500\/image_300_AdobeStock_276036738.jpeg\" data-elementor-open-lightbox=\"yes\" data-e-action-hash=\"#elementor-action%3Aaction%3Dlightbox%26settings%3DW10%3D\">\n\t\t\t\t\t\t\t<img decoding=\"async\" src=\"https:\/\/www.hs-aalen.de\/uploads\/mediapool\/media\/file\/44500\/image_300_AdobeStock_276036738.jpeg\" title=\"\" alt=\"\" loading=\"lazy\" \/>\t\t\t\t\t\t\t\t<\/a>\n\t\t\t\t\t\t\t\t\t\t\t\t\t\t\t<\/div>\n\t\t\t\t<\/div>\n\t\t\t\t\t<\/div>\n\t\t\t\t<\/div>\n\t\t<div class=\"elementor-element elementor-element-b9f39d5 e-grid e-con-boxed e-con e-parent\" data-id=\"b9f39d5\" data-element_type=\"container\" data-settings=\"{&quot;background_background&quot;:&quot;classic&quot;}\">\n\t\t\t\t\t<div class=\"e-con-inner\">\n\t\t\t\t<div class=\"elementor-element elementor-element-9047936 elementor-widget elementor-widget-text-editor\" data-id=\"9047936\" data-element_type=\"widget\" data-widget_type=\"text-editor.default\">\n\t\t\t\t<div class=\"elementor-widget-container\">\n\t\t\t\t\t\t\t\t\t<h2>Weitere Partner<\/h2><p>Zus\u00e4tzlich wurde Expertise aus Sicherheitsbeh\u00f6rden, insbesondere dem Landeskriminalamt, Landesbeauftragten f\u00fcr Datenschutz und Informationsfreiheit, Zentrum f\u00fcr Neurowissenschaften und Lernen (ZNL) Ulm und einem IT-Dienstleister, eingebunden. In mehreren Workshops und Arbeitsgruppensitzungen wurde ein zielgruppenorientierter Beratungsprozess sowie umsetzbare Ma\u00dfnahmenempfehlungen erarbeitet. Das Konzept entstand in drei vorbereitenden Workshops, gefolgt von weiteren Sitzungen zur Entwicklung des Stufenmodells, der Erstberatung und der grundlegenden Vorgehensweisen.<\/p>\t\t\t\t\t\t\t\t<\/div>\n\t\t\t\t<\/div>\n\t\t\t\t\t<\/div>\n\t\t\t\t<\/div>\n\t\t<div class=\"elementor-element elementor-element-24eeb01 e-flex e-con-boxed e-con e-parent\" data-id=\"24eeb01\" data-element_type=\"container\" data-settings=\"{&quot;background_background&quot;:&quot;classic&quot;}\">\n\t\t\t\t\t<div class=\"e-con-inner\">\n\t\t<div class=\"elementor-element elementor-element-a7a6a33 e-con-full e-flex e-con e-child\" data-id=\"a7a6a33\" data-element_type=\"container\">\n\t\t<div class=\"elementor-element elementor-element-9f6e0a4 e-grid e-con-full e-con e-child\" data-id=\"9f6e0a4\" data-element_type=\"container\">\n\t\t<div class=\"elementor-element elementor-element-7a6d828 e-con-full e-flex e-con e-child\" data-id=\"7a6d828\" data-element_type=\"container\" data-settings=\"{&quot;background_background&quot;:&quot;classic&quot;}\">\n\t\t\t\t<div class=\"elementor-element elementor-element-f504602 elementor-align-center elementor-widget elementor-widget-button\" data-id=\"f504602\" data-element_type=\"widget\" data-widget_type=\"button.default\">\n\t\t\t\t<div class=\"elementor-widget-container\">\n\t\t\t\t\t\t\t\t\t<div class=\"elementor-button-wrapper\">\n\t\t\t\t\t<a class=\"elementor-button elementor-button-link elementor-size-sm\" href=\"http:\/\/www.kmu-aalen.de\/kmu\/ausgangssituation\/\">\n\t\t\t\t\t\t<span class=\"elementor-button-content-wrapper\">\n\t\t\t\t\t\t\t\t\t<span class=\"elementor-button-text\">Ausgangssituation<\/span>\n\t\t\t\t\t<\/span>\n\t\t\t\t\t<\/a>\n\t\t\t\t<\/div>\n\t\t\t\t\t\t\t\t<\/div>\n\t\t\t\t<\/div>\n\t\t\t\t<\/div>\n\t\t<div class=\"elementor-element elementor-element-65e14fd e-con-full e-flex e-con e-child\" data-id=\"65e14fd\" data-element_type=\"container\" data-settings=\"{&quot;background_background&quot;:&quot;classic&quot;}\">\n\t\t\t\t<div class=\"elementor-element elementor-element-384e595 elementor-align-center elementor-widget elementor-widget-button\" data-id=\"384e595\" data-element_type=\"widget\" data-widget_type=\"button.default\">\n\t\t\t\t<div class=\"elementor-widget-container\">\n\t\t\t\t\t\t\t\t\t<div class=\"elementor-button-wrapper\">\n\t\t\t\t\t<a class=\"elementor-button elementor-button-link elementor-size-sm\" href=\"http:\/\/www.kmu-aalen.de\/kmu\/beratungskonzept\/\">\n\t\t\t\t\t\t<span class=\"elementor-button-content-wrapper\">\n\t\t\t\t\t\t\t\t\t<span class=\"elementor-button-text\">Beratungskonzept<\/span>\n\t\t\t\t\t<\/span>\n\t\t\t\t\t<\/a>\n\t\t\t\t<\/div>\n\t\t\t\t\t\t\t\t<\/div>\n\t\t\t\t<\/div>\n\t\t\t\t<\/div>\n\t\t<div class=\"elementor-element elementor-element-447e703 e-con-full e-flex e-con e-child\" data-id=\"447e703\" data-element_type=\"container\" data-settings=\"{&quot;background_background&quot;:&quot;classic&quot;}\">\n\t\t\t\t<div class=\"elementor-element elementor-element-e616353 elementor-align-center elementor-widget elementor-widget-button\" data-id=\"e616353\" data-element_type=\"widget\" data-widget_type=\"button.default\">\n\t\t\t\t<div class=\"elementor-widget-container\">\n\t\t\t\t\t\t\t\t\t<div class=\"elementor-button-wrapper\">\n\t\t\t\t\t<a class=\"elementor-button elementor-button-link elementor-size-sm\" href=\"http:\/\/www.kmu-aalen.de\/kmu\/personen\/\">\n\t\t\t\t\t\t<span class=\"elementor-button-content-wrapper\">\n\t\t\t\t\t\t\t\t\t<span class=\"elementor-button-text\">Projektteam<\/span>\n\t\t\t\t\t<\/span>\n\t\t\t\t\t<\/a>\n\t\t\t\t<\/div>\n\t\t\t\t\t\t\t\t<\/div>\n\t\t\t\t<\/div>\n\t\t\t\t<\/div>\n\t\t<div class=\"elementor-element elementor-element-a0d4fa0 e-con-full e-flex e-con e-child\" data-id=\"a0d4fa0\" data-element_type=\"container\" data-settings=\"{&quot;background_background&quot;:&quot;classic&quot;}\">\n\t\t\t\t<div class=\"elementor-element elementor-element-fc27617 elementor-align-center elementor-widget elementor-widget-button\" data-id=\"fc27617\" data-element_type=\"widget\" data-widget_type=\"button.default\">\n\t\t\t\t<div class=\"elementor-widget-container\">\n\t\t\t\t\t\t\t\t\t<div class=\"elementor-button-wrapper\">\n\t\t\t\t\t<a class=\"elementor-button elementor-button-link elementor-size-sm\" href=\"http:\/\/www.kmu-aalen.de\/kmu\/kooperationspartner\/\">\n\t\t\t\t\t\t<span class=\"elementor-button-content-wrapper\">\n\t\t\t\t\t\t\t\t\t<span class=\"elementor-button-text\">Kooperationspartner:innen<\/span>\n\t\t\t\t\t<\/span>\n\t\t\t\t\t<\/a>\n\t\t\t\t<\/div>\n\t\t\t\t\t\t\t\t<\/div>\n\t\t\t\t<\/div>\n\t\t\t\t<\/div>\n\t\t<div class=\"elementor-element elementor-element-9dfdf78 e-con-full e-flex e-con e-child\" data-id=\"9dfdf78\" data-element_type=\"container\" data-settings=\"{&quot;background_background&quot;:&quot;classic&quot;}\">\n\t\t\t\t<div class=\"elementor-element elementor-element-6499580 elementor-align-center elementor-widget elementor-widget-button\" data-id=\"6499580\" data-element_type=\"widget\" data-widget_type=\"button.default\">\n\t\t\t\t<div class=\"elementor-widget-container\">\n\t\t\t\t\t\t\t\t\t<div class=\"elementor-button-wrapper\">\n\t\t\t\t\t<a class=\"elementor-button elementor-button-link elementor-size-sm\" href=\"http:\/\/www.kmu-aalen.de\/kmu\/wissenschaftliche-begleitung\/\">\n\t\t\t\t\t\t<span class=\"elementor-button-content-wrapper\">\n\t\t\t\t\t\t\t\t\t<span class=\"elementor-button-text\">Wissenschaftliche Begleitung<\/span>\n\t\t\t\t\t<\/span>\n\t\t\t\t\t<\/a>\n\t\t\t\t<\/div>\n\t\t\t\t\t\t\t\t<\/div>\n\t\t\t\t<\/div>\n\t\t\t\t<\/div>\n\t\t<div class=\"elementor-element elementor-element-d3318c5 e-con-full e-flex e-con e-child\" data-id=\"d3318c5\" data-element_type=\"container\" data-settings=\"{&quot;background_background&quot;:&quot;classic&quot;}\">\n\t\t\t\t<div class=\"elementor-element elementor-element-d96fb0d elementor-align-center elementor-widget elementor-widget-button\" data-id=\"d96fb0d\" data-element_type=\"widget\" data-widget_type=\"button.default\">\n\t\t\t\t<div class=\"elementor-widget-container\">\n\t\t\t\t\t\t\t\t\t<div class=\"elementor-button-wrapper\">\n\t\t\t\t\t<a class=\"elementor-button elementor-button-link elementor-size-sm\" href=\"http:\/\/www.kmu-aalen.de\/kmu\/wissenstransfer\/\">\n\t\t\t\t\t\t<span class=\"elementor-button-content-wrapper\">\n\t\t\t\t\t\t\t\t\t<span class=\"elementor-button-text\">Wissenstransfer<\/span>\n\t\t\t\t\t<\/span>\n\t\t\t\t\t<\/a>\n\t\t\t\t<\/div>\n\t\t\t\t\t\t\t\t<\/div>\n\t\t\t\t<\/div>\n\t\t\t\t<\/div>\n\t\t\t\t<\/div>\n\t\t\t\t<\/div>\n\t\t\t\t\t<\/div>\n\t\t\t\t<\/div>\n\t\t\t\t<\/div>\n\t\t","protected":false},"excerpt":{"rendered":"<p>Kooperationspartner:innen Die Einbindung von Kooperationspartnern, wie der Industrie- und Handelskammern Ostw\u00fcrttemberg und Heilbronn-Franken sowie der Handwerkskammern Ulm und Heilbronn-Franken, gew\u00e4hrleistet die praxisnahe Ausrichtung des Beratungskonzepts. Im Dezember 2022 mussten die Handwerkskammern aufgrund von Personalmangel ihr Engagement reduzieren. Mitte 2023 kam die IHK Stuttgart sowie die IHK Oberschwaben hinzu, w\u00e4hrend sich die IHK Heilbronn-Franken zur\u00fcckzog. Im [&hellip;]<\/p>\n","protected":false},"author":2,"featured_media":0,"parent":0,"menu_order":0,"comment_status":"closed","ping_status":"closed","template":"","meta":{"ocean_post_layout":"full-screen","ocean_both_sidebars_style":"","ocean_both_sidebars_content_width":0,"ocean_both_sidebars_sidebars_width":0,"ocean_sidebar":"","ocean_second_sidebar":"","ocean_disable_margins":"enable","ocean_add_body_class":"","ocean_shortcode_before_top_bar":"","ocean_shortcode_after_top_bar":"","ocean_shortcode_before_header":"","ocean_shortcode_after_header":"","ocean_has_shortcode":"","ocean_shortcode_after_title":"","ocean_shortcode_before_footer_widgets":"","ocean_shortcode_after_footer_widgets":"","ocean_shortcode_before_footer_bottom":"","ocean_shortcode_after_footer_bottom":"","ocean_display_top_bar":"default","ocean_display_header":"default","ocean_header_style":"","ocean_center_header_left_menu":"","ocean_custom_header_template":"","ocean_custom_logo":0,"ocean_custom_retina_logo":0,"ocean_custom_logo_max_width":0,"ocean_custom_logo_tablet_max_width":0,"ocean_custom_logo_mobile_max_width":0,"ocean_custom_logo_max_height":0,"ocean_custom_logo_tablet_max_height":0,"ocean_custom_logo_mobile_max_height":0,"ocean_header_custom_menu":"","ocean_menu_typo_font_family":"","ocean_menu_typo_font_subset":"","ocean_menu_typo_font_size":0,"ocean_menu_typo_font_size_tablet":0,"ocean_menu_typo_font_size_mobile":0,"ocean_menu_typo_font_size_unit":"px","ocean_menu_typo_font_weight":"","ocean_menu_typo_font_weight_tablet":"","ocean_menu_typo_font_weight_mobile":"","ocean_menu_typo_transform":"","ocean_menu_typo_transform_tablet":"","ocean_menu_typo_transform_mobile":"","ocean_menu_typo_line_height":0,"ocean_menu_typo_line_height_tablet":0,"ocean_menu_typo_line_height_mobile":0,"ocean_menu_typo_line_height_unit":"","ocean_menu_typo_spacing":0,"ocean_menu_typo_spacing_tablet":0,"ocean_menu_typo_spacing_mobile":0,"ocean_menu_typo_spacing_unit":"","ocean_menu_link_color":"","ocean_menu_link_color_hover":"","ocean_menu_link_color_active":"","ocean_menu_link_background":"","ocean_menu_link_hover_background":"","ocean_menu_link_active_background":"","ocean_menu_social_links_bg":"","ocean_menu_social_hover_links_bg":"","ocean_menu_social_links_color":"","ocean_menu_social_hover_links_color":"","ocean_disable_title":"default","ocean_disable_heading":"default","ocean_post_title":"","ocean_post_subheading":"","ocean_post_title_style":"","ocean_post_title_background_color":"","ocean_post_title_background":0,"ocean_post_title_bg_image_position":"","ocean_post_title_bg_image_attachment":"","ocean_post_title_bg_image_repeat":"","ocean_post_title_bg_image_size":"","ocean_post_title_height":0,"ocean_post_title_bg_overlay":0.5,"ocean_post_title_bg_overlay_color":"","ocean_disable_breadcrumbs":"default","ocean_breadcrumbs_color":"","ocean_breadcrumbs_separator_color":"","ocean_breadcrumbs_links_color":"","ocean_breadcrumbs_links_hover_color":"","ocean_display_footer_widgets":"default","ocean_display_footer_bottom":"default","ocean_custom_footer_template":"","footnotes":""},"class_list":["post-2384","page","type-page","status-publish","hentry","entry"],"_links":{"self":[{"href":"http:\/\/www.kmu-aalen.de\/kmu\/wp-json\/wp\/v2\/pages\/2384","targetHints":{"allow":["GET"]}}],"collection":[{"href":"http:\/\/www.kmu-aalen.de\/kmu\/wp-json\/wp\/v2\/pages"}],"about":[{"href":"http:\/\/www.kmu-aalen.de\/kmu\/wp-json\/wp\/v2\/types\/page"}],"author":[{"embeddable":true,"href":"http:\/\/www.kmu-aalen.de\/kmu\/wp-json\/wp\/v2\/users\/2"}],"replies":[{"embeddable":true,"href":"http:\/\/www.kmu-aalen.de\/kmu\/wp-json\/wp\/v2\/comments?post=2384"}],"version-history":[{"count":42,"href":"http:\/\/www.kmu-aalen.de\/kmu\/wp-json\/wp\/v2\/pages\/2384\/revisions"}],"predecessor-version":[{"id":3208,"href":"http:\/\/www.kmu-aalen.de\/kmu\/wp-json\/wp\/v2\/pages\/2384\/revisions\/3208"}],"wp:attachment":[{"href":"http:\/\/www.kmu-aalen.de\/kmu\/wp-json\/wp\/v2\/media?parent=2384"}],"curies":[{"name":"wp","href":"https:\/\/api.w.org\/{rel}","templated":true}]}}