{"id":46,"date":"2023-08-21T18:55:49","date_gmt":"2023-08-21T16:55:49","guid":{"rendered":"http:\/\/www.kmu-aalen.de\/kmu\/?page_id=46"},"modified":"2023-08-26T22:37:40","modified_gmt":"2023-08-26T20:37:40","slug":"ueberblicksseite-zum-transfertag","status":"publish","type":"page","link":"http:\/\/www.kmu-aalen.de\/kmu\/en\/ueberblicksseite-zum-transfertag\/","title":{"rendered":"Overview Page For Transfer Day"},"content":{"rendered":"<div data-elementor-type=\"wp-page\" data-elementor-id=\"46\" class=\"elementor elementor-46\">\n\t\t\t\t\t\t<header class=\"elementor-section elementor-top-section elementor-element elementor-element-6028cdd elementor-section-height-min-height elementor-section-boxed elementor-section-height-default elementor-section-items-middle\" data-id=\"6028cdd\" data-element_type=\"section\" data-settings=\"{&quot;background_background&quot;:&quot;gradient&quot;}\">\n\t\t\t\t\t\t\t<div class=\"elementor-background-overlay\"><\/div>\n\t\t\t\t\t\t\t<div class=\"elementor-container elementor-column-gap-default\">\n\t\t\t\t\t<div class=\"elementor-column elementor-col-100 elementor-top-column elementor-element elementor-element-1b7f1cbe\" data-id=\"1b7f1cbe\" data-element_type=\"column\">\n\t\t\t<div class=\"elementor-widget-wrap elementor-element-populated\">\n\t\t\t\t\t\t<div class=\"elementor-element elementor-element-147e6569 elementor-widget__width-initial elementor-widget elementor-widget-heading\" data-id=\"147e6569\" data-element_type=\"widget\" data-widget_type=\"heading.default\">\n\t\t\t\t<div class=\"elementor-widget-container\">\n\t\t\t\t\t<h1 class=\"elementor-heading-title elementor-size-default\">Overview Page For Transfer Day<\/h1>\t\t\t\t<\/div>\n\t\t\t\t<\/div>\n\t\t\t\t\t<\/div>\n\t\t<\/div>\n\t\t\t\t\t<\/div>\n\t\t<\/header>\n\t\t\t\t<section class=\"elementor-section elementor-top-section elementor-element elementor-element-56c9eec9 elementor-section-boxed elementor-section-height-default elementor-section-height-default\" data-id=\"56c9eec9\" data-element_type=\"section\" data-settings=\"{&quot;background_background&quot;:&quot;classic&quot;}\">\n\t\t\t\t\t\t<div class=\"elementor-container elementor-column-gap-default\">\n\t\t\t\t\t<div class=\"elementor-column elementor-col-100 elementor-top-column elementor-element elementor-element-21dd2acc\" data-id=\"21dd2acc\" data-element_type=\"column\">\n\t\t\t<div class=\"elementor-widget-wrap elementor-element-populated\">\n\t\t\t\t\t\t<section class=\"elementor-section elementor-inner-section elementor-element elementor-element-6e379521 elementor-section-boxed elementor-section-height-default elementor-section-height-default\" data-id=\"6e379521\" data-element_type=\"section\">\n\t\t\t\t\t\t<div class=\"elementor-container elementor-column-gap-default\">\n\t\t\t\t\t<div class=\"elementor-column elementor-col-100 elementor-inner-column elementor-element elementor-element-2f90b5de\" data-id=\"2f90b5de\" data-element_type=\"column\">\n\t\t\t<div class=\"elementor-widget-wrap elementor-element-populated\">\n\t\t\t\t\t\t<div class=\"elementor-element elementor-element-3d6da178 elementor-widget-mobile__width-initial elementor-invisible elementor-widget elementor-widget-heading\" data-id=\"3d6da178\" data-element_type=\"widget\" data-settings=\"{&quot;_animation&quot;:&quot;fadeInUp&quot;}\" data-widget_type=\"heading.default\">\n\t\t\t\t<div class=\"elementor-widget-container\">\n\t\t\t\t\t<h2 class=\"elementor-heading-title elementor-size-default\">Development and promotion of an overview page for a website based on the specified case study<\/h2>\t\t\t\t<\/div>\n\t\t\t\t<\/div>\n\t\t\t\t\t<\/div>\n\t\t<\/div>\n\t\t\t\t\t<\/div>\n\t\t<\/section>\n\t\t\t\t\t<\/div>\n\t\t<\/div>\n\t\t\t\t\t<\/div>\n\t\t<\/section>\n\t\t<div class=\"elementor-element elementor-element-d1a353f e-flex e-con-boxed e-con e-parent\" data-id=\"d1a353f\" data-element_type=\"container\">\n\t\t\t\t\t<div class=\"e-con-inner\">\n\t\t\t\t<div class=\"elementor-element elementor-element-daacb3a elementor-widget elementor-widget-image\" data-id=\"daacb3a\" data-element_type=\"widget\" data-widget_type=\"image.default\">\n\t\t\t\t<div class=\"elementor-widget-container\">\n\t\t\t\t\t\t\t\t\t\t\t\t\t\t\t<img fetchpriority=\"high\" decoding=\"async\" width=\"768\" height=\"347\" src=\"http:\/\/www.kmu-aalen.de\/kmu\/wp-content\/uploads\/2023\/08\/Informieren-und-austauschen-1018x460-768x347-1.png\" class=\"attachment-large size-large wp-image-696\" alt=\"\" srcset=\"http:\/\/www.kmu-aalen.de\/kmu\/wp-content\/uploads\/2023\/08\/Informieren-und-austauschen-1018x460-768x347-1.png 768w, http:\/\/www.kmu-aalen.de\/kmu\/wp-content\/uploads\/2023\/08\/Informieren-und-austauschen-1018x460-768x347-1-300x136.png 300w\" sizes=\"(max-width: 768px) 100vw, 768px\" \/>\t\t\t\t\t\t\t\t\t\t\t\t\t\t\t<\/div>\n\t\t\t\t<\/div>\n\t\t\t\t\t<\/div>\n\t\t\t\t<\/div>\n\t\t<div class=\"elementor-element elementor-element-0d580e4 e-flex e-con-boxed e-con e-parent\" data-id=\"0d580e4\" data-element_type=\"container\">\n\t\t\t\t\t<div class=\"e-con-inner\">\n\t\t\t\t<div class=\"elementor-element elementor-element-1397a45 elementor-widget elementor-widget-text-editor\" data-id=\"1397a45\" data-element_type=\"widget\" data-widget_type=\"text-editor.default\">\n\t\t\t\t<div class=\"elementor-widget-container\">\n\t\t\t\t\t\t\t\t\t<p>As part of the lecture \u201cBusiness Information Systems\u201d taught by Prof. Dr. H\u00e4rting in the degree program\u00a0<em>Business administration for small and medium-sized enterprises<\/em>\u00a0At Aalen University, students were able to gain insights into the fields of e-business and business software. The starting point for this project work is the event organized by the\u00a0<em>Transfertages.<\/em>\u00a0Since 2006, it has served as a platform for knowledge transfer from the university to the regional economy and for promoting the exchange of expertise between companies.<\/p><p>The aim of the project group is to create an animated overview for the website.\u00a0<a href=\"http:\/\/www.transfertag.de\/\">www.transfertag.de<\/a>\u00a0for the ninth transfer day and set it as the start page. The creation and design will be done with WordPress. In addition, responsive design will be used.<\/p><p>At the beginning of the project work, the problem and the objectives are explained in more detail. In addition, the procedure for setting up and publicizing the overview page is described. The project team is also introduced.<\/p><p>The project group then conducts an analysis of the current website.\u00a0<a href=\"http:\/\/www.transfertag.de\/\">www.transfertag.de<\/a>, which contains information about the eighth transfer day. This serves as a template for planning the overview page for the ninth transfer day. The project team completes the project planning based on a target group analysis and the resulting requirements profile for the website.<\/p><p>The structure and design of the page will be created in several steps. For an initial draft of the overview page, the group needs general information about the 9th Transfer Day, including the date, program, organization, speakers, sponsors, and exhibitors. They obtain this information from the organizers and those responsible. Based on this information, an initial concept is developed for the design and an overall draft is created. This draft is regularly revised and adapted in the course of the project work.<\/p><p>The project team will acquire basic knowledge of HTML, CSS, WordPress, and responsive design for the implementation of the overview page. Knowledge of the basics of creating animations is also required, as the page is intended to serve as an eye-catcher with the help of animations. Social media plugins will be integrated to promote the website. Since the necessary functions are developed as a team, social skills are also developed in addition to technical and methodological expertise.<\/p><p>During the course of the project, the team will also create a presentation and a workshop for their fellow students, which will cover the basics of WordPress and the design of animations.<\/p><p>The entire project concludes with the submission of the project report, in which the team's exact approach is explained in writing.<\/p>\t\t\t\t\t\t\t\t<\/div>\n\t\t\t\t<\/div>\n\t\t\t\t\t<\/div>\n\t\t\t\t<\/div>\n\t\t<div class=\"elementor-element elementor-element-3cfa332 e-flex e-con-boxed e-con e-parent\" data-id=\"3cfa332\" data-element_type=\"container\">\n\t\t\t\t\t<div class=\"e-con-inner\">\n\t\t\t\t<div class=\"elementor-element elementor-element-cf3985d elementor-widget elementor-widget-spacer\" data-id=\"cf3985d\" data-element_type=\"widget\" data-widget_type=\"spacer.default\">\n\t\t\t\t<div class=\"elementor-widget-container\">\n\t\t\t\t\t\t\t<div class=\"elementor-spacer\">\n\t\t\t<div class=\"elementor-spacer-inner\"><\/div>\n\t\t<\/div>\n\t\t\t\t\t\t<\/div>\n\t\t\t\t<\/div>\n\t\t\t\t\t<\/div>\n\t\t\t\t<\/div>\n\t\t\t\t<\/div>","protected":false},"excerpt":{"rendered":"<p>\u00dcberblicksseite zum Transfertag Aufbau und Bekanntmachung einer \u00dcberblicksseite f\u00fcr eine Internetpr\u00e4senz am vorgegebenen Fallbeispiel Im Rahmen der Vorlesung \u201a\u201aBetriebliche Informationssysteme\u2018\u2018 bei Herrn Prof. Dr. H\u00e4rting im Studiengang\u00a0Betriebswirtschaft f\u00fcr kleine und mittlere Unternehmen\u00a0an der Hochschule Aalen, konnten die Studierenden Einblicke in die Bereiche E-Business und Business Software gewinnen. Ausgangspunkt f\u00fcr die vorliegende Projektarbeit ist die Veranstaltung [&hellip;]<\/p>","protected":false},"author":1,"featured_media":0,"parent":0,"menu_order":0,"comment_status":"closed","ping_status":"closed","template":"","meta":{"ocean_post_layout":"full-screen","ocean_both_sidebars_style":"","ocean_both_sidebars_content_width":0,"ocean_both_sidebars_sidebars_width":0,"ocean_sidebar":"0","ocean_second_sidebar":"0","ocean_disable_margins":"enable","ocean_add_body_class":"","ocean_shortcode_before_top_bar":"","ocean_shortcode_after_top_bar":"","ocean_shortcode_before_header":"","ocean_shortcode_after_header":"","ocean_has_shortcode":"","ocean_shortcode_after_title":"","ocean_shortcode_before_footer_widgets":"","ocean_shortcode_after_footer_widgets":"","ocean_shortcode_before_footer_bottom":"","ocean_shortcode_after_footer_bottom":"","ocean_display_top_bar":"off","ocean_display_header":"default","ocean_header_style":"","ocean_center_header_left_menu":"0","ocean_custom_header_template":"0","ocean_custom_logo":0,"ocean_custom_retina_logo":0,"ocean_custom_logo_max_width":0,"ocean_custom_logo_tablet_max_width":0,"ocean_custom_logo_mobile_max_width":0,"ocean_custom_logo_max_height":0,"ocean_custom_logo_tablet_max_height":0,"ocean_custom_logo_mobile_max_height":0,"ocean_header_custom_menu":"0","ocean_menu_typo_font_family":"0","ocean_menu_typo_font_subset":"","ocean_menu_typo_font_size":0,"ocean_menu_typo_font_size_tablet":0,"ocean_menu_typo_font_size_mobile":0,"ocean_menu_typo_font_size_unit":"px","ocean_menu_typo_font_weight":"","ocean_menu_typo_font_weight_tablet":"","ocean_menu_typo_font_weight_mobile":"","ocean_menu_typo_transform":"","ocean_menu_typo_transform_tablet":"","ocean_menu_typo_transform_mobile":"","ocean_menu_typo_line_height":0,"ocean_menu_typo_line_height_tablet":0,"ocean_menu_typo_line_height_mobile":0,"ocean_menu_typo_line_height_unit":"","ocean_menu_typo_spacing":0,"ocean_menu_typo_spacing_tablet":0,"ocean_menu_typo_spacing_mobile":0,"ocean_menu_typo_spacing_unit":"","ocean_menu_link_color":"","ocean_menu_link_color_hover":"","ocean_menu_link_color_active":"","ocean_menu_link_background":"","ocean_menu_link_hover_background":"","ocean_menu_link_active_background":"","ocean_menu_social_links_bg":"","ocean_menu_social_hover_links_bg":"","ocean_menu_social_links_color":"","ocean_menu_social_hover_links_color":"","ocean_disable_title":"on","ocean_disable_heading":"default","ocean_post_title":"","ocean_post_subheading":"","ocean_post_title_style":"","ocean_post_title_background_color":"","ocean_post_title_background":0,"ocean_post_title_bg_image_position":"","ocean_post_title_bg_image_attachment":"","ocean_post_title_bg_image_repeat":"","ocean_post_title_bg_image_size":"","ocean_post_title_height":0,"ocean_post_title_bg_overlay":0.5,"ocean_post_title_bg_overlay_color":"","ocean_disable_breadcrumbs":"default","ocean_breadcrumbs_color":"","ocean_breadcrumbs_separator_color":"","ocean_breadcrumbs_links_color":"","ocean_breadcrumbs_links_hover_color":"","ocean_display_footer_widgets":"off","ocean_display_footer_bottom":"off","ocean_custom_footer_template":"0","footnotes":""},"class_list":["post-46","page","type-page","status-publish","hentry","entry"],"_links":{"self":[{"href":"http:\/\/www.kmu-aalen.de\/kmu\/en\/wp-json\/wp\/v2\/pages\/46","targetHints":{"allow":["GET"]}}],"collection":[{"href":"http:\/\/www.kmu-aalen.de\/kmu\/en\/wp-json\/wp\/v2\/pages"}],"about":[{"href":"http:\/\/www.kmu-aalen.de\/kmu\/en\/wp-json\/wp\/v2\/types\/page"}],"author":[{"embeddable":true,"href":"http:\/\/www.kmu-aalen.de\/kmu\/en\/wp-json\/wp\/v2\/users\/1"}],"replies":[{"embeddable":true,"href":"http:\/\/www.kmu-aalen.de\/kmu\/en\/wp-json\/wp\/v2\/comments?post=46"}],"version-history":[{"count":14,"href":"http:\/\/www.kmu-aalen.de\/kmu\/en\/wp-json\/wp\/v2\/pages\/46\/revisions"}],"predecessor-version":[{"id":1979,"href":"http:\/\/www.kmu-aalen.de\/kmu\/en\/wp-json\/wp\/v2\/pages\/46\/revisions\/1979"}],"wp:attachment":[{"href":"http:\/\/www.kmu-aalen.de\/kmu\/en\/wp-json\/wp\/v2\/media?parent=46"}],"curies":[{"name":"wp","href":"https:\/\/api.w.org\/{rel}","templated":true}]}}