{"id":317,"date":"2023-08-23T12:46:19","date_gmt":"2023-08-23T10:46:19","guid":{"rendered":"http:\/\/www.kmu-aalen.de\/kmu\/?page_id=317"},"modified":"2026-01-15T15:51:32","modified_gmt":"2026-01-15T14:51:32","slug":"startseite-2","status":"publish","type":"page","link":"http:\/\/www.kmu-aalen.de\/kmu\/en\/startseite-2\/","title":{"rendered":"Home"},"content":{"rendered":"<div data-elementor-type=\"wp-page\" data-elementor-id=\"317\" class=\"elementor elementor-317\">\n\t\t\t\t<div class=\"elementor-element elementor-element-706b8c1 e-flex e-con-boxed e-con e-parent\" data-id=\"706b8c1\" data-element_type=\"container\" data-settings=\"{&quot;background_background&quot;:&quot;gradient&quot;}\">\n\t\t\t\t\t<div class=\"e-con-inner\">\n\t\t<div class=\"elementor-element elementor-element-31977d5 e-flex e-con-boxed e-con e-child\" data-id=\"31977d5\" data-element_type=\"container\">\n\t\t\t\t\t<div class=\"e-con-inner\">\n\t\t\t\t<div class=\"elementor-element elementor-element-ae1c69d elementor-widget elementor-widget-heading\" data-id=\"ae1c69d\" data-element_type=\"widget\" data-widget_type=\"heading.default\">\n\t\t\t\t<div class=\"elementor-widget-container\">\n\t\t\t\t\t<h2 class=\"elementor-heading-title elementor-size-default\">Home<\/h2>\t\t\t\t<\/div>\n\t\t\t\t<\/div>\n\t\t\t\t\t<\/div>\n\t\t\t\t<\/div>\n\t\t<div class=\"elementor-element elementor-element-72598b0 e-con-full e-flex e-con e-child\" data-id=\"72598b0\" data-element_type=\"container\">\n\t\t\t\t<div class=\"elementor-element elementor-element-eb3958b elementor-widget elementor-widget-heading\" data-id=\"eb3958b\" data-element_type=\"widget\" data-widget_type=\"heading.default\">\n\t\t\t\t<div class=\"elementor-widget-container\">\n\t\t\t\t\t<h2 class=\"elementor-heading-title elementor-size-default\"><a href=\"http:\/\/www.kmu-aalen.de\/kmu\/en\/cyberwup\/\">CyberWuP<\/a><\/h2>\t\t\t\t<\/div>\n\t\t\t\t<\/div>\n\t\t\t\t<\/div>\n\t\t\t\t\t<\/div>\n\t\t\t\t<\/div>\n\t\t<section class=\"elementor-element elementor-element-8bd343b e-flex e-con-boxed e-con e-parent\" data-id=\"8bd343b\" data-element_type=\"container\" data-settings=\"{&quot;background_background&quot;:&quot;classic&quot;}\">\n\t\t\t\t\t<div class=\"e-con-inner\">\n\t\t<div class=\"elementor-element elementor-element-f312526 e-con-full e-flex e-con e-child\" data-id=\"f312526\" data-element_type=\"container\">\n\t\t<div class=\"elementor-element elementor-element-940a7fd e-con-full e-flex e-con e-child\" data-id=\"940a7fd\" data-element_type=\"container\">\n\t\t<div class=\"elementor-element elementor-element-045484c e-con-full e-flex e-con e-child\" data-id=\"045484c\" data-element_type=\"container\">\n\t\t\t\t<div class=\"elementor-element elementor-element-2f11277 elementor-widget-mobile__width-initial elementor-invisible elementor-widget elementor-widget-heading\" data-id=\"2f11277\" data-element_type=\"widget\" data-settings=\"{&quot;_animation&quot;:&quot;fadeInUp&quot;}\" data-widget_type=\"heading.default\">\n\t\t\t\t<div class=\"elementor-widget-container\">\n\t\t\t\t\t<h2 class=\"elementor-heading-title elementor-size-default\">Welcome HOME to KMU AALEN<\/h2>\t\t\t\t<\/div>\n\t\t\t\t<\/div>\n\t\t\t\t<\/div>\n\t\t\t\t<\/div>\n\t\t\t\t<\/div>\n\t\t\t\t\t<\/div>\n\t\t\t\t<\/section>\n\t\t<div class=\"elementor-element elementor-element-a8a1b8f e-flex e-con-boxed e-con e-parent\" data-id=\"a8a1b8f\" data-element_type=\"container\" data-settings=\"{&quot;background_background&quot;:&quot;slideshow&quot;,&quot;background_slideshow_gallery&quot;:[{&quot;id&quot;:252,&quot;url&quot;:&quot;http:\\\/\\\/www.kmu-aalen.de\\\/kmu\\\/wp-content\\\/uploads\\\/2023\\\/08\\\/Burren.jpg&quot;}],&quot;background_slideshow_loop&quot;:&quot;yes&quot;,&quot;background_slideshow_slide_duration&quot;:5000,&quot;background_slideshow_slide_transition&quot;:&quot;fade&quot;,&quot;background_slideshow_transition_duration&quot;:500}\">\n\t\t\t\t\t<div class=\"e-con-inner\">\n\t\t\t\t<div class=\"elementor-element elementor-element-a1970d2 elementor-widget elementor-widget-text-editor\" data-id=\"a1970d2\" data-element_type=\"widget\" data-widget_type=\"text-editor.default\">\n\t\t\t\t<div class=\"elementor-widget-container\">\n\t\t\t\t\t\t\t\t\t<p>Here you can access specific material about research on information systems focusing on business issues. The projects and publications of Prof. Dr. Ralf-Christian H\u00e4rting and his team deal with a wide range of information systems, including Big Data, BPM, EAM, Cloud Computing and IT-Controlling.<\/p><p class=\"translation-block\">We are organizing a conference module at the International Conference on Intelligent Decision Technologies and are cooperating with the international conference Business Information Systems. You can find the latest news on this at <a href=\"http:\/\/www.kmu-aalen.de\/kmu\/en\/-aalen\/language\/de\/veranstaltungenkes\/\" target=\"_blank\" rel=\"noopener noreferrer\">\"<\/a><a href=\"http:\/\/www.kmu-aalen.de\/kmu\/en\/veranstaltungen\/\" target=\"_self\"><strong><span style=\"text-decoration: underline\"><em>Events<\/em><\/span><\/strong><\/a><a href=\"http:\/\/www.kmu-aalen.de\/kmu\/en\/-aalen\/language\/de\/veranstaltungenkes\/\" target=\"_blank\" rel=\"noopener noreferrer\">\u201d<\/a> on the website.<\/p><p>We deliver further teaching within the study programmes \u201cBusiness for small and medium sized Enterprises\u201d (Bachelor of Arts) and \u201cMittelstandsmanagement\u201d (Master of Arts).<\/p><p class=\"translation-block\">We welcome any feedback you may have on the website. <a href=\"http:\/\/www.kmu-aalen.de\/kmu\/en\/-aalen\/?page_id=2237&amp;lang=de\" target=\"_blank\" rel=\"noopener noreferrer\">Please contact us<\/a> with any criticism, questions, or suggestions.<\/p><p>For more information about the \u201cInterdisciplinary Approaches in\nData Science and Digital Transformation Practice\u201d please visit the new transfer day website and click\u00a0<a href=\"http:\/\/www.kmu-aalen.de\/kmu\/en\/-aalen\/language\/de\/kes-2020\/\" target=\"_blank\" rel=\"noopener noreferrer\">here<\/a>.<\/p><p>Prof. Dr. H\u00e4rting has recently begun working on the topic of cyber security and CyberWuP. This is an exciting topic concerning the security of SMEs on the web and in networks. Find out more in our CyberWuP section.<\/p>\t\t\t\t\t\t\t\t<\/div>\n\t\t\t\t<\/div>\n\t\t\t\t\t<\/div>\n\t\t\t\t<\/div>\n\t\t\t\t<\/div>","protected":false},"excerpt":{"rendered":"<p>Startseite CyberWuP Willkommen auf der Startseite der KMU AALEN Hier k\u00f6nnen Sie auf spezifische Informationen \u00fcber die Erforschung von Informationssystemen in Bezug auf gesch\u00e4ftliche Sachverhalte\u00a0zugreifen. Die Projekte und Publikationen von Prof. Dr. Ralf-Christian H\u00e4rting und seinem Team besch\u00e4ftigen sich mit einem breiten Spektrum von Informationssystemen, darunter Big Data, BPM, EAM, Cloud Computing und IT-Controlling. Wir [&hellip;]<\/p>","protected":false},"author":1,"featured_media":0,"parent":0,"menu_order":0,"comment_status":"closed","ping_status":"closed","template":"","meta":{"ocean_post_layout":"full-screen","ocean_both_sidebars_style":"","ocean_both_sidebars_content_width":0,"ocean_both_sidebars_sidebars_width":0,"ocean_sidebar":"","ocean_second_sidebar":"0","ocean_disable_margins":"enable","ocean_add_body_class":"","ocean_shortcode_before_top_bar":"","ocean_shortcode_after_top_bar":"","ocean_shortcode_before_header":"","ocean_shortcode_after_header":"","ocean_has_shortcode":"","ocean_shortcode_after_title":"","ocean_shortcode_before_footer_widgets":"","ocean_shortcode_after_footer_widgets":"","ocean_shortcode_before_footer_bottom":"","ocean_shortcode_after_footer_bottom":"","ocean_display_top_bar":"off","ocean_display_header":"default","ocean_header_style":"","ocean_center_header_left_menu":"0","ocean_custom_header_template":"0","ocean_custom_logo":0,"ocean_custom_retina_logo":0,"ocean_custom_logo_max_width":0,"ocean_custom_logo_tablet_max_width":0,"ocean_custom_logo_mobile_max_width":0,"ocean_custom_logo_max_height":0,"ocean_custom_logo_tablet_max_height":0,"ocean_custom_logo_mobile_max_height":0,"ocean_header_custom_menu":"0","ocean_menu_typo_font_family":"0","ocean_menu_typo_font_subset":"","ocean_menu_typo_font_size":0,"ocean_menu_typo_font_size_tablet":0,"ocean_menu_typo_font_size_mobile":0,"ocean_menu_typo_font_size_unit":"px","ocean_menu_typo_font_weight":"","ocean_menu_typo_font_weight_tablet":"","ocean_menu_typo_font_weight_mobile":"","ocean_menu_typo_transform":"","ocean_menu_typo_transform_tablet":"","ocean_menu_typo_transform_mobile":"","ocean_menu_typo_line_height":0,"ocean_menu_typo_line_height_tablet":0,"ocean_menu_typo_line_height_mobile":0,"ocean_menu_typo_line_height_unit":"","ocean_menu_typo_spacing":0,"ocean_menu_typo_spacing_tablet":0,"ocean_menu_typo_spacing_mobile":0,"ocean_menu_typo_spacing_unit":"","ocean_menu_link_color":"","ocean_menu_link_color_hover":"","ocean_menu_link_color_active":"","ocean_menu_link_background":"","ocean_menu_link_hover_background":"","ocean_menu_link_active_background":"","ocean_menu_social_links_bg":"","ocean_menu_social_hover_links_bg":"","ocean_menu_social_links_color":"","ocean_menu_social_hover_links_color":"","ocean_disable_title":"on","ocean_disable_heading":"default","ocean_post_title":"","ocean_post_subheading":"","ocean_post_title_style":"","ocean_post_title_background_color":"","ocean_post_title_background":0,"ocean_post_title_bg_image_position":"","ocean_post_title_bg_image_attachment":"","ocean_post_title_bg_image_repeat":"","ocean_post_title_bg_image_size":"","ocean_post_title_height":0,"ocean_post_title_bg_overlay":0.5,"ocean_post_title_bg_overlay_color":"","ocean_disable_breadcrumbs":"default","ocean_breadcrumbs_color":"","ocean_breadcrumbs_separator_color":"","ocean_breadcrumbs_links_color":"","ocean_breadcrumbs_links_hover_color":"","ocean_display_footer_widgets":"off","ocean_display_footer_bottom":"off","ocean_custom_footer_template":"0","footnotes":""},"class_list":["post-317","page","type-page","status-publish","hentry","entry"],"_links":{"self":[{"href":"http:\/\/www.kmu-aalen.de\/kmu\/en\/wp-json\/wp\/v2\/pages\/317","targetHints":{"allow":["GET"]}}],"collection":[{"href":"http:\/\/www.kmu-aalen.de\/kmu\/en\/wp-json\/wp\/v2\/pages"}],"about":[{"href":"http:\/\/www.kmu-aalen.de\/kmu\/en\/wp-json\/wp\/v2\/types\/page"}],"author":[{"embeddable":true,"href":"http:\/\/www.kmu-aalen.de\/kmu\/en\/wp-json\/wp\/v2\/users\/1"}],"replies":[{"embeddable":true,"href":"http:\/\/www.kmu-aalen.de\/kmu\/en\/wp-json\/wp\/v2\/comments?post=317"}],"version-history":[{"count":47,"href":"http:\/\/www.kmu-aalen.de\/kmu\/en\/wp-json\/wp\/v2\/pages\/317\/revisions"}],"predecessor-version":[{"id":3460,"href":"http:\/\/www.kmu-aalen.de\/kmu\/en\/wp-json\/wp\/v2\/pages\/317\/revisions\/3460"}],"wp:attachment":[{"href":"http:\/\/www.kmu-aalen.de\/kmu\/en\/wp-json\/wp\/v2\/media?parent=317"}],"curies":[{"name":"wp","href":"https:\/\/api.w.org\/{rel}","templated":true}]}}