{"id":896,"date":"2015-06-29T10:52:13","date_gmt":"2015-06-29T08:52:13","guid":{"rendered":"http:\/\/www.kmu-aalen.de\/kmu-aalen\/?page_id=896"},"modified":"2022-04-06T15:38:34","modified_gmt":"2022-04-06T13:38:34","slug":"industry-4-0","status":"publish","type":"page","link":"http:\/\/www.kmu-aalen.de\/kmu-aalen\/forschung\/publikationen\/sorted-publications\/industry-4-0\/","title":{"rendered":"Industry 4.0 and Digitization"},"content":{"rendered":"<pre><span style=\"font-family: Arial, Helvetica, sans-serif;\">Many companies face the challenge to assess the diversity of developments \r\nand concepts summarized under the term industry 4.0. These publications \r\npresent the potential of Industry 4.0 based on the result of a study.\r\n\r\nNew release: \r\nH\u00e4rting, R. (Hrsg) (2016): Industrie 4.0 und Digitalisierung \u2013 Innovative \r\nGesch\u00e4ftsmodelle wagen! Tagungsband, 8. Transfertag, Aalen 2016, BOD Norderstedt \r\n<a href=\"https:\/\/www.bod.de\/buch\/ralf-christian-haerting\/industrie-4-0-und-digitalisierung--innovative-geschaeftsmodelle-wagen\/9783839137352.html\" target=\"_blank\" rel=\"noopener noreferrer\">Order<\/a>\r\n<\/span><\/pre>\n<ul>\n<li>Bueechl, J. \/ H\u00e4rting, R. \/ Schr\u00f6der, M. (2021): Influence of Digitization on Employee Satisfaction in Small and Medium-sized Enterprises, in: Watrobski, J.; Salabun, W.; Toro, C.; Zanni-Merk, C.; Howlett, J.; Jain, L. C.; Knowledge-Based and Intelligent Information &amp; Engineering Systems, Elsevier B.V. 2021, Vol. 192, pp. 2753-2760, ISSN 1877-0509, https:\/\/doi.org\/10.1016\/j.procs.2021.09.045<\/li>\n<li>Sailer M., Mahr A., Reichstein C., H\u00e4rting R., H\u00e4fner F., Steiner B., Zenker M., Stechow R., Blotenberg B., Seeling S. (2021): L\u00f6sungsans\u00e4tze, in: Sailer M., Mahr A. (eds): Active Assisted Living, Springer VS Wiesbaden 2021, pp. 147-217, ISBN 978-3-658-34334-7, DOI: https:\/\/doi.org\/10.1007\/978-3-658-34335-4_6<\/li>\n<li>H\u00e4rting R., B\u00e4uerle M., Bilge K., Fleischer L., Landgraf N., Wicher M. (2021): Potentials of Digital Business Models in Tourism\u2014A Quantitative Study.in: Jezic G., Chen-Burger J., Kusek M., Sperka R., Howlett R., Jain L. (eds) Agents and Multi-Agent Systems: Technologies and Applications 2021. Smart Innovation, Systems and Technologies (KES-AMSTA-21) Springer 2021, Vol. 241, pp. 311-321, ISBN 978-981-16-2993-8, https:\/\/doi.org\/10.1007\/978-981-16-2994-5_26<\/li>\n<li><span style=\"font-size: 14px;\">H\u00e4rting R., Bilge K., Fleischer L., Landgraf N., \u00d6zcakir F., Wicher M. (2021): Impact of the COVID-19 Crisis on Digital Business Models\u2014Contactless Payments, in: Jezic G., Chen-Burger J., Kusek M., Sperka R., Howlett R., Jain L. (eds) Agents and Multi-Agent Systems: Technologies and Applications 2021. Smart Innovation, Systems and Technologies (KES-AMSTA-21) Springer 2021, Vol. 241, pp. 143-153, ISBN 978-981-16-2993-8, https:\/\/doi.org\/10.1007\/978-981-16-2994-5<\/span><\/li>\n<li>Reichstein, C. \/ H\u00e4rting, R. \/ H\u00e4fner, F. (2020): Challenges in the Market Launch of Active Assisted Living Solutions &#8211; Empirical Results from European Experts, in: M. Cristani, C. T. Cecilia, J. Howlett, Lakhmi C. Jain, Knowledge-Based and Intelligent Information &amp; Engineering Systems,\u00a0 Elsevier B.V. 2020, Vol. 176, pp. 2000 &#8211; 2009, ISSN 1877-0509, https:\/\/doi.org\/10.1016\/j.procs.2020.09.236<\/li>\n<li>H\u00e4rting, R. \/ Reichstein, C. (2020): Potential use of Bitcoin in B2C E-Commerce, in: Yang, X.-S., Sherratt, S., Dey, N., Joshi, A. (Eds.), Advances in Intelligent Systems and Computing, Proceedings of fourth International Congress on Information and Communication Technology, Vol. 1041 (ICICT 2019), AISC Springer 2020, Vol. 1, pp. 33-40, ISBN 978-981- 15-0636-9, ISSN 2194-5365, DOI: https:\/\/doi.org\/10.1007\/978-981-15-0637-6<\/li>\n<li>H\u00e4rting, R. \/ Kaim, R. \/ Fleischer, L. \/ Sprengel, A. (2020): Potentials of Digital Business Models in Tourism \u2013 Qualitative Study with German Experts, in: Yang, X.-S., Sherratt, S., Dey, N., Joshi, A. (Eds.), Advances in Intelligent Systems and Computing, Proceedings of Fifth International Congress on Information and Communication Technology, Vol. 1184 (ICICT 2020), Springer 2020, Vol. 2, pp. 119-126, ISBN 978-981- 15-5858-0, ISSN 2194-5357, DOI: https:\/\/doi.org\/10.1007\/978-981-15-5859-7<\/li>\n<li>H\u00e4rting, R. \/ Kaim, R. \/ Ruch, D. (2020): Impacts of the implementation of the General Data Protection Regulations (GDPR) in SME business models \u2013 An empirical study with a quantitative design, in: Jezic G., Chen-Burger J., Kusek M., Sperka R., Howlett R., Jain L. (eds) Agents and Multi-Agent Systems: Technologies and Applications 2020. Smart Innovation, Systems and Technologies (KES-AMSTA-20) Springer 2020, Vol. 186, pp. 295-303, ISBN 978-981-15-5763-7, https:\/\/doi.org\/10.1007\/978-981-15-5764-4_27<\/li>\n<li>H\u00e4rting, R. \/ Kaim, R. \/ Horsch, F. (2020): Potential Benefits of Digital Business Models for the European Agriculture Sector, in: Jezic G., Chen-Burger J., Kusek M., Sperka R., Howlett R., Jain L. (eds) Agents and Multi-Agent Systems: Technologies and Applications 2020. Smart Innovation, Systems and Technologies (KES-AMSTA-20) Springer 2020, Vol. 186, pp. 27-36, ISBN 978-981-15-5763-7, https:\/\/doi.org\/10.1007\/978-981-15-5764-4_3<\/li>\n<li>H\u00e4rting, R. \/ Reichstein, C. (2020): Potential use of Bitcoin in B2C E-Commerce, in: Yang, X.-S., Sherratt, S., Dey, N., Joshi, A. (Eds.), Advances in Intelligent Systems and Computing, Proceedings of fourth International Congress on Information and Communication Technology (ICICT 2018), AISC Springer 2020, Vol. 2, ISBN 978-981-329-343-4<\/li>\n<li>H\u00e4rting, R. \/ Reichstein, C. \/ Sochacki R. (2019): Potential Benefits of Digital Business Models and Its Processes in the Financial and Insurance Industry, in Czarnowski, I., Howlett, R., Jain, L., Smart Innovation, Systems and Technologies \u2013 Proceedings of the 11th KES International Conference on Intelligent Decision Technologies (KES-IDT 2019), Springer 2019, Vol. 143, pp. 205-216, ISBN 978-981-13-8302-1; 978-981-13-8303-8<\/li>\n<li><span style=\"font-size: 14px;\">H\u00e4rting, R. \/ Reichstein, C. \/ Haarhoff, R. \/ H\u00e4rtle, N. \/ Stiefl, J. (2019): Driver to Gain from Digitization in the Tourism Industry \u2013 Insights from South African Tourism Experts, in: Yang, X.-S., Sherratt, S., Dey, N., Joshi, A. (Eds.), Advances in Intelligent Systems and Computing, Proceedings of third International Congress on Information and Communication Technology (ICICT 2018), AISC Springer 2019, Vol. 3, pp. 293-306, ISBN 978-981-13-1165-9, ISSN 2194-5357<\/span><\/li>\n<li>H\u00e4rting, R. \/ Reichstein, C. \/ Schad, M. \/ (2018): Potentials of Digital Business Models \u2013 Empirical investigation of data driven impacts in industry, in: Robert J. Howlett, Carlos Toro, Yulia Hicks, Lakhmi C. Jain (2018), Knowledge-Based and Intelligent Information &amp; Engineering Systems: Proceedings of the 22nd International Conference, KES-2018, Belgrade, Serbia \u2013 Elsevier B.V. 2018, Vol. 126, pp. 1495-1506, ISSN 1877-0509<\/li>\n<li>Reichstein, C. \/ H\u00e4rting, R. (2018): Potentials of Changing Customer Needs in a Digital World \u2013 A Conceptual Model and Recommendations for Action in Tourism, in Robert J. Howlett, Carlos Toro, Yulia Hicks, Lakhmi C. Jain (2018), Knowledge-Based and Intelligent Information &amp; Engineering Systems: Proceedings of the 22nd International Conference, KES-2018, Belgrade, Serbia \u2013 Elsevier B.V. 2018, Vol. 126, pp. 1484-1494, ISSN 1877-0509<\/li>\n<li>H\u00e4rting, R. \/ Reichstein, C. \/ Jozinovic, P. (2018): Understanding the Potential Value of Digitization for Business \u2013 Quantitative Research Results of European Experts, in: Jezic G., Chen-Burger YH., Howlett R., Jain L., Vlacic L., \u0160perka R. (eds) Agents and Multi-Agent Systems: Technologies and Applications 2018. KES-AMSTA-18 2018. Smart Innovation, Systems and Technologies, Springer 2018, Vol. 96, pp. 287-298, ISBN 978-3-319-92030-6<\/li>\n<li>H\u00e4rting, R. \/ Reichstein, C. \/ H\u00e4rtle, N. (2017): Potentials of Digitization in the Tourism Industry \u2013 Empirical Results from German Experts, in: Abramowicz, W. (2017), 20th\u00a0 International Conference on Business Information Systems, Lecture Notes in Business Information Processing, Springer 2017, Vol. 288, pp 165-180, ISBN 978-3-319-59335-7, ISSN 1865-1348<\/li>\n<li>H\u00e4rting, R.\/ Schmidt, R.\/ M\u00f6hring, M. (2016): Nutzenpotenziale von Industrie 4.0 und Digitalisierung, in: H\u00e4rting, R. (2016): Industrie 4.0 und Digitalisierung \u2013 Innovative<br \/>\nGesch\u00e4ftsmodelle wagen! Tagungsband, 8. Transfertag, Aalen 2016, BOD Norderstedt, S. 19-32.<br \/>\n<a href=\"https:\/\/www.bod.de\/buch\/ralf-christian-haerting\/industrie-4-0-und-digitalisierung--innovative-geschaeftsmodelle-wagen\/9783839137352.html\" target=\"_blank\" rel=\"noopener noreferrer\">Order<\/a><\/li>\n<li>H\u00e4rting, R.\/ Mohl, M.\/ Bader, S. (2016): Digitalisierung als Treiber f\u00fcr Marketing 4.0, in: H\u00e4rting, R. (2016): Industrie 4.0 und Digitalisierung \u2013 Innovative Gesch\u00e4ftsmodelle wagen! Tagungsband, 8. Transfertag, Aalen 2016, BOD Norderstedt, S. 134-150.<br \/>\n<a href=\"https:\/\/www.bod.de\/buch\/ralf-christian-haerting\/industrie-4-0-und-digitalisierung--innovative-geschaeftsmodelle-wagen\/9783839137352.html\" target=\"_blank\" rel=\"noopener noreferrer\">Order<\/a><\/li>\n<li>Letsche, S.\/ H\u00e4rting, R.\/ M\u00f6hring, M.\/ Reichstein, C (2016): Revenue Management als Konzept zur Ertragsmaximierung, in: H\u00e4rting, R. (2016): Industrie 4.0 und Digitalisierung \u2013 Inno-vative Gesch\u00e4ftsmodelle wagen! Tagungsband, 8. Transfertag, Aalen 2016, BOD Norderstedt, S. 44-62.<br \/>\n<a href=\"https:\/\/www.bod.de\/buch\/ralf-christian-haerting\/industrie-4-0-und-digitalisierung--innovative-geschaeftsmodelle-wagen\/9783839137352.html\" target=\"_blank\" rel=\"noopener noreferrer\">Order<\/a><\/li>\n<li>Witt, T.\/ H\u00e4rting, R.\/ M\u00f6hring, M. (2016): Cloud Computing L\u00f6sungen f\u00fcr das Human Resource Management \u2013 eine Literaturanalyse und empirische Fallstudie, in: H\u00e4rting, R. (2016): Industrie 4.0 und Digitalisierung \u2013 Innovative Gesch\u00e4ftsmodelle wagen! Tagungsband, 8. Transfertag, Aalen 2016, BOD Norderstedt, S. 78-98.<br \/>\n<a href=\"https:\/\/www.bod.de\/buch\/ralf-christian-haerting\/industrie-4-0-und-digitalisierung--innovative-geschaeftsmodelle-wagen\/9783839137352.html\" target=\"_blank\" rel=\"noopener noreferrer\">Order<\/a><\/li>\n<li>H\u00e4rting, R.\/ M\u00f6hring, M.\/ Schmidt, R.\/ Reichstein, C. \/ Keller, B. (2016): What drives users to use CRM in a Public Cloud environment? \u2013 Insights from European Experts. In: Lecture Notes in Business Information Processing, Springer, forthcoming, 2016.<\/li>\n<li>H\u00e4rting, R.\/ M\u00f6hring, M.\/ Schmidt, R.\/ Reichstein, C. \/ Keller, B. (2016): What drives users to use CRM in a Public Cloud environment? \u2013 Insights from European Experts, in: System Sciences (HICSS), 2016 49th Hawaii International Conference on System Sciences, DOI 10.1109\/HICSS.2016.495, IEEE Computer Society, page 3999-4008, ISBN: 978-0-7695-5670-3, ISSN: 1530-1605<\/li>\n<li>Schmidt, R.\/ M\u00f6hring, M.\/ Gl\u00fcck, D.\/ H\u00e4rting, R.\/ Keller, B.\/ Reichstein, C. (2016): Benefits from Using Bitcoin: Empirical Evidence from a European Country, in: International Journal of Service Science, Management, Engineering, and Technology Volume 7, Issue 4, October-December 2016, S. 48-62, ISSN: 1947-959X<\/li>\n<li>H\u00e4rting R.\/ Schmidt, R.\/ M\u00f6hring, M.\/ Reichstein, C.\/ Neumaier, P.\/ Jozinovi\u0107, J. (Hrsg) (2015): Nutzenpotenziale von Industrie 4.0 &#8211; Einblicke in aktuelle Studienergebnisse, BoD Norderstedt 2015, ISBN 978-3-7347-9880-1.<br \/>\n<a href=\"https:\/\/www.bod.de\/buch\/ralf-christian-haerting\/nutzenpotenziale-von-industrie-4-0\/9783734798801.html\" target=\"_blank\" rel=\"noopener noreferrer\">Order<\/a><\/li>\n<li>Schmidt, R.\/ M\u00f6hring M.\/ H\u00e4rting, R.\/ Reichstein, C.\/ Neumaier, P.\/ Jozinovi\u0107, J. (2015): Industry 4.0 &#8211; Potentials for Creating Smart Products: Empirical Research Results, in: Abramowicz, W., Kokkinaki, A. (2015): 18th International Conference on Business In-formation Systems, Lecture Notes in Business Information Processing, Springer 2015, Volume 208, pp 16-27.<br \/>\n<a href=\"http:\/\/link.springer.com\/chapter\/10.1007%2F978-3-319-19027-3_2\" target=\"_blank\" rel=\"noopener noreferrer\">Order<\/a><\/li>\n<li>IHK Ostw\u00fcrttemberg (2015):\u00a0<a href=\"https:\/\/www.ostwuerttemberg.ihk.de\/produktmarken\/Innovation-und-Umwelt\/Digitalisierung---Industrie-4_0\/Industrie-4_0\/Wissenschaftsbeitrag-zum-Thema-Industrie-4_0\/3293406\">View study Industry 4.0<\/a><\/li>\n<li>Literaturrecherche\u00a0&#8211; Abgrenzung: <a href=\"http:\/\/www.kmu-aalen.de\/kmu-aalen\/wp-content\/uploads\/2015\/06\/Definition-Digitalisierung.pdf\">Definition Digitization<\/a><\/li>\n<li>H\u00e4rting, R. \/ Reichstein, C. \/ Jozinovic, P. (2017): The Potential Value of Digitization for Business \u2013 Insights from German-speaking Experts, in: Eibl M, Gaedke M.: Informatik 2017, 47. Jahrestagung der Gesellschaft f\u00fcr Informatik, Lecture Notes in Informatics (LNI), Gesellschaft f\u00fcr Informatik, Bonn 2017<br \/>\n<a href=\"https:\/\/dl.gi.de\/handle\/20.500.12116\/3931\" target=\"_blank\" rel=\"noopener noreferrer\">Download<\/a><\/li>\n<li>H\u00e4rting, R. (2017): Digitalisierung und Smart Service World \u2013 Potenziale und internetbasierte Dienste am Beispiele Marketing, in: Borgmeier, A. \/ Grohmann, A. \/ Gross, S. (2017): Smart Services und Internet der Dinge: Gesch\u00e4ftsmodelle, Umsetzung und Best Practices, M\u00fcnchen 2017, Carl Hanser Verlag GmbH und Co. KG, 09\/2017, ISBN: 978-3-446-45184-1<br \/>\n<a href=\"http:\/\/www.ciando.com\/img\/books\/extract\/3446452702_lp.pdf\" target=\"_blank\" rel=\"noopener noreferrer\">Download<\/a><\/li>\n<li>Zimmermann A.\/ Jugel D.\/ Schmidt R.\/ Schweda C.\/ M\u00f6hring M. (2015): Collaborative Decision Support for Adaptive Digital Enterprise Achitecture, in: Proc. of CEUR, Vol.1420,\u00a0pp.24-35.<\/li>\n<\/ul>\n<p>&nbsp;<\/p>\n<p>&nbsp;<\/p>\n","protected":false},"excerpt":{"rendered":"<p>Many companies face the challenge to assess the diversity of developments and concepts summarized under the term industry 4.0. These publications present the potential of Industry 4.0 based on the result of a study. New release: H\u00e4rting, R. (Hrsg) (2016):&hellip; <\/p>\n","protected":false},"author":33,"featured_media":0,"parent":1281,"menu_order":15,"comment_status":"closed","ping_status":"closed","template":"","meta":[],"_links":{"self":[{"href":"http:\/\/www.kmu-aalen.de\/kmu-aalen\/wp-json\/wp\/v2\/pages\/896"}],"collection":[{"href":"http:\/\/www.kmu-aalen.de\/kmu-aalen\/wp-json\/wp\/v2\/pages"}],"about":[{"href":"http:\/\/www.kmu-aalen.de\/kmu-aalen\/wp-json\/wp\/v2\/types\/page"}],"author":[{"embeddable":true,"href":"http:\/\/www.kmu-aalen.de\/kmu-aalen\/wp-json\/wp\/v2\/users\/33"}],"replies":[{"embeddable":true,"href":"http:\/\/www.kmu-aalen.de\/kmu-aalen\/wp-json\/wp\/v2\/comments?post=896"}],"version-history":[{"count":46,"href":"http:\/\/www.kmu-aalen.de\/kmu-aalen\/wp-json\/wp\/v2\/pages\/896\/revisions"}],"predecessor-version":[{"id":3907,"href":"http:\/\/www.kmu-aalen.de\/kmu-aalen\/wp-json\/wp\/v2\/pages\/896\/revisions\/3907"}],"up":[{"embeddable":true,"href":"http:\/\/www.kmu-aalen.de\/kmu-aalen\/wp-json\/wp\/v2\/pages\/1281"}],"wp:attachment":[{"href":"http:\/\/www.kmu-aalen.de\/kmu-aalen\/wp-json\/wp\/v2\/media?parent=896"}],"curies":[{"name":"wp","href":"https:\/\/api.w.org\/{rel}","templated":true}]}}