{"id":700,"date":"2015-05-05T12:27:47","date_gmt":"2015-05-05T10:27:47","guid":{"rendered":"http:\/\/www.kmu-aalen.de\/kmu-aalen\/?page_id=700"},"modified":"2022-04-06T15:33:47","modified_gmt":"2022-04-06T13:33:47","slug":"big-data-business-intelligence","status":"publish","type":"page","link":"http:\/\/www.kmu-aalen.de\/kmu-aalen\/forschung\/publikationen\/sorted-publications\/big-data-business-intelligence\/","title":{"rendered":"Big Data \/ Business Intelligence"},"content":{"rendered":"<pre style=\"padding-left: 30px;\"><span style=\"font-family: Arial, Helvetica, sans-serif;\">The following publications insist a set of studies that analyze the impact factors of the \r\nperceived advantages of Big Data and other publications which are about processing \r\nunstructured data in terms of increasing efficiency of enterprises and the use of \r\nBig Data for strategic initiatives.<\/span><\/pre>\n<ul>\n<li>H\u00e4fner, F. \/ H\u00e4rting, R. \/ Bueechl, J. (2021): Potentials and Challenges of Emotionally Sensitive Applications in Apprenticeship, in: Watrobski, J.; Salabun, W.; Toro, C.; Zanni-Merk, C.; Howlett, J.; Jain, L. C.; Knowledge-Based and Intelligent Information &amp; Engineering Systems, Elsevier B.V. 2021, Vol. 192, pp. Pages 2606-2615, ISSN 1877-0509, https:\/\/doi.org\/10.1016\/j.procs.2021.09.030<\/li>\n<li>&nbsp;\n<p>H\u00e4rting, R. \/ Schmidt, S. \/ Krum, D. (2021): Potentials of Emotionally Sensitive Applications Using Machine Learning, in: Zimmermann A., Howlett R., Jain L. (eds) Human Centred Intelligent Systems, Smart Innovation, Systems and Technologies (HCIS-20) Springer 2021, Vol. 186, pp. 207-219, ISBN 978-981-15-5783-5, https:\/\/doi.org\/10.1007\/978-981-15-5784-2_17<\/li>\n<li>H\u00e4rting, R. \/ Kaim, R. \/ Klamm, N. \/ Kroneberg, J. (2020): Impacts of the New General Data Protection Regulation for Small- and Medium-Sized Enterprises, in: Yang, X.-S., Sherratt, S., Dey, N., Joshi, A. (Eds.), Advances in Intelligent Systems and Computing, Proceedings of Fifth International Congress on Information and Communication Technology, Vol. 1183 (ICICT 2020), Springer 2020, Vol. 2, pp. 238-246, ISBN 978-981- 15-5855-9, ISSN 2194-5357, DOI: https:\/\/doi.org\/10.1007\/978-981-15-5856-6<\/li>\n<li>H\u00e4rting, R. \/ Lewoniewski, W. (2020): Main Influencing Factors of Quality Determination of Collaborative Open Data Pages, in: MDPI Journal of Information, Vol. 11, No. 6 (2020). DOI: 10.3390\/info11060283<\/li>\n<li>H\u00e4rting, R. \/ Schmidt, S. \/ Krum, D. (2020): Potentials of Emotionally Sensitive Applications Using Machine Learning, in: Zimmermann A., Howlett R., Jain L. (eds) Human Centred Intelligent Systems, Smart Innovation, Systems and Technologies (HCIS-20) Springer 2020, Vol. 186, pp. 207-219, ISBN 978-981-15-5783-5, https:\/\/doi.org\/10.1007\/978-981-15-5784-2_17<\/li>\n<li>Dittert, M. \/ H\u00e4rting, R. \/ Reichstein, C. \/ Bayer, C. (2017): A Data Analytics Framework for Business in Small and Medium-Sized Organizations, in Czarnowski, I., Howlett, R., Jain, L. (2017), Smart Innovation, Systems and Technologies \u2013 Proceedings of the 9th KES International Conference on Intelligent Decision Technologies (KES-IDT 2017) \u2013 Part II, Springer 2016, Vol. 73, pp.169-181, ISBN 978-3-319-59423-8; ISSN 2190-3018<\/li>\n<li>Norousi, R. \/ Bauer, J. \/ H\u00e4rting, R. \/ Reichstein, C. (2017): A Comparison of Predictive Analytics Solutions on Hadoop, in Czarnowski, I., Howlett, R., Jain, L. (2017), Smart Innovation, Systems and Technologies \u2013 Proceedings of the 9th KES International Conference on Intelligent Decision Technologies (KES-IDT 2017) \u2013 Part II, Springer 2016, Vol. 73, pp.157-168, ISBN 978-3-319-59423-8; ISSN 2190-3018<\/li>\n<li>Letsche, S.\/ H\u00e4rting, R.\/ M\u00f6hring, M.\/ Reichstein, C. (2016): Revenue Management als Konzept zur Ertragsmaximierung, in: H\u00e4rting, R. (Hrsg) (2016): Industrie 4.0 und Digitalisierung \u2013 Innovative Gesch\u00e4ftsmodelle wagen! Tagungsband, 8. Transfertag, Aalen 2016, BOD Norderstedt, S. 44-62.<\/li>\n<li>Schmidt, R.\/ M\u00f6hring, M.\/ H\u00e4rting, R.\/ Zimmermann, A.\/ Keller, B. (2015): Enabling Social-Data Driven Sales Processes in Local Clothing Retail Stores. In: Lecture Notes in Business Information Processing, Springer, forthcoming, 2015.<\/li>\n<li>Schmidt, R.\/ M\u00f6hring, M.\/ H\u00e4rting, R.\/ Zimmermann, A.\/ Graule, A.\/ Schwarzer, M \/ Go\u00dfen, C. (2014): Datenzentrierte Unternehmensarchitekturen im Bekleidungseinzelhandel. In: Lecture Notes Informatics, P-232, GI, 2014, S. 405-416.<\/li>\n<li>M\u00f6hring, M.\/ Schmidt, R.\/ H\u00e4rting, R.\/ Heitmann, J. (2014): Neue Potenziale im Controlling durch die Verarbeitung von unstrukturierten Daten in Marketing und Vertrieb. In: Klein, A. (Hrsg): Marketing im Online-Zeitalter, Haufe Verlag Freiburg 2014, S. 229 &#8211; 246.<\/li>\n<li>H\u00e4rting, R.\/ M\u00f6hring, M.\/ Reichstein, C.\/ Mack, D.\/ Salokat, A.\/ Swiatlowska, A.\/ Weidner, A. (2014): Business Intelligence Analyse und Social Media: Ein Praxisbeispiel f\u00fcr den Mittelstand, in: H\u00e4rting, R. (2014): Big Data \u2013 Daten strategisch nutzen!, Tagungsband, 7. Transfertag, Aalen 2014, BOD Norderstedt, S. 37-48.<br \/>\n<a href=\"https:\/\/www.bod.de\/buch\/ralf-christian-haerting\/big-data---daten-strategisch-nutzen\/9783732285846.html\" target=\"_blank\" rel=\"noopener noreferrer\">Order<\/a><\/li>\n<li>H\u00e4rting, R.\/ Schmidt, R.\/ M\u00f6hring, M. (2014): Business Intelligence &amp; Big Data: eine strategische Waffe f\u00fcr KMU?, in: H\u00e4rting, R. (2014): Big Data \u2013 Daten strategisch nutzen!, Tagungsband, 7. Transfertag, Aalen 2014, BOD Norderstedt, S. 11-25.<br \/>\n<a href=\"https:\/\/www.bod.de\/buch\/ralf-christian-haerting\/big-data---daten-strategisch-nutzen\/9783732285846.html\" target=\"_blank\" rel=\"noopener noreferrer\">Order<\/a><\/li>\n<li>Schmidt, R.\/ M\u00f6hring M.\/ Maier, S.\/ Pietsch, J.\/ H\u00e4rting, R. (2014): Big Data as Strategic Enabler \u2013 Insights from Central European Enterprises, in: Abramowicz, W.\/ Kokkinaki, A. (2014): 17<sup>th<\/sup>. International Conference on Business Information Systems, Lecture Notes in Business Information Processing, Springer 2014, S. 50-60.<br \/>\n<a href=\"http:\/\/link.springer.com\/chapter\/10.1007%2F978-3-319-06695-0_5\" target=\"_blank\" rel=\"noopener noreferrer\">Order<\/a><\/li>\n<li>Walsh, G.\/ M\u00f6hring, M.\/ Koot, C.\/ Schaarschmidt, M. (2014): Preventive Product Returns Management Systems: A Review and a Model. Proceedings of the 21th European Conference on Information Systems (ECIS) June 11-13\u201d, Tel Aviv, Israel.<\/li>\n<li>Schmidt, R.\/ M\u00f6hring, M.\/ Rieg, R.\/ Maier, S.\/ Walsh, G.\/ H\u00e4rting, R. (2014): Forensic Accounting \u2013 Potenziale von Big Data und Predictive Analytics im Rahmen der IT Governance, in Lecture Notes Informatics, P-232, GI, 2014, pp. 1577-1588.<\/li>\n<li>H\u00e4rting, R.\/ Walter, I. (2013): Business Intelligence im Medienversandhandel \u2013 Data Mining Analysen f\u00fcr die Vertriebs- und Marketingsteuerung, in: H\u00e4rting, R. (Hrsg.) (2013): Marketing- und Vertriebssteuerung, BoD Norderstedt.Hanke, U. u. a. (2010): Open Source Business Intelligence, 1. Aufl., dpunkt Verlag, W\u00fcrzburg 2010.<\/li>\n<li>H\u00e4rting, R.\/ Steinecker, M. (2008): Business Intelligence \u2013 Neue Marktpotentiale im Mittelstand, OXYGON Verlag, September 2008, pp. 51 \u2013 53.<\/li>\n<li>H\u00e4rting, R.\/ Koch, R.\/ Weinreich, H.-D. (2008): Controlling von Rechten und Lizenzen am Beispiel der Medienbranche, in: Bischof, J., Fredersdorf, F.: Controlling immaterieller Verm\u00f6genswerte, Symposion Publishing, D\u00fcsseldorf 2008, pp. 155 \u2013 172.<\/li>\n<li>Zimmermann A.\/ Sandkuhl K.\/ Schmidt R.\/ Jugel D.\/ Wi\u00dfotzki M.\/ M\u00f6hring M. (2015): Adaptive Digitale Enterprise Architekturen f\u00fcr Big Data und Cloud-Systeme, in: Lecture Notes Informatics, pp.417-450<br \/>\n<a href=\"https:\/\/dl.gi.de\/handle\/20.500.12116\/2931\" target=\"_blank\" rel=\"noopener noreferrer\">Download<\/a><\/li>\n<li>Walsh, G.\/ M\u00f6hring, M. (2014): Retourenvermeidung im E-Commerce \u2013 Kann Big Data helfen?, in: Marketing Review St. Gallen, January 2014. pp. 68-78.<br \/>\n<a href=\"http:\/\/link.springer.com\/article\/10.1365\/s11621-014-0322-6\" target=\"_blank\" rel=\"noopener noreferrer\">Order<\/a><\/li>\n<li>H\u00e4rting, R.\/ Folmayer, M. (2010): Kauf oder Miete von Business Software \u2013<br \/>\nEntscheidungsfindung bei kleinen und mittleren Unternehmen, in: Bilanzbuchhalter und<br \/>\nController, H. 8\/2008.<\/li>\n<li>H\u00e4rting, R. (2010): Electronic Business \u2013 was bleibt nach dem Ende der New Economy?, in Arnold, F. (Hrsg,): Handbuch der Telekommunikation Aktualisierungsauflage, 2010.<\/li>\n<li>H\u00e4rting, R. \/ B\u00f6sel, S. \/ Cronenberg, T. \/ Barth, D. \/ Kaim, R. \/ Klaas, P. \/ Heyden von, S. \/ Zagst, T. (2018): ProData \u2013 Studie zum Thema Produktdatenmanagement in Industrie und Handel<br \/>\n<a href=\"https:\/\/www.sdzecom.de\/proda-2017\/\" target=\"_blank\" rel=\"noopener noreferrer\">Download<\/a><\/li>\n<li>H\u00e4rting, R.\/ Ehlicke, D. (2003): Internetbasierte Marktforschung in der Musikindustrie,<br \/>\nForschungsbericht f\u00fcr Projektpartner.<\/li>\n<li>H\u00e4rting, R. (2000): Elektronischer Gesch\u00e4ftsverkehr aus Sicht privater Haushalte, M\u00fcnchen 2000.<br \/>\n<a href=\"http:\/\/www.amazon.de\/Elektronischer-Gesch%C3%A4ftsverkehr-Sicht-privater-Haushalte\/dp\/3824470500\" target=\"_blank\" rel=\"noopener noreferrer\">Order<\/a><\/li>\n<\/ul>\n<p>&nbsp;<\/p>\n<p>&nbsp;<\/p>\n","protected":false},"excerpt":{"rendered":"<p>The following publications insist a set of studies that analyze the impact factors of the perceived advantages of Big Data and other publications which are about processing unstructured data in terms of increasing efficiency of enterprises and the use of&hellip; <\/p>\n","protected":false},"author":33,"featured_media":0,"parent":1281,"menu_order":5,"comment_status":"closed","ping_status":"closed","template":"","meta":[],"_links":{"self":[{"href":"http:\/\/www.kmu-aalen.de\/kmu-aalen\/wp-json\/wp\/v2\/pages\/700"}],"collection":[{"href":"http:\/\/www.kmu-aalen.de\/kmu-aalen\/wp-json\/wp\/v2\/pages"}],"about":[{"href":"http:\/\/www.kmu-aalen.de\/kmu-aalen\/wp-json\/wp\/v2\/types\/page"}],"author":[{"embeddable":true,"href":"http:\/\/www.kmu-aalen.de\/kmu-aalen\/wp-json\/wp\/v2\/users\/33"}],"replies":[{"embeddable":true,"href":"http:\/\/www.kmu-aalen.de\/kmu-aalen\/wp-json\/wp\/v2\/comments?post=700"}],"version-history":[{"count":40,"href":"http:\/\/www.kmu-aalen.de\/kmu-aalen\/wp-json\/wp\/v2\/pages\/700\/revisions"}],"predecessor-version":[{"id":3903,"href":"http:\/\/www.kmu-aalen.de\/kmu-aalen\/wp-json\/wp\/v2\/pages\/700\/revisions\/3903"}],"up":[{"embeddable":true,"href":"http:\/\/www.kmu-aalen.de\/kmu-aalen\/wp-json\/wp\/v2\/pages\/1281"}],"wp:attachment":[{"href":"http:\/\/www.kmu-aalen.de\/kmu-aalen\/wp-json\/wp\/v2\/media?parent=700"}],"curies":[{"name":"wp","href":"https:\/\/api.w.org\/{rel}","templated":true}]}}