{"id":3243,"date":"2017-12-13T12:09:54","date_gmt":"2017-12-13T10:09:54","guid":{"rendered":"http:\/\/www.kmu-aalen.de\/kmu-aalen\/?page_id=3243"},"modified":"2018-01-02T20:58:49","modified_gmt":"2018-01-02T18:58:49","slug":"smartpls","status":"publish","type":"page","link":"http:\/\/www.kmu-aalen.de\/kmu-aalen\/language\/de\/forschung-2\/studierendenprojekte\/smartpls\/","title":{"rendered":"SmartPLS"},"content":{"rendered":"<p>In der Lehrveranstaltung \u201eBetriebliche Informationssysteme\u201c des Studiengangs Betriebswirtschaft f\u00fcr kleine und mittlere Unternehmen wird im Wintersemester 2017\/18 anhand eines Fallbeispiels das Data Mining Tool \u201eSmartPLS\u201c untersucht. Das Projekt wird von Studenten des vierten Fachsemesters durchgef\u00fchrt.<br \/>\nDas Programm ist in der Lage komplexe Ursache-Wirkungs-Zusammenh\u00e4nge zu untersuchen.<a href=\"#_ftn1\" name=\"_ftnref1\"><\/a> Somit k\u00f6nnen gro\u00dfe Datens\u00e4tze analysiert und Hypothesen verifiziert oder falsifiziert werden. Um den Kommilitonen die Statistiksoftware n\u00e4herzubringen werden dar\u00fcber hinaus mehrere, von dem Projektteam geleitete, Workshops abgehalten.<\/p>\n<p>Professionelle Unterst\u00fctzung erh\u00e4lt das Projektteam vom wissenschaftlichen Mitarbeiter, Herrn Christopher Reichstein (M.Sc), und von Prof. Dr. Ralf-Christian H\u00e4rting, der dieses Modul lehrt.<br \/>\n<strong>Zus\u00e4tzliche Kompetenzen<\/strong>, wie die Team- und Pr\u00e4sentationsf\u00e4higkeit und eine analytische Herangehensweise bei Problemen im IT-Projektmanagement werden durch das Modul erlangt.<\/p>\n<p>Das <strong>erste Kapitel<\/strong> befasst sich mit der Aufgabenstellung und den Projektzielen. Erg\u00e4nzend dazu stellt sich das Projektteam vor. Des Weiteren wird sowohl auf die Vorgehensweise der Ausarbeitung des zu erreichenden Ziels als auch auf die Konzeption des Workshops in diesem Kapitel eingegangen.<\/p>\n<p>Im <strong>zweiten Kapitel<\/strong> werden die Grundlagen von SmartPLS aufgegriffen, indem zun\u00e4chst auf den Hintergrund des Programms eingegangen wird. Zum besseren Verst\u00e4ndnis des Themengebiets ist die Erkl\u00e4rung wichtiger Grundbegriffe unabdingbar. Aus diesem Grund wird in diesem Abschnitt kurz auf relevante statistische Grundbegriffe eingegangen. Das Projektteam gibt einen Einblick in die Anwendung von SmartPLS in der Wissenschaft und erl\u00e4utert die Methoden, welche das Programm nutzt.<\/p>\n<p><strong>Kapitel drei<\/strong> thematisiert die Anwendung von SmartPLS anhand eines vorgegebenen Fallbeispiels. Hierbei steht die Planung und Umsetzung im Mittelpunkt. Anschlie\u00dfend wird das Ergebnis statistisch ausgewertet und durch die Studenten interpretiert.<\/p>\n<p>Die Herangehensweise und Erfahrungen des Projektteams werden im <strong>vierten Kapitel<\/strong> geschildert. Dabei soll die Benutzerfreundlichkeit des Programms f\u00fcr studentische Projekte auf seine Eignung hin untersucht werden. Abschlie\u00dfend soll ein kleiner Blick in die Zukunft gegeben werden, welcher einen Bezug auf die Anwendung neuer Technologien nimmt.<\/p>\n","protected":false},"excerpt":{"rendered":"<p>In der Lehrveranstaltung \u201eBetriebliche Informationssysteme\u201c des Studiengangs Betriebswirtschaft f\u00fcr kleine und mittlere Unternehmen wird im Wintersemester 2017\/18 anhand eines Fallbeispiels das Data Mining Tool \u201eSmartPLS\u201c untersucht. Das Projekt wird von Studenten des vierten Fachsemesters durchgef\u00fchrt. Das Programm ist in der&hellip; <\/p>\n","protected":false},"author":32,"featured_media":0,"parent":2839,"menu_order":50,"comment_status":"closed","ping_status":"closed","template":"","meta":[],"_links":{"self":[{"href":"http:\/\/www.kmu-aalen.de\/kmu-aalen\/wp-json\/wp\/v2\/pages\/3243"}],"collection":[{"href":"http:\/\/www.kmu-aalen.de\/kmu-aalen\/wp-json\/wp\/v2\/pages"}],"about":[{"href":"http:\/\/www.kmu-aalen.de\/kmu-aalen\/wp-json\/wp\/v2\/types\/page"}],"author":[{"embeddable":true,"href":"http:\/\/www.kmu-aalen.de\/kmu-aalen\/wp-json\/wp\/v2\/users\/32"}],"replies":[{"embeddable":true,"href":"http:\/\/www.kmu-aalen.de\/kmu-aalen\/wp-json\/wp\/v2\/comments?post=3243"}],"version-history":[{"count":9,"href":"http:\/\/www.kmu-aalen.de\/kmu-aalen\/wp-json\/wp\/v2\/pages\/3243\/revisions"}],"predecessor-version":[{"id":3315,"href":"http:\/\/www.kmu-aalen.de\/kmu-aalen\/wp-json\/wp\/v2\/pages\/3243\/revisions\/3315"}],"up":[{"embeddable":true,"href":"http:\/\/www.kmu-aalen.de\/kmu-aalen\/wp-json\/wp\/v2\/pages\/2839"}],"wp:attachment":[{"href":"http:\/\/www.kmu-aalen.de\/kmu-aalen\/wp-json\/wp\/v2\/media?parent=3243"}],"curies":[{"name":"wp","href":"https:\/\/api.w.org\/{rel}","templated":true}]}}