{"id":3241,"date":"2017-12-13T12:08:56","date_gmt":"2017-12-13T10:08:56","guid":{"rendered":"http:\/\/www.kmu-aalen.de\/kmu-aalen\/?page_id=3241"},"modified":"2018-01-02T20:54:58","modified_gmt":"2018-01-02T18:54:58","slug":"bonitaetspruefung","status":"publish","type":"page","link":"http:\/\/www.kmu-aalen.de\/kmu-aalen\/language\/de\/forschung-2\/studierendenprojekte\/bonitaetspruefung\/","title":{"rendered":"Bonit\u00e4tspr\u00fcfung mit dem RapidMiner"},"content":{"rendered":"<p><strong>Aufgabenstellung<\/strong><\/p>\n<p>Im Rahmen der Vorlesung \u201eBetriebliche Informationssysteme\u201c bei Herrn Prof. Dr. H\u00e4rting im Studiengang Betriebswirtschaftslehre f\u00fcr KMU an der Hochschule Aalen wurden den Studierenden einige Informationssysteme vorgestellt. Im weiteren Verlauf der Vorlesung wurden die Studierenden dazu angehalten, Projektteams zu bilden und innerhalb dieser Teams eine Projektarbeit zu erstellen. Nach kurzer Bedenkzeit entschied sich das Projektteam f\u00fcr die Aufgabenstellung bez\u00fcglich des Informationssystems \u201eRapidMiner\u201c. Die Datenmenge, die im Unternehmensalltag anf\u00e4llt nimmt immer weiter zu. Deshalb treten E-Business Systeme wie der RapidMiner immer weiter in den Vordergrund. Sie bieten einen unerl\u00e4sslichen Vorteil in Form von gezielten Analysen von gro\u00dfen Datenmengen sowie zur Entscheidungsfindung bei verschieden betriebswirtschaftlichen Fragestellungen.<\/p>\n<p><strong>Zielsetzung<\/strong><\/p>\n<p>Ziel der Projektarbeit ist es, die Funktionsweise des RapidMiner darzustellen und mit Hilfe eines Fallbeispiels zu veranschaulichen. Des Weiteren werden durch die Durchf\u00fchrung eines selbst erstellten Workshops die anderen Studierenden miteingebunden. Somit haben alle Studierenden die M\u00f6glichkeit, einen Einblick in das Programm RapidMiner zu erhalten. Am Ende der Projektphase wird vom Projektteam ein Abschlussbericht erstellt, der alle grundlegenden Informationen zum Thema RapidMiner darlegt.<\/p>\n<p><strong>Vorgehensweise<\/strong><\/p>\n<p>Das erste Kapitel beginnt mit der Einleitung in der die Aufgabenstellung, das Projektteam und dessen Vorgehensweise dargestellt wird. Im Anschluss wird im zweiten Kapitel auf die Grundlagen des Data Minings eingegangen. Hierzu wird der Begriff Big Data erkl\u00e4rt und eine Einf\u00fchrung in das Wesen des Data Minings vorgestellt. Ein weiterer Unterpunkt beinhaltet die Einarbeitung in das Programm RapidMiner. Dar\u00fcber hinaus werden die vielf\u00e4ltigen Einsatzm\u00f6glichkeiten dieser Software erl\u00e4utert. Das n\u00e4chste Kapitel behandelt das Fallbeispiel \u201eBonit\u00e4tspr\u00fcfung\u201c. Zun\u00e4chst wird das Thema erkl\u00e4rt und die Auswahlkriterien des Projektteams f\u00fcr das Fallbeispiel verdeutlicht. Anschlie\u00dfend wird das ausgew\u00e4hlte Fallbeispiel mit Hilfe der E-Business Software RapidMiner angewendet. Am Ende des Kapitels steht die Auswertung und Analyse der erhobenen Daten. Die erarbeiteten und gesammelten Erkenntnisse werden im vierten Teil zusammenfassend genannt und durch einen Ausblick abgerundet.<\/p>\n","protected":false},"excerpt":{"rendered":"<p>Aufgabenstellung Im Rahmen der Vorlesung \u201eBetriebliche Informationssysteme\u201c bei Herrn Prof. Dr. H\u00e4rting im Studiengang Betriebswirtschaftslehre f\u00fcr KMU an der Hochschule Aalen wurden den Studierenden einige Informationssysteme vorgestellt. Im weiteren Verlauf der Vorlesung wurden die Studierenden dazu angehalten, Projektteams zu bilden&hellip; <\/p>\n","protected":false},"author":32,"featured_media":0,"parent":2839,"menu_order":40,"comment_status":"closed","ping_status":"closed","template":"","meta":[],"_links":{"self":[{"href":"http:\/\/www.kmu-aalen.de\/kmu-aalen\/wp-json\/wp\/v2\/pages\/3241"}],"collection":[{"href":"http:\/\/www.kmu-aalen.de\/kmu-aalen\/wp-json\/wp\/v2\/pages"}],"about":[{"href":"http:\/\/www.kmu-aalen.de\/kmu-aalen\/wp-json\/wp\/v2\/types\/page"}],"author":[{"embeddable":true,"href":"http:\/\/www.kmu-aalen.de\/kmu-aalen\/wp-json\/wp\/v2\/users\/32"}],"replies":[{"embeddable":true,"href":"http:\/\/www.kmu-aalen.de\/kmu-aalen\/wp-json\/wp\/v2\/comments?post=3241"}],"version-history":[{"count":5,"href":"http:\/\/www.kmu-aalen.de\/kmu-aalen\/wp-json\/wp\/v2\/pages\/3241\/revisions"}],"predecessor-version":[{"id":3316,"href":"http:\/\/www.kmu-aalen.de\/kmu-aalen\/wp-json\/wp\/v2\/pages\/3241\/revisions\/3316"}],"up":[{"embeddable":true,"href":"http:\/\/www.kmu-aalen.de\/kmu-aalen\/wp-json\/wp\/v2\/pages\/2839"}],"wp:attachment":[{"href":"http:\/\/www.kmu-aalen.de\/kmu-aalen\/wp-json\/wp\/v2\/media?parent=3241"}],"curies":[{"name":"wp","href":"https:\/\/api.w.org\/{rel}","templated":true}]}}