{"id":3237,"date":"2017-12-13T12:07:22","date_gmt":"2017-12-13T10:07:22","guid":{"rendered":"http:\/\/www.kmu-aalen.de\/kmu-aalen\/?page_id=3237"},"modified":"2018-01-02T20:53:57","modified_gmt":"2018-01-02T18:53:57","slug":"ausbauinternetpraesenz","status":"publish","type":"page","link":"http:\/\/www.kmu-aalen.de\/kmu-aalen\/language\/de\/forschung-2\/studierendenprojekte\/ausbauinternetpraesenz\/","title":{"rendered":"Ausbau einer Internetpr\u00e4senz"},"content":{"rendered":"<p><strong><u><a href=\"http:\/\/www.kmu-aalen.de\/kmu-aalen\/wp-content\/uploads\/2017\/12\/9.Transfertag.jpg\"><img decoding=\"async\" loading=\"lazy\" class=\"wp-image-3292 aligncenter\" src=\"http:\/\/www.kmu-aalen.de\/kmu-aalen\/wp-content\/uploads\/2017\/12\/9.Transfertag-300x89.jpg\" alt=\"\" width=\"715\" height=\"212\" srcset=\"http:\/\/www.kmu-aalen.de\/wp-content\/uploads\/2017\/12\/9.Transfertag-300x89.jpg 300w, http:\/\/www.kmu-aalen.de\/wp-content\/uploads\/2017\/12\/9.Transfertag.jpg 450w\" sizes=\"(max-width: 715px) 100vw, 715px\" \/><\/a><\/u><\/strong><br \/>\n<span style=\"color: #99ccff;\"><strong>Aufgabenstellung und Zielsetzung<\/strong><\/span><\/p>\n<p>Aufgrund der immer schneller fortschreitenden technologischen Entwicklung, welche u.a. durch die hohe Anzahl der Internetnutzer ersichtlich wird, ver\u00e4ndert sich auch zunehmend das Marktumfeld der Unternehmen. Beispielsweise entstehen durch die Digitalisierung neue Vertriebswege bzw. Marktzug\u00e4nge und die Wettbewerbssituation wird zunehmend globaler. Um diesen neuen Herausforderungen gerecht zu werden, m\u00fcssen Unternehmen ihre bestehenden Gesch\u00e4ftsmodelle \u00fcberdenken und Anpassungen vornehmen. Ein Aspekt hierbei besteht darin, die Internetpr\u00e4senz auszubauen, um die Zielgruppen besser zu erreichen sowie auf dem globalen Markt wettbewerbsf\u00e4hig zu bleiben.<\/p>\n<p>Diese und weitere Themen stellen den Dreh- und Angelpunkt des 9. Transfertages \u201eDigitale Transformation \u2013 Smart Product World und Neue Gesch\u00e4ftsmodelle\u201c des Studiengangs \u201eBetriebswirtschaft f\u00fcr kleine und mittlere Unternehmen\u201c dar.<\/p>\n<p>Der Transfertag dient dem Austausch von Wissen zwischen der regionalen Wirtschaft und der Hochschule Aalen. Mittels einer Homepage ist es m\u00f6glich, diesen Transfer zu unterst\u00fctzen. Sowohl die Ergebnisse des Transfertags, als auch Informationen werden dort im Vorfeld zur Verf\u00fcgung gestellt.<\/p>\n<p>Daraus resultiert als Ziel des Projekts der Ausbau einer Internetpr\u00e4senz, um die wichtigen Informationen rund um den Transfertag zu aktualisieren und nach au\u00dfen zu kommunizieren. Unterst\u00fctzt wird dies durch die Verlinkungen auf der Website und dem Aufbau einer Pr\u00e4senz auf Facebook. Diese dient dazu sowohl auf den Transfertag, als auch auf die dazugeh\u00f6rige Website aufmerksam zu machen. Ein Vorteil dieser Vorgehensweise ist die Erweiterung der Reichweite in der Zielgruppenansprache.<\/p>\n<p>Mit Hilfe des Content Management Systems WordPress wird die bestehende Seite www.transfertag.de umgestaltet und erweitert. Die Struktur der Website soll insofern angepasst werden, dass alle relevanten Inhalte schnell und einfach abrufbar sowie aktualisierbar sind. Zudem soll es dem Besucher erm\u00f6glicht werden, durch neue Reiter, beispielsweise einer Bildergalerie, vorab einen Eindruck der Veranstaltung zu erhalten.<\/p>\n<p><span style=\"color: #99ccff;\"><strong>Vorgehensweise<\/strong><\/span><\/p>\n<p>Nach der abgeschlossenen Themenvergabe, erfolgt eine erste inhaltliche Auseinandersetzung mit dem Thema \u201eAusbau einer Internetpr\u00e4senz am vorgegebenen Beispiel:<br \/>\nwww.transfertag.de\u201c. Dabei verschaffen wir uns einen ersten \u00dcberblick \u00fcber den Ist-Zustand der Website des vergangenen Transfertags 2016. Basierend darauf erstellen wir eine vorl\u00e4ufige Gliederung sowie einen Aufgaben- und Terminplan. In diesem kombinierten Plan werden die einzelnen Arbeitspakete definiert und der damit verbundene Zeitaufwand gesch\u00e4tzt. F\u00fcr jede einzelne Aufgabe wird zus\u00e4tzlich ein Verantwortlicher festgelegt, der die Einhaltung der Termine \u00fcberwacht. Dar\u00fcber hinaus wird ein Expos\u00e9 verfasst, welches wie die anderen Dokumente zur Orientierung dienen soll.<\/p>\n<p>Der Ausbau der Website \u201ewww.transfertag.de\u201c erfolgt mit Hilfe des Content Management Systems WordPress. Unser Hauptaugenmerk legen wir dabei auf die Aktualisierung des Contents und die Erweiterung der Website um neue Funktionen. Des Weiteren wird die Internetpr\u00e4senz des Transfertags via Facebook aufgebaut.<\/p>\n<p>Anhand eines Workshops stellt das Projektteam die Besonderheiten der Arbeit mit WordPress vor und begleitet die Kommilitonen durch ein selbst zu erarbeitendes Anwendungsbeispiel.<\/p>\n<p>Der letzte Meilenstein des Projekts liegt in der Abgabe des Projektberichts, in dem ersichtlich wird, wie das Team zur Bew\u00e4ltigung der Aufgabenstellung vorgegangen ist.<\/p>\n<p>Sind Sie neugierig geworden? Besuchen Sie unsere Website<br \/>\n<a href=\"http:\/\/transfertag.de\/\">www.transfertag.de<\/a><\/p>\n","protected":false},"excerpt":{"rendered":"<p>Aufgabenstellung und Zielsetzung Aufgrund der immer schneller fortschreitenden technologischen Entwicklung, welche u.a. durch die hohe Anzahl der Internetnutzer ersichtlich wird, ver\u00e4ndert sich auch zunehmend das Marktumfeld der Unternehmen. Beispielsweise entstehen durch die Digitalisierung neue Vertriebswege bzw. Marktzug\u00e4nge und die Wettbewerbssituation&hellip; <\/p>\n","protected":false},"author":32,"featured_media":0,"parent":2839,"menu_order":20,"comment_status":"closed","ping_status":"closed","template":"","meta":[],"_links":{"self":[{"href":"http:\/\/www.kmu-aalen.de\/kmu-aalen\/wp-json\/wp\/v2\/pages\/3237"}],"collection":[{"href":"http:\/\/www.kmu-aalen.de\/kmu-aalen\/wp-json\/wp\/v2\/pages"}],"about":[{"href":"http:\/\/www.kmu-aalen.de\/kmu-aalen\/wp-json\/wp\/v2\/types\/page"}],"author":[{"embeddable":true,"href":"http:\/\/www.kmu-aalen.de\/kmu-aalen\/wp-json\/wp\/v2\/users\/32"}],"replies":[{"embeddable":true,"href":"http:\/\/www.kmu-aalen.de\/kmu-aalen\/wp-json\/wp\/v2\/comments?post=3237"}],"version-history":[{"count":6,"href":"http:\/\/www.kmu-aalen.de\/kmu-aalen\/wp-json\/wp\/v2\/pages\/3237\/revisions"}],"predecessor-version":[{"id":3313,"href":"http:\/\/www.kmu-aalen.de\/kmu-aalen\/wp-json\/wp\/v2\/pages\/3237\/revisions\/3313"}],"up":[{"embeddable":true,"href":"http:\/\/www.kmu-aalen.de\/kmu-aalen\/wp-json\/wp\/v2\/pages\/2839"}],"wp:attachment":[{"href":"http:\/\/www.kmu-aalen.de\/kmu-aalen\/wp-json\/wp\/v2\/media?parent=3237"}],"curies":[{"name":"wp","href":"https:\/\/api.w.org\/{rel}","templated":true}]}}