{"id":3235,"date":"2017-12-13T12:06:38","date_gmt":"2017-12-13T10:06:38","guid":{"rendered":"http:\/\/www.kmu-aalen.de\/kmu-aalen\/?page_id=3235"},"modified":"2018-01-02T20:53:20","modified_gmt":"2018-01-02T18:53:20","slug":"ueberblicktransfertag","status":"publish","type":"page","link":"http:\/\/www.kmu-aalen.de\/kmu-aalen\/language\/de\/forschung-2\/studierendenprojekte\/ueberblicktransfertag\/","title":{"rendered":"\u00dcberblicksseite zum Transfertag"},"content":{"rendered":"<p style=\"text-align: center;\"><span style=\"font-family: Comic Sans MS, sans-serif; color: #3399ff; font-size: 14pt;\"><strong>Aufbau und Bekanntmachung einer \u00dcberblicksseite f\u00fcr eine Internetpr\u00e4senz am vorgegebenen Fallbeispiel<\/strong><\/span><\/p>\n<p><a href=\"http:\/\/transfertag.de\/\" target=\"_blank\" rel=\"noopener noreferrer\"><img decoding=\"async\" loading=\"lazy\" class=\" wp-image-3285 aligncenter\" src=\"http:\/\/www.kmu-aalen.de\/kmu-aalen\/wp-content\/uploads\/2017\/12\/Informieren-und-austauschen-1018x460-300x136.png\" alt=\"\" width=\"386\" height=\"175\" srcset=\"http:\/\/www.kmu-aalen.de\/wp-content\/uploads\/2017\/12\/Informieren-und-austauschen-1018x460-300x136.png 300w, http:\/\/www.kmu-aalen.de\/wp-content\/uploads\/2017\/12\/Informieren-und-austauschen-1018x460-768x347.png 768w, http:\/\/www.kmu-aalen.de\/wp-content\/uploads\/2017\/12\/Informieren-und-austauschen-1018x460.png 1018w\" sizes=\"(max-width: 386px) 100vw, 386px\" \/><\/a><span style=\"color: #666666;\">Im Rahmen der Vorlesung \u201a\u201aBetriebliche Informationssysteme\u2018\u2018 bei Herrn Prof. Dr. H\u00e4rting im Studiengang <em>Betriebswirtschaft f\u00fcr kleine und mittlere Unternehmen<\/em> an der Hochschule Aalen, konnten die Studierenden Einblicke in die Bereiche E-Business und Business Software gewinnen. Ausgangspunkt f\u00fcr die vorliegende Projektarbeit ist die Veranstaltung des <em>Transfertages.<\/em> Dieser dient seit 2006 als Plattform f\u00fcr den Wissenstransfer von der Hochschule in die regionale Wirtschaft und f\u00fcr die F\u00f6rderung des Austausches von Know-how zwischen den Unternehmen.<\/span><\/p>\n<p><span style=\"color: #666666;\">Ziel der Projektgruppe ist es, einen animierten \u00dcberblick f\u00fcr die Website <a style=\"color: #666666;\" href=\"http:\/\/www.transfertag.de\">www.transfertag.de<\/a> f\u00fcr den neunten Transfertag zu geben und diesen als Startseite einzurichten. Die Erstellung und Gestaltung erfolgt mit WordPress. Zus\u00e4tzlich wird das Responsive Design verwendet.<\/span><\/p>\n<p><span style=\"color: #666666;\">Zu Beginn der Projektarbeit werden die Problemstellung sowie die Zielsetzung n\u00e4her erl\u00e4utert. Zus\u00e4tzlich wird die Vorgehensweise des Aufbaus und der Bekanntmachung der \u00dcberblicksseite beschrieben. Ebenso wird das Projektteam vorgestellt.<\/span><\/p>\n<p><span style=\"color: #666666;\">Anschlie\u00dfend f\u00fchrt die Projektgruppe eine Analyse der aktuellen Website <a style=\"color: #666666;\" href=\"http:\/\/www.transfertag.de\">www.transfertag.de<\/a>, welche Informationen zum 8. Transfertag beinhaltet, durch. Diese dient als Vorlage f\u00fcr die Planung der \u00dcberblicksseite des 9. Transfertages. Anhand einer Zielgruppenanalyse und einem daraus resultierenden Anforderungsprofil f\u00fcr die Website rundet das Projektteam die Projektplanung ab.<\/span><\/p>\n<p><span style=\"color: #666666;\">Der Aufbau und die Gestaltung der Seite erfolgt in mehreren Schritten. F\u00fcr einen ersten Entwurf der \u00dcberblicksseite ben\u00f6tigt die Gruppe allgemeine Informationen \u00fcber den 9. Transfertag, zu welchen das Datum, das Programm, die Organisation, die Referenten, die Sponsoren sowie die Aussteller z\u00e4hlen. Diese erhalten sie von den Organisatoren und Verantwortlichen. Anhand dieser Informationen wird f\u00fcr die gestalterische Darstellung ein erstes Konzept erarbeitet und ein Gesamtentwurf erstellt. Dieser Entwurf wird im Laufe der Projektarbeit regelm\u00e4\u00dfig \u00fcberarbeitet und angepasst.<\/span><\/p>\n<p><span style=\"color: #666666;\">F\u00fcr die Umsetzung der \u00dcberblicksseite eignet sich das Projektteam Grundlagen in HTML, CSS, WordPress und Responsive Design an. Erforderlich sind auch Kenntnisse \u00fcber die Grundlagen zur Erstellung von Animationen, da die Seite mithilfe von Animationen als Eye-Catcher dienen soll. F\u00fcr die Bekanntmachung der Internetpr\u00e4senz werden Social Media Plugins eingebaut. Da die Erarbeitung der notwendigen Funktionen im Team erfolgt, wird neben der Fach- und Methodenkompetenz ebenfalls die Sozialkompetenz weiterentwickelt.<\/span><\/p>\n<p><span style=\"color: #666666;\">Das Team erstellt im Laufe der Projektarbeit parallel eine Pr\u00e4sentation sowie einen Workshop f\u00fcr die Kommilitonen, welcher Grundlagen von WordPress und die Gestaltung von Animationen aufzeigt.<\/span><\/p>\n<p><span style=\"color: #666666;\">Der Abschluss des gesamten Projektes bildet die Abgabe des Projektberichts, in dem die genaue Vorgehensweise des Teams schriftlich erl\u00e4utert wird.<\/span><\/p>\n","protected":false},"excerpt":{"rendered":"<p>Aufbau und Bekanntmachung einer \u00dcberblicksseite f\u00fcr eine Internetpr\u00e4senz am vorgegebenen Fallbeispiel Im Rahmen der Vorlesung \u201a\u201aBetriebliche Informationssysteme\u2018\u2018 bei Herrn Prof. Dr. H\u00e4rting im Studiengang Betriebswirtschaft f\u00fcr kleine und mittlere Unternehmen an der Hochschule Aalen, konnten die Studierenden Einblicke in die&hellip; <\/p>\n","protected":false},"author":32,"featured_media":0,"parent":2839,"menu_order":10,"comment_status":"closed","ping_status":"closed","template":"","meta":[],"_links":{"self":[{"href":"http:\/\/www.kmu-aalen.de\/kmu-aalen\/wp-json\/wp\/v2\/pages\/3235"}],"collection":[{"href":"http:\/\/www.kmu-aalen.de\/kmu-aalen\/wp-json\/wp\/v2\/pages"}],"about":[{"href":"http:\/\/www.kmu-aalen.de\/kmu-aalen\/wp-json\/wp\/v2\/types\/page"}],"author":[{"embeddable":true,"href":"http:\/\/www.kmu-aalen.de\/kmu-aalen\/wp-json\/wp\/v2\/users\/32"}],"replies":[{"embeddable":true,"href":"http:\/\/www.kmu-aalen.de\/kmu-aalen\/wp-json\/wp\/v2\/comments?post=3235"}],"version-history":[{"count":3,"href":"http:\/\/www.kmu-aalen.de\/kmu-aalen\/wp-json\/wp\/v2\/pages\/3235\/revisions"}],"predecessor-version":[{"id":3300,"href":"http:\/\/www.kmu-aalen.de\/kmu-aalen\/wp-json\/wp\/v2\/pages\/3235\/revisions\/3300"}],"up":[{"embeddable":true,"href":"http:\/\/www.kmu-aalen.de\/kmu-aalen\/wp-json\/wp\/v2\/pages\/2839"}],"wp:attachment":[{"href":"http:\/\/www.kmu-aalen.de\/kmu-aalen\/wp-json\/wp\/v2\/media?parent=3235"}],"curies":[{"name":"wp","href":"https:\/\/api.w.org\/{rel}","templated":true}]}}