{"id":3076,"date":"2017-12-08T17:40:15","date_gmt":"2017-12-08T15:40:15","guid":{"rendered":"http:\/\/www.kmu-aalen.de\/kmu-aalen\/?page_id=3076"},"modified":"2017-12-13T11:25:18","modified_gmt":"2017-12-13T09:25:18","slug":"staart-up2","status":"publish","type":"page","link":"http:\/\/www.kmu-aalen.de\/kmu-aalen\/language\/de\/forschung-2\/projekt-kooperationspartner\/staart-up2\/","title":{"rendered":"stAArt-UP!"},"content":{"rendered":"<h5>Gr\u00fcndungskultur in Studium und Lehre<\/h5>\n<p>Die Gr\u00fcndungsinitiative stAArt-UP! der Hochschule Aalen hilft Studierenden eigene Ideen, in Bezug auf eine eigenst\u00e4ndige Gesch\u00e4ftst\u00e4tigkeit, erfolgreich umzusetzen.<br \/>\nUm den studentischen Start-Ups die M\u00f6glichkeit f\u00fcr einen erfolgreichen Start zu bieten, stellt das Innovationszentrum Fl\u00e4che, Ausstattung und Rat zu Verf\u00fcgung!<\/p>\n<p><img decoding=\"async\" loading=\"lazy\" class=\"alignleft\" src=\"https:\/\/www.hs-aalen.de\/uploads\/mediapool\/media\/file\/13371\/170504_Banner_WeWantYou_1024px.png\" width=\"820\" height=\"461\" border=\"0\" \/><\/p>\n<p>Mehr Informationen finden Sie <a href=\"https:\/\/www.hs-aalen.de\/de\/facilities\/153\" target=\"_blank\" rel=\"noopener noreferrer\">hier<\/a>!<\/p>\n","protected":false},"excerpt":{"rendered":"<p>Gr\u00fcndungskultur in Studium und Lehre Die Gr\u00fcndungsinitiative stAArt-UP! der Hochschule Aalen hilft Studierenden eigene Ideen, in Bezug auf eine eigenst\u00e4ndige Gesch\u00e4ftst\u00e4tigkeit, erfolgreich umzusetzen. Um den studentischen Start-Ups die M\u00f6glichkeit f\u00fcr einen erfolgreichen Start zu bieten, stellt das Innovationszentrum Fl\u00e4che, Ausstattung&hellip; <\/p>\n","protected":false},"author":32,"featured_media":0,"parent":2114,"menu_order":10,"comment_status":"closed","ping_status":"closed","template":"","meta":[],"_links":{"self":[{"href":"http:\/\/www.kmu-aalen.de\/kmu-aalen\/wp-json\/wp\/v2\/pages\/3076"}],"collection":[{"href":"http:\/\/www.kmu-aalen.de\/kmu-aalen\/wp-json\/wp\/v2\/pages"}],"about":[{"href":"http:\/\/www.kmu-aalen.de\/kmu-aalen\/wp-json\/wp\/v2\/types\/page"}],"author":[{"embeddable":true,"href":"http:\/\/www.kmu-aalen.de\/kmu-aalen\/wp-json\/wp\/v2\/users\/32"}],"replies":[{"embeddable":true,"href":"http:\/\/www.kmu-aalen.de\/kmu-aalen\/wp-json\/wp\/v2\/comments?post=3076"}],"version-history":[{"count":11,"href":"http:\/\/www.kmu-aalen.de\/kmu-aalen\/wp-json\/wp\/v2\/pages\/3076\/revisions"}],"predecessor-version":[{"id":3217,"href":"http:\/\/www.kmu-aalen.de\/kmu-aalen\/wp-json\/wp\/v2\/pages\/3076\/revisions\/3217"}],"up":[{"embeddable":true,"href":"http:\/\/www.kmu-aalen.de\/kmu-aalen\/wp-json\/wp\/v2\/pages\/2114"}],"wp:attachment":[{"href":"http:\/\/www.kmu-aalen.de\/kmu-aalen\/wp-json\/wp\/v2\/media?parent=3076"}],"curies":[{"name":"wp","href":"https:\/\/api.w.org\/{rel}","templated":true}]}}