{"id":3047,"date":"2017-12-08T13:27:58","date_gmt":"2017-12-08T11:27:58","guid":{"rendered":"http:\/\/www.kmu-aalen.de\/kmu-aalen\/?page_id=3047"},"modified":"2017-12-13T11:36:55","modified_gmt":"2017-12-13T09:36:55","slug":"enterprise-architecture-management","status":"publish","type":"page","link":"http:\/\/www.kmu-aalen.de\/kmu-aalen\/language\/de\/forschung-2\/aktuelle-forschungsprojekte\/enterprise-architecture-management\/","title":{"rendered":"Enterprise Architecture Management"},"content":{"rendered":"<p><strong>Was ist Enterprise Architecture Management?<\/strong><\/p>\n<p>Die Enterprise Architecture Management (EAM) stellt eine Managementdisziplin dar, mit der die Gestaltung von Unternehmen und den Gesch\u00e4ftsbeziehungen durchgef\u00fchrt werden kann. Das EAM hat die Aufgabe, Hilfsmittel bereit zu stellen, um die immer steigende Komplexit\u00e4t der IT-Landschaft aufgrund des dynamischen Marktwandels und Technologiefortschritts zu beherrschen. Die Transparenz ist die Basis der EA und der IT-Landschaft. Durch sie ist es erst m\u00f6glich das Zusammenspiel zwischen EA und IT-Landschaft zu gestalten, zu organisieren und somit mit der Komplexit\u00e4t umzugehen. Daneben soll durch den Einsatz von EAM eine strategische und Business-orientierte Weiterentwicklung der IT-Landschaft erm\u00f6glicht werden. Mithilfe von EAM wird versucht die Leistungsinfrastruktur auf die angestrebten Gesch\u00e4ftsziele und Gesch\u00e4ftsmodelle anzupassen. Dabei finden teilweise \u00dcberschneidungen mit Aufgabenbereichen der Unternehmensentwicklung statt. Der Fokus von EAM liegt allerdings mehr im technischen Bereich.<\/p>\n","protected":false},"excerpt":{"rendered":"<p>Was ist Enterprise Architecture Management? Die Enterprise Architecture Management (EAM) stellt eine Managementdisziplin dar, mit der die Gestaltung von Unternehmen und den Gesch\u00e4ftsbeziehungen durchgef\u00fchrt werden kann. Das EAM hat die Aufgabe, Hilfsmittel bereit zu stellen, um die immer steigende Komplexit\u00e4t&hellip; <\/p>\n","protected":false},"author":32,"featured_media":0,"parent":2110,"menu_order":40,"comment_status":"closed","ping_status":"closed","template":"","meta":[],"_links":{"self":[{"href":"http:\/\/www.kmu-aalen.de\/kmu-aalen\/wp-json\/wp\/v2\/pages\/3047"}],"collection":[{"href":"http:\/\/www.kmu-aalen.de\/kmu-aalen\/wp-json\/wp\/v2\/pages"}],"about":[{"href":"http:\/\/www.kmu-aalen.de\/kmu-aalen\/wp-json\/wp\/v2\/types\/page"}],"author":[{"embeddable":true,"href":"http:\/\/www.kmu-aalen.de\/kmu-aalen\/wp-json\/wp\/v2\/users\/32"}],"replies":[{"embeddable":true,"href":"http:\/\/www.kmu-aalen.de\/kmu-aalen\/wp-json\/wp\/v2\/comments?post=3047"}],"version-history":[{"count":2,"href":"http:\/\/www.kmu-aalen.de\/kmu-aalen\/wp-json\/wp\/v2\/pages\/3047\/revisions"}],"predecessor-version":[{"id":3228,"href":"http:\/\/www.kmu-aalen.de\/kmu-aalen\/wp-json\/wp\/v2\/pages\/3047\/revisions\/3228"}],"up":[{"embeddable":true,"href":"http:\/\/www.kmu-aalen.de\/kmu-aalen\/wp-json\/wp\/v2\/pages\/2110"}],"wp:attachment":[{"href":"http:\/\/www.kmu-aalen.de\/kmu-aalen\/wp-json\/wp\/v2\/media?parent=3047"}],"curies":[{"name":"wp","href":"https:\/\/api.w.org\/{rel}","templated":true}]}}