{"id":3033,"date":"2017-12-08T12:15:28","date_gmt":"2017-12-08T10:15:28","guid":{"rendered":"http:\/\/www.kmu-aalen.de\/kmu-aalen\/?page_id=3033"},"modified":"2017-12-13T11:32:00","modified_gmt":"2017-12-13T09:32:00","slug":"bitcoin","status":"publish","type":"page","link":"http:\/\/www.kmu-aalen.de\/kmu-aalen\/language\/de\/forschung-2\/aktuelle-forschungsprojekte\/bitcoin\/","title":{"rendered":"Bitcoin"},"content":{"rendered":"<p><strong>Was ist Bitcoin?<\/strong><\/p>\n<p>Bitcoin ist der erfolgreichste Ansatz f\u00fcr die Einrichtung einer W\u00e4hrung au\u00dferhalb der staatlichen Aufsicht und staatlichen Institutionen. Au\u00dferdem wird Bitcoin sehr kontrovers diskutiert. Daher sollte eine weitere Untersuchung der verschiedenen Aspekte des Nutzens von Bitcoin durchgef\u00fchrt werden, um einige Kernaspekte der digitalen W\u00e4hrung Bitcoin zu identifizieren. Wichtige Aspekte wie Verbreitung und Sicherheit sind bedeutende Einflussfaktoren f\u00fcr Nutzer, die von der Nutzung einer digitalen W\u00e4hrung wie Bitcoin profitieren. Sowohl positive als auch negative Sichtweisen auf Bitcoin finden sich in der \u00f6ffentlichen Diskussion. Einige sehen darin ein Mittel zur F\u00f6rderung der Innovation im Finanzsektor. Kritische Stimmen betrachten Bitcoin als b\u00f6se, eine Art ultraliberaler Putsch, um staatliche Strukturen zu zerst\u00f6ren.<\/p>\n","protected":false},"excerpt":{"rendered":"<p>Was ist Bitcoin? Bitcoin ist der erfolgreichste Ansatz f\u00fcr die Einrichtung einer W\u00e4hrung au\u00dferhalb der staatlichen Aufsicht und staatlichen Institutionen. Au\u00dferdem wird Bitcoin sehr kontrovers diskutiert. Daher sollte eine weitere Untersuchung der verschiedenen Aspekte des Nutzens von Bitcoin durchgef\u00fchrt werden,&hellip; <\/p>\n","protected":false},"author":32,"featured_media":0,"parent":2110,"menu_order":60,"comment_status":"closed","ping_status":"closed","template":"","meta":[],"_links":{"self":[{"href":"http:\/\/www.kmu-aalen.de\/kmu-aalen\/wp-json\/wp\/v2\/pages\/3033"}],"collection":[{"href":"http:\/\/www.kmu-aalen.de\/kmu-aalen\/wp-json\/wp\/v2\/pages"}],"about":[{"href":"http:\/\/www.kmu-aalen.de\/kmu-aalen\/wp-json\/wp\/v2\/types\/page"}],"author":[{"embeddable":true,"href":"http:\/\/www.kmu-aalen.de\/kmu-aalen\/wp-json\/wp\/v2\/users\/32"}],"replies":[{"embeddable":true,"href":"http:\/\/www.kmu-aalen.de\/kmu-aalen\/wp-json\/wp\/v2\/comments?post=3033"}],"version-history":[{"count":3,"href":"http:\/\/www.kmu-aalen.de\/kmu-aalen\/wp-json\/wp\/v2\/pages\/3033\/revisions"}],"predecessor-version":[{"id":3271,"href":"http:\/\/www.kmu-aalen.de\/kmu-aalen\/wp-json\/wp\/v2\/pages\/3033\/revisions\/3271"}],"up":[{"embeddable":true,"href":"http:\/\/www.kmu-aalen.de\/kmu-aalen\/wp-json\/wp\/v2\/pages\/2110"}],"wp:attachment":[{"href":"http:\/\/www.kmu-aalen.de\/kmu-aalen\/wp-json\/wp\/v2\/media?parent=3033"}],"curies":[{"name":"wp","href":"https:\/\/api.w.org\/{rel}","templated":true}]}}