{"id":2920,"date":"2017-11-28T10:31:07","date_gmt":"2017-11-28T08:31:07","guid":{"rendered":"http:\/\/www.kmu-aalen.de\/kmu-aalen\/?page_id=2920"},"modified":"2017-12-13T11:34:22","modified_gmt":"2017-12-13T09:34:22","slug":"digitalisierung-und-tourismus-vertiefungsprojekt-und-vergleichsstudie-mit-suedafrika","status":"publish","type":"page","link":"http:\/\/www.kmu-aalen.de\/kmu-aalen\/language\/de\/forschung-2\/aktuelle-forschungsprojekte\/digitalisierung-und-tourismus-vertiefungsprojekt-und-vergleichsstudie-mit-suedafrika\/","title":{"rendered":"Digitalisierung und Tourismus &#8211; Vertiefungsprojekt und Vergleichsstudie mit S\u00fcdafrika"},"content":{"rendered":"<p><strong>Potenzial der Digitalisierung in der Tourismusbranche<\/strong><\/p>\n<p>Die vorliegende Bachelorthesis \u201cPotentials of Digitization in the Tourism Industry \u2013 A comparable Survey between Developed and Emerging Market Economies\u201d befasst sich mit dem aktuellen Thema Digitalisierung. Im speziellen hierbei mit der Digitalisierung in der Tourismusbranche. Basierend auf theoretischen Grundlagen wurde eine vergleichende empirische Untersuchung erstellt und in Deutschland und S\u00fcdafrika durchgef\u00fchrt. Das Ziel dieser vergleichenden Studie ist es, herauszufinden in wie weit die Digitalisierung die Tourismusbranche bereits ver\u00e4ndert hat und welche Ver\u00e4nderungen in Zukunft noch zu erwarten sind. Im Vergleich der beiden Tourismusm\u00e4rkte Deutschland und S\u00fcdafrika ist es spannend zu sehen, welche Unterschiede bez\u00fcglich dessen zu erkennen sind. Die deutsche Studie wurde anhand einer Online Umfrage im Zeitraum von Ende April bis Anfang Juli 2016 durchgef\u00fchrt. Die englischsprachige Online Umfrage wurde von Juli 2016 bis November 2016 in S\u00fcdafrika durchgef\u00fchrt. Die Umfrage erreichte einen Stichprobenumfang von 118 Experten in Deutschland und 110 Experten in S\u00fcdafrika. Die mit Hilfe eines Strukturgleichungsmodells ermittelten Ergebnisse best\u00e4tigen bei f\u00fcnf Hypothesen der Umfrage auf dem deutschen Markt und bei zwei Hypothesen in S\u00fcdafrika einen positiven signifikanten Einfluss des Potenzials der Digitalisierung auf die Tourismusbranche. Bei der Umfrage in Deutschland sind die signifikanten Einflussfaktoren die m\u00f6gliche Umsatzsteigerung, die neuen Gesch\u00e4ftsmodelle wie z.B. die Sharing Economy, die klassische Buchung im Reiseb\u00fcro, die Personalisierung von Angeboten und die Ver\u00e4nderung der Tourismusbranche durch Social Media. In S\u00fcdafrika sind dies ebenfalls die m\u00f6gliche Umsatzsteigerung und Virtual Reality signifikante Einflussfaktoren der Digitalisierung auf die Tourismusbranche.<\/p>\n","protected":false},"excerpt":{"rendered":"<p>Potenzial der Digitalisierung in der Tourismusbranche Die vorliegende Bachelorthesis \u201cPotentials of Digitization in the Tourism Industry \u2013 A comparable Survey between Developed and Emerging Market Economies\u201d befasst sich mit dem aktuellen Thema Digitalisierung. Im speziellen hierbei mit der Digitalisierung in&hellip; <\/p>\n","protected":false},"author":32,"featured_media":0,"parent":2110,"menu_order":70,"comment_status":"closed","ping_status":"closed","template":"","meta":[],"_links":{"self":[{"href":"http:\/\/www.kmu-aalen.de\/kmu-aalen\/wp-json\/wp\/v2\/pages\/2920"}],"collection":[{"href":"http:\/\/www.kmu-aalen.de\/kmu-aalen\/wp-json\/wp\/v2\/pages"}],"about":[{"href":"http:\/\/www.kmu-aalen.de\/kmu-aalen\/wp-json\/wp\/v2\/types\/page"}],"author":[{"embeddable":true,"href":"http:\/\/www.kmu-aalen.de\/kmu-aalen\/wp-json\/wp\/v2\/users\/32"}],"replies":[{"embeddable":true,"href":"http:\/\/www.kmu-aalen.de\/kmu-aalen\/wp-json\/wp\/v2\/comments?post=2920"}],"version-history":[{"count":2,"href":"http:\/\/www.kmu-aalen.de\/kmu-aalen\/wp-json\/wp\/v2\/pages\/2920\/revisions"}],"predecessor-version":[{"id":2936,"href":"http:\/\/www.kmu-aalen.de\/kmu-aalen\/wp-json\/wp\/v2\/pages\/2920\/revisions\/2936"}],"up":[{"embeddable":true,"href":"http:\/\/www.kmu-aalen.de\/kmu-aalen\/wp-json\/wp\/v2\/pages\/2110"}],"wp:attachment":[{"href":"http:\/\/www.kmu-aalen.de\/kmu-aalen\/wp-json\/wp\/v2\/media?parent=2920"}],"curies":[{"name":"wp","href":"https:\/\/api.w.org\/{rel}","templated":true}]}}