{"id":2839,"date":"2017-11-21T13:23:33","date_gmt":"2017-11-21T11:23:33","guid":{"rendered":"http:\/\/www.kmu-aalen.de\/kmu-aalen\/?page_id=2839"},"modified":"2018-01-02T21:06:38","modified_gmt":"2018-01-02T19:06:38","slug":"studierendenprojekte","status":"publish","type":"page","link":"http:\/\/www.kmu-aalen.de\/kmu-aalen\/language\/de\/forschung-2\/studierendenprojekte\/","title":{"rendered":"Studierendenprojekte"},"content":{"rendered":"<p>Im Folgenden finden Sie Studierendenprojekte, die im Wintersemester 2017\/2018 im Rahmen der Veranstaltung &#8220;Betriebliche Informationssysteme&#8221; unter Herrn Prof. Dr. H\u00e4rting durchgef\u00fchrt werden.<\/p>\n<p><a href=\"http:\/\/www.kmu-aalen.de\/kmu-aalen\/language\/de\/forschung-2\/studierendenprojekte\/ueberblicktransfertag\/\">\u00dcberblickseite zum Transfertag<\/a><\/p>\n<p><a href=\"http:\/\/www.kmu-aalen.de\/kmu-aalen\/language\/de\/forschung-2\/studierendenprojekte\/ausbauinternetpraesenz\/\">Ausbau einer Internetpr\u00e4senz<\/a><\/p>\n<p><a href=\"http:\/\/www.kmu-aalen.de\/kmu-aalen\/language\/de\/forschung-2\/studierendenprojekte\/nachhaltigereinkauf\/\">Suchmaschinenoptimierung von nachhaltiger-einkauf.de<\/a><\/p>\n<p><a href=\"http:\/\/www.kmu-aalen.de\/kmu-aalen\/language\/de\/forschung-2\/studierendenprojekte\/bonitaetspruefung\/\">Bonit\u00e4tspr\u00fcfung mit dem RapidMiner<\/a><\/p>\n<p><a href=\"http:\/\/www.kmu-aalen.de\/kmu-aalen\/language\/de\/forschung-2\/studierendenprojekte\/smartpls\/\">SmartPLS<\/a><\/p>\n","protected":false},"excerpt":{"rendered":"<p>Im Folgenden finden Sie Studierendenprojekte, die im Wintersemester 2017\/2018 im Rahmen der Veranstaltung &#8220;Betriebliche Informationssysteme&#8221; unter Herrn Prof. Dr. H\u00e4rting durchgef\u00fchrt werden. \u00dcberblickseite zum Transfertag Ausbau einer Internetpr\u00e4senz Suchmaschinenoptimierung von nachhaltiger-einkauf.de Bonit\u00e4tspr\u00fcfung mit dem RapidMiner SmartPLS<\/p>\n","protected":false},"author":32,"featured_media":0,"parent":2077,"menu_order":300,"comment_status":"closed","ping_status":"closed","template":"","meta":[],"_links":{"self":[{"href":"http:\/\/www.kmu-aalen.de\/kmu-aalen\/wp-json\/wp\/v2\/pages\/2839"}],"collection":[{"href":"http:\/\/www.kmu-aalen.de\/kmu-aalen\/wp-json\/wp\/v2\/pages"}],"about":[{"href":"http:\/\/www.kmu-aalen.de\/kmu-aalen\/wp-json\/wp\/v2\/types\/page"}],"author":[{"embeddable":true,"href":"http:\/\/www.kmu-aalen.de\/kmu-aalen\/wp-json\/wp\/v2\/users\/32"}],"replies":[{"embeddable":true,"href":"http:\/\/www.kmu-aalen.de\/kmu-aalen\/wp-json\/wp\/v2\/comments?post=2839"}],"version-history":[{"count":10,"href":"http:\/\/www.kmu-aalen.de\/kmu-aalen\/wp-json\/wp\/v2\/pages\/2839\/revisions"}],"predecessor-version":[{"id":3332,"href":"http:\/\/www.kmu-aalen.de\/kmu-aalen\/wp-json\/wp\/v2\/pages\/2839\/revisions\/3332"}],"up":[{"embeddable":true,"href":"http:\/\/www.kmu-aalen.de\/kmu-aalen\/wp-json\/wp\/v2\/pages\/2077"}],"wp:attachment":[{"href":"http:\/\/www.kmu-aalen.de\/kmu-aalen\/wp-json\/wp\/v2\/media?parent=2839"}],"curies":[{"name":"wp","href":"https:\/\/api.w.org\/{rel}","templated":true}]}}