{"id":2734,"date":"2017-04-15T14:26:06","date_gmt":"2017-04-15T12:26:06","guid":{"rendered":"http:\/\/www.kmu-aalen.de\/kmu-aalen\/?page_id=2734"},"modified":"2017-12-13T11:33:17","modified_gmt":"2017-12-13T09:33:17","slug":"big-data","status":"publish","type":"page","link":"http:\/\/www.kmu-aalen.de\/kmu-aalen\/language\/de\/forschung-2\/aktuelle-forschungsprojekte\/big-data\/","title":{"rendered":"Big Data"},"content":{"rendered":"<p><span class=\"normaltextrun\"><b><span style=\"font-family: 'Helvetica',sans-serif;\">Was ist Big Data?\u00a0<\/span><\/b><\/span><span class=\"eop\"><span style=\"font-family: 'Helvetica',sans-serif;\">\u00a0<\/span><\/span><\/p>\n<p class=\"paragraph\" style=\"margin: 0cm; margin-bottom: .0001pt; vertical-align: baseline;\"><span class=\"normaltextrun\"><span style=\"font-family: 'Helvetica',sans-serif;\">Der Begriff wird gut anhand der 4 V auf einem Poster von IBM veranschaulicht (<\/span><\/span><a href=\"http:\/\/www.ibmbigdatahub.com\/infographic\/four-vs-big-data\" target=\"_blank\" rel=\"noopener noreferrer\"><span class=\"normaltextrun\"><span style=\"font-family: 'Helvetica',sans-serif; color: #386eff;\">http:\/\/www.ibmbigdatahub.com\/infographic\/four-vs-big-data<\/span><\/span><\/a><span class=\"normaltextrun\"><span style=\"font-family: 'Helvetica',sans-serif;\">). Wichtig ist dabei zu verstehen, dass sich Big Data auf die Charakteristik der Daten und Auswertung bezieht, nicht aber auf einen festen Technologiebaukasten. Historisch tauchte der Begriff erstmals\u00a02005\/2006\u00a0im Zusammenhang mit den von Google und Amazon im Rahmen\u00a0der Suchmaschinen- bzw. E-Commerce-Daten auf, bezog sich aber zun\u00e4chst auf die Gr\u00f6\u00dfe des anfallenden Datenvolumens (\u201eVolume\u201c).\u00a0Im Zuge der Entwicklung\u00a0von\u00a0<\/span><\/span><span class=\"spellingerror\"><span style=\"font-family: 'Helvetica',sans-serif;\">Social<\/span><\/span><span class=\"normaltextrun\"><span style=\"font-family: 'Helvetica',sans-serif;\">\u00a0Media\u00a0und der Auswertung der hier generierten Daten, hat der Begriff Big Data eine\u00a0zunehmende Ausweitung\u00a0in Richtung Heterogenit\u00e4t\u00a0(\u201eVariety\u201c), Datenqualit\u00e4t (\u201e<\/span><\/span><span class=\"spellingerror\"><span style=\"font-family: 'Helvetica',sans-serif;\">Veracity<\/span><\/span><span class=\"normaltextrun\"><span style=\"font-family: 'Helvetica',sans-serif;\">\u201c) und Auswertungsgeschwindigkeit (\u201eVelocity\u201c) erfahren.\u00a0Generell l\u00e4sst sich \u201eBig Data\u201c im Rahmen der Hightech-Strategie der Bundesregierung in die Zukunftsaufgabe \u201eDigitale Wirtschaft und Gesellschaft\u201c einordnen.<\/span><\/span><span class=\"eop\"><span style=\"font-family: 'Helvetica',sans-serif;\">\u00a0<\/span><\/span><\/p>\n<p class=\"paragraph\" style=\"margin: 0cm; margin-bottom: .0001pt; vertical-align: baseline;\">Big Data schafft auch f\u00fcr mittelst\u00e4ndische Unternehmen neue Potentiale f\u00fcr die strategische Entwicklung. Dies gilt besonders f\u00fcr das Zusammenspiel von Big Data mit Cloud-Computing, Mobiler Kommunikation und Social Software.<\/p>\n","protected":false},"excerpt":{"rendered":"<p>Was ist Big Data?\u00a0\u00a0 Der Begriff wird gut anhand der 4 V auf einem Poster von IBM veranschaulicht (http:\/\/www.ibmbigdatahub.com\/infographic\/four-vs-big-data). Wichtig ist dabei zu verstehen, dass sich Big Data auf die Charakteristik der Daten und Auswertung bezieht, nicht aber auf einen&hellip; <\/p>\n","protected":false},"author":33,"featured_media":0,"parent":2110,"menu_order":20,"comment_status":"closed","ping_status":"closed","template":"","meta":[],"_links":{"self":[{"href":"http:\/\/www.kmu-aalen.de\/kmu-aalen\/wp-json\/wp\/v2\/pages\/2734"}],"collection":[{"href":"http:\/\/www.kmu-aalen.de\/kmu-aalen\/wp-json\/wp\/v2\/pages"}],"about":[{"href":"http:\/\/www.kmu-aalen.de\/kmu-aalen\/wp-json\/wp\/v2\/types\/page"}],"author":[{"embeddable":true,"href":"http:\/\/www.kmu-aalen.de\/kmu-aalen\/wp-json\/wp\/v2\/users\/33"}],"replies":[{"embeddable":true,"href":"http:\/\/www.kmu-aalen.de\/kmu-aalen\/wp-json\/wp\/v2\/comments?post=2734"}],"version-history":[{"count":8,"href":"http:\/\/www.kmu-aalen.de\/kmu-aalen\/wp-json\/wp\/v2\/pages\/2734\/revisions"}],"predecessor-version":[{"id":2902,"href":"http:\/\/www.kmu-aalen.de\/kmu-aalen\/wp-json\/wp\/v2\/pages\/2734\/revisions\/2902"}],"up":[{"embeddable":true,"href":"http:\/\/www.kmu-aalen.de\/kmu-aalen\/wp-json\/wp\/v2\/pages\/2110"}],"wp:attachment":[{"href":"http:\/\/www.kmu-aalen.de\/kmu-aalen\/wp-json\/wp\/v2\/media?parent=2734"}],"curies":[{"name":"wp","href":"https:\/\/api.w.org\/{rel}","templated":true}]}}