{"id":2704,"date":"2017-04-15T09:43:57","date_gmt":"2017-04-15T07:43:57","guid":{"rendered":"http:\/\/www.kmu-aalen.de\/kmu-aalen\/?page_id=2704"},"modified":"2021-01-09T18:24:45","modified_gmt":"2021-01-09T16:24:45","slug":"downloadsinformationen","status":"publish","type":"page","link":"http:\/\/www.kmu-aalen.de\/kmu-aalen\/language\/de\/sonstiges\/downloadsinformationen\/","title":{"rendered":"Downloads &#038; Informationen"},"content":{"rendered":"<p>Wir organisieren ein Konferenzmodul\u00a0auf der\u00a0\u201eInternational Conference on Intelligent Decision Technologies\u201c und\u00a0kooperieren mit der internationalen Konferenz \u201eBusiness Information Systems\u201c. Neuigkeiten dazu finden\u00a0Sie auch unter <a href=\"http:\/\/www.kmu-aalen.de\/kmu-aalen\/language\/de\/veranstaltungenkes\/\" target=\"_blank\" rel=\"noopener noreferrer\">\u201eVeranstaltungen&#8221;<\/a> auf der Webseite.<\/p>\n<p>Wenn Sie weitergehendes Interesse \u00fcber die Erforschung von Informationssystemen in Bezug auf gesch\u00e4ftliche Sachverhalte haben, k\u00f6nnen Sie hier Informations- und Downloadmaterial finden.<\/p>\n<p><a href=\"http:\/\/www.kmu-aalen.de\/kmu-aalen\/?page_id=2699&amp;lang=de\">Downloads<\/a><\/p>\n<p><a href=\"http:\/\/www.kmu-aalen.de\/kmu-aalen\/?page_id=2707&amp;lang=de\">Informationen<\/a><\/p>\n<p>Au\u00dferdem k\u00f6nnen Sie einen Einblick dar\u00fcber bekommen, an welchen Themen die Studenten der <a href=\"https:\/\/www.hs-aalen.de\/de\" target=\"_blank\" rel=\"noopener noreferrer\">Hochschule Aalen<\/a>\u00a0arbeiteten.<\/p>\n","protected":false},"excerpt":{"rendered":"<p>Wir organisieren ein Konferenzmodul\u00a0auf der\u00a0\u201eInternational Conference on Intelligent Decision Technologies\u201c und\u00a0kooperieren mit der internationalen Konferenz \u201eBusiness Information Systems\u201c. Neuigkeiten dazu finden\u00a0Sie auch unter \u201eVeranstaltungen&#8221; auf der Webseite. Wenn Sie weitergehendes Interesse \u00fcber die Erforschung von Informationssystemen in Bezug auf gesch\u00e4ftliche&hellip; <\/p>\n","protected":false},"author":33,"featured_media":0,"parent":2827,"menu_order":150,"comment_status":"closed","ping_status":"closed","template":"","meta":[],"_links":{"self":[{"href":"http:\/\/www.kmu-aalen.de\/kmu-aalen\/wp-json\/wp\/v2\/pages\/2704"}],"collection":[{"href":"http:\/\/www.kmu-aalen.de\/kmu-aalen\/wp-json\/wp\/v2\/pages"}],"about":[{"href":"http:\/\/www.kmu-aalen.de\/kmu-aalen\/wp-json\/wp\/v2\/types\/page"}],"author":[{"embeddable":true,"href":"http:\/\/www.kmu-aalen.de\/kmu-aalen\/wp-json\/wp\/v2\/users\/33"}],"replies":[{"embeddable":true,"href":"http:\/\/www.kmu-aalen.de\/kmu-aalen\/wp-json\/wp\/v2\/comments?post=2704"}],"version-history":[{"count":7,"href":"http:\/\/www.kmu-aalen.de\/kmu-aalen\/wp-json\/wp\/v2\/pages\/2704\/revisions"}],"predecessor-version":[{"id":3744,"href":"http:\/\/www.kmu-aalen.de\/kmu-aalen\/wp-json\/wp\/v2\/pages\/2704\/revisions\/3744"}],"up":[{"embeddable":true,"href":"http:\/\/www.kmu-aalen.de\/kmu-aalen\/wp-json\/wp\/v2\/pages\/2827"}],"wp:attachment":[{"href":"http:\/\/www.kmu-aalen.de\/kmu-aalen\/wp-json\/wp\/v2\/media?parent=2704"}],"curies":[{"name":"wp","href":"https:\/\/api.w.org\/{rel}","templated":true}]}}