{"id":2699,"date":"2017-04-15T09:40:17","date_gmt":"2017-04-15T07:40:17","guid":{"rendered":"http:\/\/www.kmu-aalen.de\/kmu-aalen\/?page_id=2699"},"modified":"2019-10-09T16:43:35","modified_gmt":"2019-10-09T14:43:35","slug":"downloads","status":"publish","type":"page","link":"http:\/\/www.kmu-aalen.de\/kmu-aalen\/language\/de\/sonstiges\/downloadsinformationen\/downloads\/","title":{"rendered":"Downloads"},"content":{"rendered":"<p><a href=\"http:\/\/www.kmu-aalen.de\/kmu-aalen\/wp-content\/uploads\/2014\/05\/220919specialisation-info_rh.pdf\"><span style=\"color: #0000ff;\"><u>Controlling-systems-info_rh.pdf<\/u><\/span><\/a><\/p>\n<p style=\"text-align: left;\"><span style=\"color: #0000ff;\"><a style=\"color: #0000ff;\" href=\"http:\/\/www.kmu-aalen.de\/kmu-aalen\/wp-content\/uploads\/2014\/05\/Formale-Hinweise-f\u00fcr-die-Anfertigung-von-Seminar-Projekt-Bachelor.pdf\" target=\"_blank\" rel=\"noopener\"><u><span id=\"result_box\" lang=\"de\">Formale Referenzen f\u00fcr Seminar-, Projekt- und Bachelorarbeiten<\/span><\/u><\/a><\/span><\/p>\n<p style=\"text-align: left;\"><span style=\"color: #0000ff;\"><a style=\"color: #0000ff;\" href=\"http:\/\/www.kmu-aalen.de\/kmu-aalen\/wp-content\/uploads\/2017\/02\/CIM_BAMA0217_laufend.pdf\" target=\"_blank\" rel=\"noopener\"><u>Themen f\u00fcr die Arbeit<\/u><\/a><\/span><\/p>\n<p style=\"text-align: left;\">Zusammenfassungen der Abschlussarbeiten (deutsch):<\/p>\n<ol>\n<li><span style=\"color: #0000ff;\"><a style=\"color: #0000ff;\" href=\"http:\/\/www.kmu-aalen.de\/kmu-aalen\/wp-content\/uploads\/2014\/05\/Summary_Prozessmanagement.pdf\" target=\"_blank\" rel=\"noopener\"><u>Prozessmanagement<\/u><\/a><\/span><\/li>\n<li><span style=\"color: #0000ff;\"><a style=\"color: #0000ff;\" href=\"http:\/\/www.kmu-aalen.de\/kmu-aalen\/wp-content\/uploads\/2014\/05\/BT_Summary_110822_Kuretschka.pdf\" target=\"_blank\" rel=\"noopener\"><u><span id=\"result_box\" lang=\"de\">Strategien f\u00fcr Multi-Channel-Online-Marketing f\u00fcr kommerzielle Unternehmen der Medienindustrie<\/span><\/u><\/a><\/span><\/li>\n<li><span style=\"color: #0000ff;\"><a style=\"color: #0000ff;\" href=\"http:\/\/www.kmu-aalen.de\/kmu-aalen\/wp-content\/uploads\/2014\/05\/Summary_Horst.pdf\" target=\"_blank\" rel=\"noopener\"><u>Zahlungssysteme im Internet<\/u><\/a><\/span><\/li>\n<li><span style=\"color: #0000ff;\"><a style=\"color: #0000ff;\" href=\"http:\/\/www.kmu-aalen.de\/kmu-aalen\/wp-content\/uploads\/2014\/05\/Summery-BA-Arbeit-Pascal-Romeiss.pdf\" target=\"_blank\" rel=\"noopener\"><u>Social <span id=\"result_box\" lang=\"de\">Potenziale f\u00fcr Social Media Marketing f\u00fcr den Online-Handel der Medienindustrie \u2013 Best-Player Konzept mittels Wettbewerbsanalyse<\/span><\/u><\/a><\/span><\/li>\n<li><span style=\"color: #0000ff;\"><a style=\"color: #0000ff;\" href=\"http:\/\/www.kmu-aalen.de\/kmu-aalen\/wp-content\/uploads\/2014\/05\/Zusammenfassung-der-Bachelorarbeit-Markt-und-Wettbewerbsanalyse-mit-BI-.pdf\" target=\"_blank\" rel=\"noopener\"><u>Markt- und Wettbewerbsanalyse mit BI\u00a0 \u2013 am Beispiel eines Unternehmens des Versand- und Onlinehandels f\u00fcr Medienprodukte\u00a0<\/u><\/a><\/span><\/li>\n<li><span style=\"color: #0000ff;\"><a style=\"color: #0000ff;\" href=\"http:\/\/www.kmu-aalen.de\/kmu-aalen\/wp-content\/uploads\/2014\/05\/Summary_SocialMedia_II.pdf\" target=\"_blank\" rel=\"noopener\"><u>Erfolgsorientierter Einsatz von\u00a0 Social Media in KMUs\u00a0<\/u><\/a><\/span><u><\/u><\/li>\n<li><span style=\"color: #0000ff;\"><a style=\"color: #0000ff;\" href=\"http:\/\/www.kmu-aalen.de\/kmu-aalen\/wp-content\/uploads\/2014\/05\/Summary-GeoMapping.pdf\" target=\"_blank\" rel=\"noopener\"><u>Potentiale von Geo-Analysen f\u00fcr kleine und mittlere Unternehmen des B2C-Marktes \u2013 Darstellung von Chancen an Anwendungsbeispielen und Untersuchung auf Risiken\u00a0<\/u><\/a><\/span><\/li>\n<\/ol>\n<p>Zusammenfassungen der Abschlussarbeiten (englisch):<\/p>\n<ol>\n<li><span style=\"color: #0000ff;\"><a style=\"color: #0000ff;\" href=\"http:\/\/www.kmu-aalen.de\/kmu-aalen\/wp-content\/uploads\/2014\/05\/Summary_processmanagement.pdf\" target=\"_blank\" rel=\"noopener\"><u>Process Management<\/u><\/a><\/span><\/li>\n<\/ol>\n","protected":false},"excerpt":{"rendered":"<p>Controlling-systems-info_rh.pdf Formale Referenzen f\u00fcr Seminar-, Projekt- und Bachelorarbeiten Themen f\u00fcr die Arbeit Zusammenfassungen der Abschlussarbeiten (deutsch): Prozessmanagement Strategien f\u00fcr Multi-Channel-Online-Marketing f\u00fcr kommerzielle Unternehmen der Medienindustrie Zahlungssysteme im Internet Social Potenziale f\u00fcr Social Media Marketing f\u00fcr den Online-Handel der Medienindustrie \u2013&hellip; <\/p>\n","protected":false},"author":33,"featured_media":0,"parent":2704,"menu_order":0,"comment_status":"closed","ping_status":"closed","template":"","meta":[],"_links":{"self":[{"href":"http:\/\/www.kmu-aalen.de\/kmu-aalen\/wp-json\/wp\/v2\/pages\/2699"}],"collection":[{"href":"http:\/\/www.kmu-aalen.de\/kmu-aalen\/wp-json\/wp\/v2\/pages"}],"about":[{"href":"http:\/\/www.kmu-aalen.de\/kmu-aalen\/wp-json\/wp\/v2\/types\/page"}],"author":[{"embeddable":true,"href":"http:\/\/www.kmu-aalen.de\/kmu-aalen\/wp-json\/wp\/v2\/users\/33"}],"replies":[{"embeddable":true,"href":"http:\/\/www.kmu-aalen.de\/kmu-aalen\/wp-json\/wp\/v2\/comments?post=2699"}],"version-history":[{"count":2,"href":"http:\/\/www.kmu-aalen.de\/kmu-aalen\/wp-json\/wp\/v2\/pages\/2699\/revisions"}],"predecessor-version":[{"id":3535,"href":"http:\/\/www.kmu-aalen.de\/kmu-aalen\/wp-json\/wp\/v2\/pages\/2699\/revisions\/3535"}],"up":[{"embeddable":true,"href":"http:\/\/www.kmu-aalen.de\/kmu-aalen\/wp-json\/wp\/v2\/pages\/2704"}],"wp:attachment":[{"href":"http:\/\/www.kmu-aalen.de\/kmu-aalen\/wp-json\/wp\/v2\/media?parent=2699"}],"curies":[{"name":"wp","href":"https:\/\/api.w.org\/{rel}","templated":true}]}}