{"id":2678,"date":"2017-04-14T18:10:41","date_gmt":"2017-04-14T16:10:41","guid":{"rendered":"http:\/\/www.kmu-aalen.de\/kmu-aalen\/?page_id=2678"},"modified":"2019-10-23T13:10:59","modified_gmt":"2019-10-23T11:10:59","slug":"auslandsstudium-partnerhochschulen","status":"publish","type":"page","link":"http:\/\/www.kmu-aalen.de\/kmu-aalen\/language\/de\/unterrichten\/auslandsstudium-partnerhochschulen\/","title":{"rendered":"Auslandsstudium \/ Partnerhochschulen"},"content":{"rendered":"<p>Auslandssemester sind im Rahmen der betriebswirtschaftlichen Ausbildung ausdr\u00fccklich zu empfehlen. Sie sorgen nicht nur f\u00fcr eine Verbesserung der sprachlichen F\u00e4higkeiten, sondern f\u00f6rdern auch interkulturelle und soziale Kompetenzen. Der Studienbereich KMU unterst\u00fctzt daher ausdr\u00fccklich die Integration von Auslandssemestern in das Studium.<\/p>\n<p>F\u00fcr ein Auslandsstudium gibt es grunds\u00e4tzlich drei M\u00f6glichkeiten:<\/p>\n<ol>\n<li>das Studium an einer Partnerhochschule des Studienbereichs,<\/li>\n<li>das Studium an einer Partnerhochschule der Hochschule Aalen,<\/li>\n<li>das Studium an einer frei gew\u00e4hlten ausl\u00e4ndischen Hochschule.<\/li>\n<\/ol>\n<p>Im Folgenden finden Sie einige Partnerhochschulen:<\/p>\n<ul>\n<li>University of East Stroudsburg (Pennsylvania), USA<\/li>\n<li>Emporia State University (Kansas), USA<\/li>\n<li>Central University of Technology Bloemfontein, S\u00fcdafrika<\/li>\n<li>Vaal University of Technology, S\u00fcdafrika<\/li>\n<li>University of Abertay Dundee, UK<\/li>\n<li>University of Novi Sad, Serbien<\/li>\n<li>Osaka University of Economics and Law (OUEL), Japan<\/li>\n<li>Shenzhen Technology University (SZTU), China<\/li>\n<\/ul>\n<p>Mehr Informationen erhalten Sie <a href=\"http:\/\/www.kmu-aalen.de\/kmu-aalen\/wp-content\/uploads\/2017\/04\/KMU-goes-International.pdf\" target=\"_blank\" rel=\"noopener noreferrer\">hier<\/a>.<\/p>\n<p>Insbesondere m\u00f6chten wir Sie auf unsere Partnerschaft mit der OUEL in Japan aufmerksam machen, zu welcher Sie <a href=\"https:\/\/muehlacker-tagblatt.de\/region-muehlacker\/muehlacker\/die-welt-mit-anderen-augen-sehen\/\" target=\"_blank\" rel=\"noopener noreferrer\">hier<\/a> weitere Einblicke durch einen unserer Austauschstudenten erhalten.<\/p>\n","protected":false},"excerpt":{"rendered":"<p>Auslandssemester sind im Rahmen der betriebswirtschaftlichen Ausbildung ausdr\u00fccklich zu empfehlen. Sie sorgen nicht nur f\u00fcr eine Verbesserung der sprachlichen F\u00e4higkeiten, sondern f\u00f6rdern auch interkulturelle und soziale Kompetenzen. Der Studienbereich KMU unterst\u00fctzt daher ausdr\u00fccklich die Integration von Auslandssemestern in das Studium.&hellip; <\/p>\n","protected":false},"author":33,"featured_media":0,"parent":2118,"menu_order":250,"comment_status":"closed","ping_status":"closed","template":"","meta":[],"_links":{"self":[{"href":"http:\/\/www.kmu-aalen.de\/kmu-aalen\/wp-json\/wp\/v2\/pages\/2678"}],"collection":[{"href":"http:\/\/www.kmu-aalen.de\/kmu-aalen\/wp-json\/wp\/v2\/pages"}],"about":[{"href":"http:\/\/www.kmu-aalen.de\/kmu-aalen\/wp-json\/wp\/v2\/types\/page"}],"author":[{"embeddable":true,"href":"http:\/\/www.kmu-aalen.de\/kmu-aalen\/wp-json\/wp\/v2\/users\/33"}],"replies":[{"embeddable":true,"href":"http:\/\/www.kmu-aalen.de\/kmu-aalen\/wp-json\/wp\/v2\/comments?post=2678"}],"version-history":[{"count":8,"href":"http:\/\/www.kmu-aalen.de\/kmu-aalen\/wp-json\/wp\/v2\/pages\/2678\/revisions"}],"predecessor-version":[{"id":3537,"href":"http:\/\/www.kmu-aalen.de\/kmu-aalen\/wp-json\/wp\/v2\/pages\/2678\/revisions\/3537"}],"up":[{"embeddable":true,"href":"http:\/\/www.kmu-aalen.de\/kmu-aalen\/wp-json\/wp\/v2\/pages\/2118"}],"wp:attachment":[{"href":"http:\/\/www.kmu-aalen.de\/kmu-aalen\/wp-json\/wp\/v2\/media?parent=2678"}],"curies":[{"name":"wp","href":"https:\/\/api.w.org\/{rel}","templated":true}]}}