{"id":2259,"date":"2017-03-13T21:14:53","date_gmt":"2017-03-13T19:14:53","guid":{"rendered":"http:\/\/www.kmu-aalen.de\/kmu-aalen\/?page_id=2259"},"modified":"2018-05-24T11:35:06","modified_gmt":"2018-05-24T09:35:06","slug":"datenschutzerklaerung","status":"publish","type":"page","link":"http:\/\/www.kmu-aalen.de\/kmu-aalen\/language\/de\/datenschutzerklaerung\/","title":{"rendered":"Datenschutz"},"content":{"rendered":"<p>&nbsp;<\/p>\n<p>www.kmu-aalen.de<br \/>\n<strong><span style=\"font-size: 18pt;\">ALLGEMEINE DATENSCHUTZBESTIMMUNGEN<\/span><\/strong><br \/>\n<span style=\"font-size: 14pt;\">kmu@kmu-aalen.de<\/span><\/p>\n<p>Die Betreiber dieser Seiten nehmen den Schutz Ihrer pers\u00f6nlichen Daten sehr ernst. Wir behandeln Ihre personenbezogenen Daten vertraulich und entsprechend der gesetzlichen Datenschutzvorschriften sowie dieser Datenschutzerkl\u00e4rung.<\/p>\n<p>Die Nutzung unserer Webseite ist in der Regel ohne Angabe personenbezogener Daten m\u00f6glich. Soweit auf unseren Seiten personenbezogene Daten (beispielsweise Name, Anschrift oder E-Mail-Adressen) erhoben werden, erfolgt dies, soweit m\u00f6glich, stets auf freiwilliger Basis. Diese Daten werden ohne Ihre ausdr\u00fcckliche Zustimmung nicht an Dritte weitergegeben.<\/p>\n<p>Wir weisen darauf hin, dass die Daten\u00fcbertragung im Internet (z.B. bei der Kommunikation per E-Mail) Sicherheitsl\u00fccken aufweisen kann. Ein l\u00fcckenloser Schutz der Daten vor dem Zugriff durch Dritte ist nicht m\u00f6glich.<br \/>\nZu den Punkten \u201cErhebung und Speicherung personenbezogener Daten sowie Art und Zweck von deren Verwendung, zur Weitergabe von Daten, Cookies, Analyse-Tools, Social Media Plug-ins, Widerspruchsrecht, Datensicherheit und Aktualit\u00e4t und \u00c4nderung dieser Datenschutzerkl\u00e4rung\u201d siehe auch folgende\u00a0<a href=\"http:\/\/www.kmu-aalen.de\/kmu-aalen\/wp-content\/uploads\/2018\/05\/Erklaerung_KMUaalen.pdf\">Erklaerung_KMUaalen<\/a><\/p>\n<p><strong>Datenschutzerkl\u00e4rung unserer Website www.kmu-aalen.de<\/strong><\/p>\n<p>1. Name und Kontaktdaten des f\u00fcr die Verarbeitung Verantwortlichen sowie des betrieblichen Datenschutzbeauftragten<\/p>\n<p>Diese Datenschutz-Information gilt f\u00fcr die Datenverarbeitung durch:<\/p>\n<p>Verantwortlicher: Hochschule Aalen (im Folgenden: HS Aalen), Prof. Dr. Ralf-Christian H\u00e4rting, Beethovenstra\u00dfe 1, 73430 Aalen, Deutschland; Email: kmu[at]kmu-aalen.de; Telefon: 49 (0) 7361 576-0; Fax: 49 (0) 7361 576-2330.<\/p>\n<p>Der betriebliche Datenschutzbeauftragte der HS Aalen ist unter der Anschrift der Hochschule Aalen, beziehungsweise unter datenschutz[at]hs-aalen.de erreichbar.<\/p>\n<p>2. Erhebung und Speicherung personenbezogener Daten sowie Art und Zweck von deren Verwendung<\/p>\n<p>a) Beim Besuch der Website<\/p>\n<p>Beim Aufrufen unserer Website www.kmu-aalen.de werden durch den auf Ihrem Endger\u00e4t zum Einsatz kommenden Browser automatisch Informationen an den Server unserer Website gesendet. Diese Informationen werden tempor\u00e4r in einem sog. Logfile gespeichert. Folgende Informationen werden dabei ohne Ihr Zutun erfasst und bis zur automatisierten L\u00f6schung gespeichert:<\/p>\n<p>\u00b7\u00a0\u00a0\u00a0\u00a0\u00a0\u00a0 IP-Adresse des anfragenden Rechners,<\/p>\n<p>\u00b7\u00a0\u00a0\u00a0\u00a0\u00a0\u00a0 Datum und Uhrzeit des Zugriffs,<\/p>\n<p>\u00b7\u00a0\u00a0\u00a0\u00a0\u00a0\u00a0 Name und URL der abgerufenen Datei,<\/p>\n<p>\u00b7\u00a0\u00a0\u00a0\u00a0\u00a0\u00a0 Website, von der aus der Zugriff erfolgt (Referrer-URL),<\/p>\n<p>\u00b7\u00a0\u00a0\u00a0\u00a0\u00a0\u00a0 verwendeter Browser und ggf. das Betriebssystem Ihres Rechners sowie der Name Ihres Access-Providers.<\/p>\n<p>Die genannten Daten werden durch uns zu folgenden Zwecken verarbeitet:<\/p>\n<p>\u00b7\u00a0\u00a0\u00a0\u00a0\u00a0\u00a0 Gew\u00e4hrleistung eines reibungslosen Verbindungsaufbaus der Website,<\/p>\n<p>\u00b7\u00a0\u00a0\u00a0\u00a0\u00a0\u00a0 Gew\u00e4hrleistung einer komfortablen Nutzung unserer Website,<\/p>\n<p>\u00b7\u00a0\u00a0\u00a0\u00a0\u00a0\u00a0 Auswertung der Systemsicherheit und -stabilit\u00e4t sowie<\/p>\n<p>\u00b7\u00a0\u00a0\u00a0\u00a0\u00a0\u00a0 zu weiteren administrativen Zwecken.<\/p>\n<p>Die Rechtsgrundlage f\u00fcr die Datenverarbeitung ist Art. 6 Abs. 1 S. 1 lit. f DSGVO. Unser berechtigtes Interesse folgt aus oben aufgelisteten Zwecken zur Datenerhebung. In keinem Fall verwenden wir die erhobenen Daten zu dem Zweck, R\u00fcckschl\u00fcsse auf Ihre Person zu ziehen. Dar\u00fcber hinaus setzen wir beim Besuch unserer Website Cookies sowie Analysedienste ein. N\u00e4here Erl\u00e4uterungen dazu erhalten Sie unter den Ziff. 4 und 5 dieser Datenschutzerkl\u00e4rung.<\/p>\n<p>b) Bei Nutzung unseres Kontaktformulars<\/p>\n<p>Bei Fragen jeglicher Art bieten wir Ihnen die M\u00f6glichkeit, mit uns \u00fcber ein auf der Website bereitgestelltes Formular Kontakt aufzunehmen. Dabei ist die Angabe einer g\u00fcltigen E-Mail-Adresse erforderlich, damit wir wissen, von wem die Anfrage stammt und um diese beantworten zu k\u00f6nnen. Weitere Angaben k\u00f6nnen freiwillig get\u00e4tigt werden. Die Datenverarbeitung zum Zwecke der Kontaktaufnahme mit uns erfolgt nach Art. 6 Abs. 1 S. 1 lit. a DSGVO auf Grundlage Ihrer freiwillig erteilten Einwilligung. Die f\u00fcr die Benutzung des Kontaktformulars von uns erhobenen personenbezogenen Daten werden nach Erledigung der von Ihnen gestellten Anfrage automatisch gel\u00f6scht.<\/p>\n<p>3. Weitergabe von Daten<\/p>\n<p>Eine \u00dcbermittlung Ihrer pers\u00f6nlichen Daten an Dritte zu anderen als den im Folgenden aufgef\u00fchrten Zwecken findet nicht statt. Wir geben Ihre pers\u00f6nlichen Daten nur an Dritte weiter, wenn:<\/p>\n<p>Sie Ihre nach Art. 6 Abs. 1 S. 1 lit. a DSGVO ausdr\u00fcckliche Einwilligung dazu erteilt haben,<\/p>\n<p>\u00b7\u00a0\u00a0\u00a0\u00a0\u00a0\u00a0 die Weitergabe nach Art. 6 Abs. 1 S. 1 lit. f DSGVO zur Geltendmachung, Aus\u00fcbung oder Verteidigung von Rechtsanspr\u00fcchen erforderlich ist und kein Grund zur Annahme besteht, dass Sie ein \u00fcberwiegendes schutzw\u00fcrdiges Interesse an der Nichtweitergabe Ihrer Daten haben,<\/p>\n<p>\u00b7\u00a0\u00a0\u00a0\u00a0\u00a0\u00a0 f\u00fcr den Fall, dass f\u00fcr die Weitergabe nach Art. 6 Abs. 1 S. 1 lit. c DSGVO eine gesetzliche Verpflichtung besteht, sowie<\/p>\n<p>\u00b7\u00a0\u00a0\u00a0\u00a0\u00a0\u00a0 dies gesetzlich zul\u00e4ssig und nach Art. 6 Abs. 1 S. 1 lit. b DSGVO f\u00fcr die Abwicklung von Vertragsverh\u00e4ltnissen mit Ihnen erforderlich ist.<\/p>\n<p>4. Cookies<\/p>\n<p>Wir setzen auf unserer Seite Cookies ein. Hierbei handelt es sich um kleine Dateien, die Ihr Browser automatisch erstellt und die auf Ihrem Endger\u00e4t (Laptop, Tablet, Smartphone o.\u00e4.) gespeichert werden, wenn Sie unsere Seite besuchen. Cookies richten auf Ihrem Endger\u00e4t keinen Schaden an, enthalten keine Viren, Trojaner oder sonstige Schadsoftware. In dem Cookie werden Informationen abgelegt, die sich jeweils im Zusammenhang mit dem spezifisch eingesetzten Endger\u00e4t ergeben. Dies bedeutet jedoch nicht, dass wir dadurch unmittelbar Kenntnis von Ihrer Identit\u00e4t erhalten. Der Einsatz von Cookies dient einerseits dazu, die Nutzung unseres Angebots f\u00fcr Sie angenehmer zu gestalten. So setzen wir sogenannte Session-Cookies ein, um zu erkennen, dass Sie einzelne Seiten unserer Website bereits besucht haben. Diese werden nach Verlassen unserer Seite automatisch gel\u00f6scht. Dar\u00fcber hinaus setzen wir ebenfalls zur Optimierung der Benutzerfreundlichkeit tempor\u00e4re Cookies ein, die f\u00fcr einen bestimmten festgelegten Zeitraum auf Ihrem Endger\u00e4t gespeichert werden. Besuchen Sie unsere Seite erneut, um unsere Dienste in Anspruch zu nehmen, wird automatisch erkannt, dass Sie bereits bei uns waren und welche Eingaben und Einstellungen sie get\u00e4tigt haben, um diese nicht noch einmal eingeben zu m\u00fcssen. Zum anderen setzten wir Cookies ein, um die Nutzung unserer Website statistisch zu erfassen und zum Zwecke der Optimierung unseres Angebotes f\u00fcr Sie auszuwerten (siehe Ziff. 5). Diese Cookies erm\u00f6glichen es uns, bei einem erneuten Besuch unserer Seite automatisch zu erkennen, dass Sie bereits bei uns waren. Diese Cookies werden nach einer jeweils definierten Zeit automatisch gel\u00f6scht. Die durch Cookies verarbeiteten Daten sind f\u00fcr die genannten Zwecke zur Wahrung unserer berechtigten Interessen sowie der Dritter nach Art. 6 Abs. 1 S. 1 lit. f DSGVO erforderlich. Die meisten Browser akzeptieren Cookies automatisch. Sie k\u00f6nnen Ihren Browser jedoch so konfigurieren, dass keine Cookies auf Ihrem Computer gespeichert werden oder stets ein Hinweis erscheint, bevor ein neues Cookie angelegt wird. Die vollst\u00e4ndige Deaktivierung von Cookies kann jedoch dazu f\u00fchren, dass Sie nicht alle Funktionen unserer Website nutzen k\u00f6nnen.<\/p>\n<p>5. Analyse-Tools<\/p>\n<p>Die im Folgenden aufgef\u00fchrten und von uns bei Bedarf optional eingesetzten Tracking-Ma\u00dfnahmen werden auf Grundlage des Art. 6 Abs. 1 S. 1 lit. f DSGVO durchgef\u00fchrt. Mit den zum Einsatz kommenden Tracking-Ma\u00dfnahmen wollen wir eine bedarfsgerechte Gestaltung und die fortlaufende Optimierung unserer Webseite sicherstellen. Zum anderen setzen wir die Tracking-Ma\u00dfnahmen ein, um die Nutzung unserer Webseite statistisch zu erfassen und zum Zwecke der Optimierung unseres Angebotes f\u00fcr Sie auszuwerten. Diese Interessen sind als berechtigt im Sinne der vorgenannten Vorschrift anzusehen. Die jeweiligen Datenverarbeitungszwecke und Datenkategorien sind aus den entsprechenden Tracking-Tools zu entnehmen.<\/p>\n<p>a) Google Analytics<\/p>\n<p>Zum Zwecke der bedarfsgerechten Gestaltung und fortlaufenden Optimierung unserer Seiten nutzen wir bei Bedarf optional Google Analytics, ein Webanalysedienst der Google Inc. (https:\/\/www.google.de\/intl\/de\/about\/) (1600 Amphitheatre Parkway, Mountain View, CA 94043, USA; im Folgenden \u201eGoogle\u201c). In diesem Zusammenhang werden pseudonymisierte Nutzungsprofile erstellt und Cookies (siehe unter Ziff. 4) verwendet. Die durch das Cookie erzeugten Informationen \u00fcber Ihre Benutzung dieser Website wie<\/p>\n<p>\u00b7\u00a0\u00a0\u00a0\u00a0\u00a0\u00a0 Browser-Typ\/-Version,<\/p>\n<p>\u00b7\u00a0\u00a0\u00a0\u00a0\u00a0\u00a0 verwendetes Betriebssystem,<\/p>\n<p>\u00b7\u00a0\u00a0\u00a0\u00a0\u00a0\u00a0 Referrer-URL (die zuvor besuchte Seite),<\/p>\n<p>\u00b7\u00a0\u00a0\u00a0\u00a0\u00a0\u00a0 Hostname des zugreifenden Rechners (IP-Adresse),<\/p>\n<p>\u00b7\u00a0\u00a0\u00a0\u00a0\u00a0\u00a0 Uhrzeit der Serveranfrage,<\/p>\n<p>werden an einen Server von Google in den USA \u00fcbertragen und dort gespeichert. Die Informationen werden verwendet, um die Nutzung der Website auszuwerten, um Reports \u00fcber die Websiteaktivit\u00e4ten zusammenzustellen und um weitere mit der Websitenutzung und der Internetnutzung verbundene Dienstleistungen zu Zwecken der Marktforschung und bedarfsgerechten Gestaltung dieser Internetseiten zu erbringen. Auch werden diese Informationen gegebenenfalls an Dritte \u00fcbertragen, sofern dies gesetzlich vorgeschrieben ist oder soweit Dritte diese Daten im Auftrag verarbeiten. Es wird in keinem Fall Ihre IP-Adresse mit anderen Daten von Google zusammengef\u00fchrt. Die IP-Adressen werden anonymisiert, so dass eine Zuordnung nicht m\u00f6glich ist (IP-Masking). Sie k\u00f6nnen die Installation der Cookies durch eine entsprechende Einstellung der Browser-Software verhindern; wir weisen jedoch darauf hin, dass in diesem Fall gegebenenfalls nicht s\u00e4mtliche Funktionen dieser Website vollumf\u00e4nglich genutzt werden k\u00f6nnen. Sie k\u00f6nnen dar\u00fcber hinaus die Erfassung der durch das Cookie erzeugten und auf Ihre Nutzung der Website bezogenen Daten (inkl. Ihrer IP-Adresse) sowie die Verarbeitung dieser Daten durch Google verhindern, indem Sie ein Browser-Add-on herunterladen und installieren (https:\/\/tools.google.com\/dlpage\/gaoptout?hl=de). Alternativ zum Browser-Add-on, insbesondere bei Browsern auf mobilen Endger\u00e4ten, k\u00f6nnen Sie die Erfassung durch Google Analytics zudem verhindern, indem Sie auf diesen Link klicken. Es wird ein Opt-out-Cookie gesetzt, das die zuk\u00fcnftige Erfassung Ihrer Daten beim Besuch dieser Website verhindert. Der Opt-out-Cookie gilt nur in diesem Browser und nur f\u00fcr unsere Website und wird auf Ihrem Ger\u00e4t abgelegt. L\u00f6schen Sie die Cookies in diesem Browser, m\u00fcssen Sie das Opt-out-Cookie erneut setzen. Weitere Informationen zum Datenschutz im Zusammenhang mit Google Analytics finden Sie etwa in der Google Analytics-Hilfe (https:\/\/support.google.com\/analytics\/answer\/6004245?hl=de).<\/p>\n<p>b) Google Adwords Conversion Tracking<\/p>\n<p>Um die Nutzung unserer Webseite statistisch zu erfassen und zum Zwecke der Optimierung unserer Website f\u00fcr Sie auszuwerten, nutzen wir ferner das Google Conversion Tracking. Dabei wird von Google Adwords ein Cookie (siehe Ziffer 4) auf Ihrem Rechner gesetzt, sofern Sie \u00fcber eine Google-Anzeige auf unsere Webseite gelangt sind. Diese Cookies verlieren nach 30 Tagen ihre G\u00fcltigkeit und dienen nicht der pers\u00f6nlichen Identifizierung. Besucht der Nutzer bestimmte Seiten der Webseite des Adwords-Kunden und das Cookie ist noch nicht abgelaufen, k\u00f6nnen Google und der Kunde erkennen, dass der Nutzer auf die Anzeige geklickt hat und zu dieser Seite weitergeleitet wurde. Jeder Adwords-Kunde erh\u00e4lt ein anderes Cookie. Cookies k\u00f6nnen somit nicht \u00fcber die Webseiten von Adwords-Kunden nachverfolgt werden. Die mithilfe des Conversion-Cookies eingeholten Informationen dienen dazu, Conversion-Statistiken f\u00fcr Adwords-Kunden zu erstellen, die sich f\u00fcr Conversion-Tracking entschieden haben. Die Adwords-Kunden erfahren die Gesamtanzahl der Nutzer, die auf ihre Anzeige geklickt haben und zu einer mit einem Conversion-Tracking-Tag versehenen Seite weitergeleitet wurden. Sie erhalten jedoch keine Informationen, mit denen sich Nutzer pers\u00f6nlich identifizieren lassen. Wenn Sie nicht an dem Tracking-Verfahren teilnehmen m\u00f6chten, k\u00f6nnen Sie auch das hierf\u00fcr erforderliche Setzen eines Cookies ablehnen \u2013 etwa per Browser-Einstellung, die das automatische Setzen von Cookies generell deaktiviert. Sie k\u00f6nnen Cookies f\u00fcr Conversion-Tracking auch deaktivieren, indem Sie Ihren Browser so einstellen, dass Cookies von der Domain \u201ewww.googleadservices.com\u201c blockiert werden. Googles Datenschutzbelehrung zum Conversion-Tracking finden Sie hier (https:\/\/services.google.com\/sitestats\/de.html).<\/p>\n<p>6. Social Media Plug-ins<\/p>\n<p>Wir setzen auf unserer Website auf Grundlage des Art. 6 Abs. 1 S. 1 lit. f DSGVO Social Plug-ins der sozialen Netzwerke ein, um unsere Website hier\u00fcber bekannter zu machen. Der dahinterstehende werbliche Zweck ist als berechtigtes Interesse im Sinne der DSGVO anzusehen. Die Verantwortung f\u00fcr den datenschutzkonformen Betrieb ist durch deren jeweiligen Anbieter zu gew\u00e4hrleisten. Die Einbindung dieser Plug-ins durch uns erfolgt im Wege der sogenannten Zwei-Klick-Methode um Besucher unserer Webseite bestm\u00f6glich zu sch\u00fctzen.<\/p>\n<p>a) Facebook<\/p>\n<p>Auf unserer Website kommen Social-Media Plugins von Facebook zum Einsatz, um deren Nutzung pers\u00f6nlicher zu gestalten. Hierf\u00fcr nutzen wir den \u201eLIKE\u201c oder \u201eTEILEN\u201c-Button. Es handelt sich dabei um ein Angebot von Facebook. Wenn Sie eine Seite unseres Webauftritts aufrufen, die ein solches Plugin enth\u00e4lt, baut Ihr Browser eine direkte Verbindung mit den Servern von Facebook auf. Der Inhalt des Plugins wird von Facebook direkt an Ihren Browser \u00fcbermittelt und von diesem in die Webseite eingebunden. Durch die Einbindung der Plugins erh\u00e4lt Facebook die Information, dass Ihr Browser die entsprechende Seite unseres Webauftritts aufgerufen hat, auch wenn Sie kein Facebook- Konto besitzen oder gerade nicht bei Facebook eingeloggt sind. Diese Information (einschlie\u00dflich Ihrer IP-Adresse) wird von Ihrem Browser direkt an einen Server von Facebook in den USA \u00fcbermittelt und dort gespeichert. Sind Sie bei Facebook eingeloggt, kann Facebook den Besuch unserer Website Ihrem Facebook-Konto direkt zuordnen. Wenn Sie mit den Plugins interagieren, zum Beispiel den \u201eLIKE\u201c oder \u201eTEILEN\u201c-Button bet\u00e4tigen, wird die entsprechende Information ebenfalls direkt an einen Server von Facebook \u00fcbermittelt und dort gespeichert. Die Informationen werden zudem auf Facebook ver\u00f6ffentlicht und Ihren Facebook-Freunden angezeigt. Facebook kann diese Informationen zum Zwecke der Werbung, Marktforschung und bedarfsgerechten Gestaltung der Facebook-Seiten benutzen. Hierzu werden von Facebook Nutzungs-, Interessen- und Beziehungsprofile erstellt, z.B. um Ihre Nutzung unserer Website im Hinblick auf die Ihnen bei Facebook eingeblendeten Werbeanzeigen auszuwerten, andere Facebook-Nutzer \u00fcber Ihre Aktivit\u00e4ten auf unserer Website zu informieren und um weitere mit der Nutzung von Facebook verbundene Dienstleistungen zu erbringen. Wenn Sie nicht m\u00f6chten, dass Facebook die \u00fcber unseren Webauftritt gesammelten Daten Ihrem Facebook-Konto zuordnet, m\u00fcssen Sie sich vor Ihrem Besuch unserer Website bei Facebook ausloggen. Zweck und Umfang der Datenerhebung und die weitere Verarbeitung und Nutzung der Daten durch Facebook sowie Ihre diesbez\u00fcglichen Rechte und Einstellungsm\u00f6glichkeiten zum Schutz Ihrer Privatsph\u00e4re entnehmen Sie bitte den Datenschutzhinweisen (https:\/\/www.facebook.com\/about\/privacy\/) von Facebook.<\/p>\n<p>7. Betroffenenrechte<\/p>\n<p>Sie haben das Recht:<\/p>\n<p>\u00b7\u00a0\u00a0\u00a0\u00a0\u00a0\u00a0 gem\u00e4\u00df Art. 15 DSGVO Auskunft \u00fcber Ihre von uns verarbeiteten personenbezogenen Daten zu verlangen. Insbesondere k\u00f6nnen Sie Auskunft \u00fcber die Verarbeitungszwecke, die Kategorie der personenbezogenen Daten, die Kategorien von Empf\u00e4ngern, gegen\u00fcber denen Ihre Daten offengelegt wurden oder werden, die geplante Speicherdauer, das Bestehen eines Rechts auf Berichtigung, L\u00f6schung, Einschr\u00e4nkung der Verarbeitung oder Widerspruch, das Bestehen eines Beschwerderechts, die Herkunft ihrer Daten, sofern diese nicht bei uns erhoben wurden, sowie \u00fcber das Bestehen einer automatisierten Entscheidungsfindung einschlie\u00dflich Profiling und ggf. aussagekr\u00e4ftigen Informationen zu deren Einzelheiten verlangen;<\/p>\n<p>\u00b7\u00a0\u00a0\u00a0\u00a0\u00a0\u00a0 gem\u00e4\u00df Art. 16 DSGVO unverz\u00fcglich die Berichtigung unrichtiger oder Vervollst\u00e4ndigung Ihrer bei uns gespeicherten personenbezogenen Daten zu verlangen;<\/p>\n<p>\u00b7\u00a0\u00a0\u00a0\u00a0\u00a0\u00a0 gem\u00e4\u00df Art. 17 DSGVO die L\u00f6schung Ihrer bei uns gespeicherten personenbezogenen Daten zu verlangen, soweit nicht die Verarbeitung zur Aus\u00fcbung des Rechts auf freie Meinungs\u00e4u\u00dferung und Information, zur Erf\u00fcllung einer rechtlichen Verpflichtung, aus Gr\u00fcnden des \u00f6ffentlichen Interesses oder zur Geltendmachung, Aus\u00fcbung oder Verteidigung von Rechtsanspr\u00fcchen erforderlich ist;<\/p>\n<p>\u00b7\u00a0\u00a0\u00a0\u00a0\u00a0\u00a0 gem\u00e4\u00df Art. 18 DSGVO die Einschr\u00e4nkung der Verarbeitung Ihrer personenbezogenen Daten zu verlangen, soweit die Richtigkeit der Daten von Ihnen bestritten wird, die Verarbeitung unrechtm\u00e4\u00dfig ist, Sie aber deren L\u00f6schung ablehnen und wir die Daten nicht mehr ben\u00f6tigen, Sie jedoch diese zur Geltendmachung, Aus\u00fcbung oder Verteidigung von Rechtsanspr\u00fcchen ben\u00f6tigen oder Sie gem\u00e4\u00df Art. 21 DSGVO Widerspruch gegen die Verarbeitung eingelegt haben;<\/p>\n<p>\u00b7\u00a0\u00a0\u00a0\u00a0\u00a0\u00a0 gem\u00e4\u00df Art. 20 DSGVO Ihre personenbezogenen Daten, die Sie uns bereitgestellt haben, in einem strukturierten, g\u00e4ngigen und maschinenlesebaren Format zu erhalten oder die \u00dcbermittlung an einen anderen Verantwortlichen zu verlangen;<\/p>\n<p>\u00b7\u00a0\u00a0\u00a0\u00a0\u00a0\u00a0 gem\u00e4\u00df Art. 7 Abs. 3 DSGVO Ihre einmal erteilte Einwilligung jederzeit gegen\u00fcber uns zu widerrufen. Dies hat zur Folge, dass wir die Datenverarbeitung, die auf dieser Einwilligung beruhte, f\u00fcr die Zukunft nicht mehr fortf\u00fchren d\u00fcrfen und<\/p>\n<p>\u00b7\u00a0\u00a0\u00a0\u00a0\u00a0\u00a0 gem\u00e4\u00df Art. 77 DSGVO sich bei einer Aufsichtsbeh\u00f6rde zu beschweren. In der Regel k\u00f6nnen Sie sich hierf\u00fcr an die Aufsichtsbeh\u00f6rde Ihres \u00fcblichen Aufenthaltsortes oder Arbeitsplatzes oder unseres Hochschulsitzes wenden.<\/p>\n<p>8. Widerspruchsrecht<\/p>\n<p>Sofern Ihre personenbezogenen Daten auf Grundlage von berechtigten Interessen gem\u00e4\u00df Art. 6 Abs. 1 S. 1 lit. f DSGVO verarbeitet werden, haben Sie das Recht, gem\u00e4\u00df Art. 21 DSGVO Widerspruch gegen die Verarbeitung Ihrer personenbezogenen Daten einzulegen, soweit daf\u00fcr Gr\u00fcnde vorliegen, die sich aus Ihrer besonderen Situation ergeben oder sich der Widerspruch gegen Direktwerbung richtet. Im letzteren Fall haben Sie ein generelles Widerspruchsrecht, das ohne Angabe einer besonderen Situation von uns umgesetzt wird. M\u00f6chten Sie von Ihrem Widerrufs- oder Widerspruchsrecht Gebrauch machen, gen\u00fcgt eine E-Mail an kmu[at]kmu-aalen.de.<\/p>\n<p>9. Datensicherheit<\/p>\n<p>Wir verwenden innerhalb des Website-Besuchs demn\u00e4chst das verbreitete SSL-Verfahren (Secure Socket Layer) in Verbindung mit der jeweils h\u00f6chsten Verschl\u00fcsselungsstufe, die von Ihrem Browser unterst\u00fctzt wird. In der Regel handelt es sich dabei um eine 256 Bit Verschl\u00fcsselung. Falls Ihr Browser keine 256-Bit Verschl\u00fcsselung unterst\u00fctzt, greifen wir stattdessen auf 128-Bit v3 Technologie zur\u00fcck. Ob eine einzelne Seite unseres Internetauftrittes verschl\u00fcsselt \u00fcbertragen wird, erkennen Sie an der geschlossenen Darstellung des Sch\u00fcssel- beziehungsweise Schloss-Symbols in der unteren Statusleiste Ihres Browsers.<\/p>\n<p>10. Aktualit\u00e4t und \u00c4nderung dieser Datenschutzerkl\u00e4rung<\/p>\n<p>Diese Datenschutzerkl\u00e4rung ist aktuell g\u00fcltig und hat den Stand Mai 2018. Durch die Weiterentwicklung unserer Website und Angebote dar\u00fcber oder aufgrund ge\u00e4nderter gesetzlicher beziehungsweise beh\u00f6rdlicher Vorgaben kann es notwendig werden, diese Datenschutzerkl\u00e4rung zu \u00e4ndern. Die jeweils aktuelle Datenschutzerkl\u00e4rung kann jederzeit auf der Website unter www.kmu-aalen.de (Datenschutz) von Ihnen abgerufen und ausgedruckt werden.<\/p>\n","protected":false},"excerpt":{"rendered":"<p>&nbsp; www.kmu-aalen.de ALLGEMEINE DATENSCHUTZBESTIMMUNGEN kmu@kmu-aalen.de Die Betreiber dieser Seiten nehmen den Schutz Ihrer pers\u00f6nlichen Daten sehr ernst. Wir behandeln Ihre personenbezogenen Daten vertraulich und entsprechend der gesetzlichen Datenschutzvorschriften sowie dieser Datenschutzerkl\u00e4rung. Die Nutzung unserer Webseite ist in der Regel ohne&hellip; <\/p>\n","protected":false},"author":33,"featured_media":0,"parent":0,"menu_order":1100,"comment_status":"closed","ping_status":"closed","template":"","meta":[],"_links":{"self":[{"href":"http:\/\/www.kmu-aalen.de\/kmu-aalen\/wp-json\/wp\/v2\/pages\/2259"}],"collection":[{"href":"http:\/\/www.kmu-aalen.de\/kmu-aalen\/wp-json\/wp\/v2\/pages"}],"about":[{"href":"http:\/\/www.kmu-aalen.de\/kmu-aalen\/wp-json\/wp\/v2\/types\/page"}],"author":[{"embeddable":true,"href":"http:\/\/www.kmu-aalen.de\/kmu-aalen\/wp-json\/wp\/v2\/users\/33"}],"replies":[{"embeddable":true,"href":"http:\/\/www.kmu-aalen.de\/kmu-aalen\/wp-json\/wp\/v2\/comments?post=2259"}],"version-history":[{"count":13,"href":"http:\/\/www.kmu-aalen.de\/kmu-aalen\/wp-json\/wp\/v2\/pages\/2259\/revisions"}],"predecessor-version":[{"id":3465,"href":"http:\/\/www.kmu-aalen.de\/kmu-aalen\/wp-json\/wp\/v2\/pages\/2259\/revisions\/3465"}],"wp:attachment":[{"href":"http:\/\/www.kmu-aalen.de\/kmu-aalen\/wp-json\/wp\/v2\/media?parent=2259"}],"curies":[{"name":"wp","href":"https:\/\/api.w.org\/{rel}","templated":true}]}}