{"id":2244,"date":"2017-03-09T21:07:52","date_gmt":"2017-03-09T19:07:52","guid":{"rendered":"http:\/\/www.kmu-aalen.de\/kmu-aalen\/?page_id=2244"},"modified":"2020-06-29T19:29:32","modified_gmt":"2020-06-29T17:29:32","slug":"kontaktinformationen","status":"publish","type":"page","link":"http:\/\/www.kmu-aalen.de\/kmu-aalen\/language\/de\/kontakt-2\/kontaktinformationen\/","title":{"rendered":"Kontaktinformationen"},"content":{"rendered":"<p>&nbsp;<\/p>\n<p><span style=\"font-size: 12pt;\"><strong>Prof. Dr. Ralf-Christian H\u00e4rting<\/strong><\/span><img decoding=\"async\" loading=\"lazy\" class=\"alignright\" src=\"http:\/\/www.kmu-aalen.de\/kmu-aalen\/wp-content\/uploads\/2015\/05\/Haerting_Ralf-200x300.jpg\" alt=\"Haerting_Ralf\" width=\"174\" height=\"261\" \/><br \/>\nE-mail: kmu@kmu-aalen.de<br \/>\nTelefon: +49 (0) 7361\/576-5567<\/p>\n<p><span style=\"text-decoration: underline;\">Funktion<\/span><br \/>\nProfessor: Informationssystem \/ Neue Medien<br \/>\nDekan: Management-Kurs (Master)<br \/>\nProdekan: Internationalisierung \/\u00a0Wirtschaftswissenschaftliche Fakult\u00e4t<br \/>\nLeiter des Kompetenzzentrums<\/p>\n<p><span style=\"text-decoration: underline;\">Kurse<\/span><br \/>\nDigitale Gesch\u00e4ftsmodelle<\/p>\n<p>E-Business \/ Online-Marketing<br \/>\nBPM \/\u00a0Organisation<br \/>\nInformationssystem<\/p>\n<p><span style=\"text-decoration: underline;\">Forschung<\/span><br \/>\nBig Data, BPM, Business Intelligence,\u00a0Digitalisierung und Industrie 4.0, E-Commerce,\u00a0EAM, IT-Controlling, IT-Management,\u00a0WebAnalytics<\/p>\n<p><span style=\"text-decoration: underline;\">Vita<br \/>\n<\/span>Prof. Dr. oec., Dipl.-Kfm., ist seit 2004 Professor f\u00fcr Informationssysteme und Management an der Fachhochschule Aalen. Er leitet das Kompetenzzentrum f\u00fcr betriebliche Informationssysteme, das sich f\u00fcr aktuelle Forschungsthemen in den Bereichen Digitalisierung und neues Medienmanagement engagiert.<\/p>\n<p>Nach seinem Studium und Doktorat an der Technischen Universit\u00e4t M\u00fcnchen arbeitete er f\u00fcr mehr als 10 Jahren in der Medienbranche und war zuletzt Gesch\u00e4ftsf\u00fchrer f\u00fcr ein erfolgreiches Label der Bertelsmann Music Group.<\/p>\n<p>Neben seiner akademischen Karriere arbeitet er als Experte f\u00fcr Business Intelligence, Digital Marketing oder Sales Controlling. Er ist auch Gr\u00fcnder und Berater eines KMU der Online-Medienbranche.<\/p>\n<hr \/>\n<p><span style=\"font-size: 12pt;\"><strong>Dr. Christopher Reichstein<\/strong><\/span><img decoding=\"async\" loading=\"lazy\" class=\" alignright\" src=\"http:\/\/www.kmu-aalen.de\/kmu-aalen\/wp-content\/uploads\/2015\/05\/Reichstein_Christopher-200x300.jpg\" alt=\"Reichstein_Christopher\" width=\"174\" height=\"261\" \/><br \/>\nE-mail: christopher.reichstein@kmu-aalen.de<a href=\"mailto:christopher.reichstein@hs-aalen.de\" target=\"_blank\" rel=\"noopener noreferrer\"><br \/>\n<\/a>Telefon: +49 (0) 7321.2722.492<\/p>\n<p><span style=\"text-decoration: underline;\">Funktion<\/span><\/p>\n<p>DHBW Heidenheim<\/p>\n<p>Graduate Campus Aalen<br \/>\nTransfertag: Organisation<\/p>\n<p><span style=\"text-decoration: underline;\">Kurse<\/span><br \/>\nWissenschaftliche Methodik<br \/>\nEmpirische Sozialforschung<\/p>\n<p><span style=\"text-decoration: underline;\">Forschung<\/span><br \/>\nActive Assisted Living, BPM, Digitalisierung und Industrie 4.0, EAM, IT-Controlling, IT Management<\/p>\n<p>&nbsp;<\/p>\n<p><span style=\"font-size: 12pt;\"><strong>Dr. Ramin Norousi\u00a0<a href=\"http:\/\/www.kmu-aalen.de\/kmu-aalen\/wp-content\/uploads\/2020\/06\/Norousi.jpg\"><img decoding=\"async\" loading=\"lazy\" class=\" wp-image-3715 alignright\" src=\"http:\/\/www.kmu-aalen.de\/kmu-aalen\/wp-content\/uploads\/2020\/06\/Norousi.jpg\" alt=\"\" width=\"171\" height=\"171\" srcset=\"http:\/\/www.kmu-aalen.de\/wp-content\/uploads\/2020\/06\/Norousi.jpg 225w, http:\/\/www.kmu-aalen.de\/wp-content\/uploads\/2020\/06\/Norousi-150x150.jpg 150w\" sizes=\"(max-width: 171px) 100vw, 171px\" \/><\/a><\/strong><\/span><br \/>\nE-mail: ramin.norousi@kmu-aalen.de<\/p>\n<p><span style=\"text-decoration: underline;\">Funktion<\/span><\/p>\n<p>SAP Driving digitalization in Automotive based on Data Analytics and Machine Learning<\/p>\n<p>Graduate Campus Aalen<\/p>\n<p><span style=\"text-decoration: underline;\">Kurse<\/span><br \/>\nData Analytics<br \/>\nQuantitative Methoden<\/p>\n<p><span style=\"text-decoration: underline;\">Forschung<\/span><br \/>\nBig Data, Cloud Computing, Data Analytics, Digitalisierung und Industrie 4.0, Machine Learning<\/p>\n<hr \/>\n","protected":false},"excerpt":{"rendered":"<p>&nbsp; Prof. Dr. Ralf-Christian H\u00e4rting E-mail: kmu@kmu-aalen.de Telefon: +49 (0) 7361\/576-5567 Funktion Professor: Informationssystem \/ Neue Medien Dekan: Management-Kurs (Master) Prodekan: Internationalisierung \/\u00a0Wirtschaftswissenschaftliche Fakult\u00e4t Leiter des Kompetenzzentrums Kurse Digitale Gesch\u00e4ftsmodelle E-Business \/ Online-Marketing BPM \/\u00a0Organisation Informationssystem Forschung Big Data, BPM,&hellip; <\/p>\n","protected":false},"author":33,"featured_media":0,"parent":2237,"menu_order":100,"comment_status":"closed","ping_status":"closed","template":"","meta":[],"_links":{"self":[{"href":"http:\/\/www.kmu-aalen.de\/kmu-aalen\/wp-json\/wp\/v2\/pages\/2244"}],"collection":[{"href":"http:\/\/www.kmu-aalen.de\/kmu-aalen\/wp-json\/wp\/v2\/pages"}],"about":[{"href":"http:\/\/www.kmu-aalen.de\/kmu-aalen\/wp-json\/wp\/v2\/types\/page"}],"author":[{"embeddable":true,"href":"http:\/\/www.kmu-aalen.de\/kmu-aalen\/wp-json\/wp\/v2\/users\/33"}],"replies":[{"embeddable":true,"href":"http:\/\/www.kmu-aalen.de\/kmu-aalen\/wp-json\/wp\/v2\/comments?post=2244"}],"version-history":[{"count":13,"href":"http:\/\/www.kmu-aalen.de\/kmu-aalen\/wp-json\/wp\/v2\/pages\/2244\/revisions"}],"predecessor-version":[{"id":3719,"href":"http:\/\/www.kmu-aalen.de\/kmu-aalen\/wp-json\/wp\/v2\/pages\/2244\/revisions\/3719"}],"up":[{"embeddable":true,"href":"http:\/\/www.kmu-aalen.de\/kmu-aalen\/wp-json\/wp\/v2\/pages\/2237"}],"wp:attachment":[{"href":"http:\/\/www.kmu-aalen.de\/kmu-aalen\/wp-json\/wp\/v2\/media?parent=2244"}],"curies":[{"name":"wp","href":"https:\/\/api.w.org\/{rel}","templated":true}]}}