{"id":2237,"date":"2017-03-09T20:30:06","date_gmt":"2017-03-09T18:30:06","guid":{"rendered":"http:\/\/www.kmu-aalen.de\/kmu-aalen\/?page_id=2237"},"modified":"2018-05-24T23:54:25","modified_gmt":"2018-05-24T21:54:25","slug":"kontakt-2","status":"publish","type":"page","link":"http:\/\/www.kmu-aalen.de\/kmu-aalen\/language\/de\/kontakt-2\/","title":{"rendered":"Kontakt"},"content":{"rendered":"<p>Haben Sie Fragen oder Anregungen? Sie k\u00f6nnen uns gerne kontaktieren.<\/p>\n<p><strong>Kontakt<\/strong><\/p>\n<p>Prof. Dr. Ralf-Christian H\u00e4rting<\/p>\n<p>Hochschule Aalen<br \/>\nCompetence Center f\u00fcr Informationssysteme im Mittelstand<\/p>\n<p>Beethovenstr.1<br \/>\n73430 Aalen<\/p>\n<p>Telefon: 07361\/5760<br \/>\nE-Mail: kmu@kmu-aalen.de<br \/>\nInternetadresse:\u00a0<a href=\"http:\/\/www.htw-aalen.de\/\" target=\"_blank\" rel=\"noopener noreferrer\">www.hs-aalen.de<\/a><\/p>\n<p>&nbsp;<\/p>\n<p>&nbsp;<\/p>\n<p>&nbsp;<\/p>\n","protected":false},"excerpt":{"rendered":"<p>Haben Sie Fragen oder Anregungen? Sie k\u00f6nnen uns gerne kontaktieren. Kontakt Prof. Dr. Ralf-Christian H\u00e4rting Hochschule Aalen Competence Center f\u00fcr Informationssysteme im Mittelstand Beethovenstr.1 73430 Aalen Telefon: 07361\/5760 E-Mail: kmu@kmu-aalen.de Internetadresse:\u00a0www.hs-aalen.de &nbsp; &nbsp; &nbsp;<\/p>\n","protected":false},"author":33,"featured_media":0,"parent":0,"menu_order":700,"comment_status":"closed","ping_status":"closed","template":"","meta":[],"_links":{"self":[{"href":"http:\/\/www.kmu-aalen.de\/kmu-aalen\/wp-json\/wp\/v2\/pages\/2237"}],"collection":[{"href":"http:\/\/www.kmu-aalen.de\/kmu-aalen\/wp-json\/wp\/v2\/pages"}],"about":[{"href":"http:\/\/www.kmu-aalen.de\/kmu-aalen\/wp-json\/wp\/v2\/types\/page"}],"author":[{"embeddable":true,"href":"http:\/\/www.kmu-aalen.de\/kmu-aalen\/wp-json\/wp\/v2\/users\/33"}],"replies":[{"embeddable":true,"href":"http:\/\/www.kmu-aalen.de\/kmu-aalen\/wp-json\/wp\/v2\/comments?post=2237"}],"version-history":[{"count":7,"href":"http:\/\/www.kmu-aalen.de\/kmu-aalen\/wp-json\/wp\/v2\/pages\/2237\/revisions"}],"predecessor-version":[{"id":3469,"href":"http:\/\/www.kmu-aalen.de\/kmu-aalen\/wp-json\/wp\/v2\/pages\/2237\/revisions\/3469"}],"wp:attachment":[{"href":"http:\/\/www.kmu-aalen.de\/kmu-aalen\/wp-json\/wp\/v2\/media?parent=2237"}],"curies":[{"name":"wp","href":"https:\/\/api.w.org\/{rel}","templated":true}]}}