{"id":2194,"date":"2017-03-03T16:47:25","date_gmt":"2017-03-03T14:47:25","guid":{"rendered":"http:\/\/www.kmu-aalen.de\/kmu-aalen\/?page_id=2194"},"modified":"2017-12-09T15:22:13","modified_gmt":"2017-12-09T13:22:13","slug":"2012-ueberlebensmanagement","status":"publish","type":"page","link":"http:\/\/www.kmu-aalen.de\/kmu-aalen\/language\/de\/veranstaltungenkes\/vergangene-transfertage\/2012-ueberlebensmanagement\/","title":{"rendered":"2012: \u00dcberlebensmanagement"},"content":{"rendered":"<h3 style=\"text-align: center;\">\u00dcberlebensmanagement\u00a0in Familienunternehmen<\/h3>\n<p style=\"text-align: center;\"><span style=\"color: #000000;\">6. Transfertag<\/span><\/p>\n<p><span style=\"font-size: 12pt;\"><strong>Themen:<\/strong><br \/>\n<\/span><\/p>\n<ul>\n<li>Einblick in die Beratungsaktivit\u00e4ten von Familienunternehmen<br \/>\n<em>Dieter Weichl, Business Culture \u2013 Hawliteck &amp; Weichl PartG<\/em><\/p>\n<hr \/>\n<\/li>\n<li>Markenf\u00fchrung im Familienunternehmen<br \/>\n<em>Philipp Steiff, Steiff\/Posselt Gesellschaft f\u00fcr Markenf\u00fchrung im Stiftungs- und Familienunternehmen<\/em><\/p>\n<hr \/>\n<\/li>\n<li>Nachfolge 2012+ &#8211; Verst\u00e4ndnis von Corporate Sales als Chance<br \/>\n<em>Michael Saatmann, Concentro Management AG<\/em><\/p>\n<hr \/>\n<\/li>\n<li>Nachfolgeprozess fr\u00fchzeitig planen<br \/>\n<em>Tobias Bairle, Druckerei Bairle GmbH<\/em><\/p>\n<hr \/>\n<\/li>\n<li>Kontrolle der ausl\u00e4ndischen Investitionen &#8211; Vertrauen ist gut, ist Kontrolle besser?<br \/>\n<em data-mce-new=\"true\">Dierk Kursatz, KPMG AG<\/em><\/p>\n<hr \/>\n<\/li>\n<li>Zukunftssicherung von Familienunternehmen &#8211; Rechtzeitig das Richtige tun: L\u00f6sungsans\u00e4tze aus der Praxis<br \/>\n<em>Christa W\u00f6llner-Frick, Aalen Management\u00a0Zentrum<\/em><\/p>\n<hr \/>\n<\/li>\n<li>Podiumsdiskussion: `Managementkompetenzen in der Familie&#8217;<\/li>\n<\/ul>\n","protected":false},"excerpt":{"rendered":"<p>\u00dcberlebensmanagement\u00a0in Familienunternehmen 6. Transfertag Themen: Einblick in die Beratungsaktivit\u00e4ten von Familienunternehmen Dieter Weichl, Business Culture \u2013 Hawliteck &amp; Weichl PartG Markenf\u00fchrung im Familienunternehmen Philipp Steiff, Steiff\/Posselt Gesellschaft f\u00fcr Markenf\u00fchrung im Stiftungs- und Familienunternehmen Nachfolge 2012+ &#8211; Verst\u00e4ndnis von Corporate Sales&hellip; <\/p>\n","protected":false},"author":33,"featured_media":0,"parent":2177,"menu_order":30,"comment_status":"closed","ping_status":"closed","template":"","meta":[],"_links":{"self":[{"href":"http:\/\/www.kmu-aalen.de\/kmu-aalen\/wp-json\/wp\/v2\/pages\/2194"}],"collection":[{"href":"http:\/\/www.kmu-aalen.de\/kmu-aalen\/wp-json\/wp\/v2\/pages"}],"about":[{"href":"http:\/\/www.kmu-aalen.de\/kmu-aalen\/wp-json\/wp\/v2\/types\/page"}],"author":[{"embeddable":true,"href":"http:\/\/www.kmu-aalen.de\/kmu-aalen\/wp-json\/wp\/v2\/users\/33"}],"replies":[{"embeddable":true,"href":"http:\/\/www.kmu-aalen.de\/kmu-aalen\/wp-json\/wp\/v2\/comments?post=2194"}],"version-history":[{"count":8,"href":"http:\/\/www.kmu-aalen.de\/kmu-aalen\/wp-json\/wp\/v2\/pages\/2194\/revisions"}],"predecessor-version":[{"id":3101,"href":"http:\/\/www.kmu-aalen.de\/kmu-aalen\/wp-json\/wp\/v2\/pages\/2194\/revisions\/3101"}],"up":[{"embeddable":true,"href":"http:\/\/www.kmu-aalen.de\/kmu-aalen\/wp-json\/wp\/v2\/pages\/2177"}],"wp:attachment":[{"href":"http:\/\/www.kmu-aalen.de\/kmu-aalen\/wp-json\/wp\/v2\/media?parent=2194"}],"curies":[{"name":"wp","href":"https:\/\/api.w.org\/{rel}","templated":true}]}}