{"id":2187,"date":"2017-03-03T16:31:12","date_gmt":"2017-03-03T14:31:12","guid":{"rendered":"http:\/\/www.kmu-aalen.de\/kmu-aalen\/?page_id=2187"},"modified":"2017-12-09T15:21:40","modified_gmt":"2017-12-09T13:21:40","slug":"2014-big-data","status":"publish","type":"page","link":"http:\/\/www.kmu-aalen.de\/kmu-aalen\/language\/de\/veranstaltungenkes\/vergangene-transfertage\/2014-big-data\/","title":{"rendered":"2014: Big Data"},"content":{"rendered":"<h3 style=\"text-align: center;\">Big Data &#8211;\u00a0Daten strategisch nutzen<\/h3>\n<p style=\"text-align: center;\">7.\u00a0Transfertag<\/p>\n<p><strong><span style=\"font-size: 12pt;\">Themen:<\/span><\/strong><\/p>\n<ul>\n<li>Business Intelligence &amp; Big Data: eine strategische Waffe f\u00fcr KMU?<br \/>\n<em>Prof. Dr. Ralf-Christian H\u00e4rting, Michael M\u00f6hring, Hochschule Aalen,<br \/>\nProf. Dr.-Ing. Rainer Schmid,\u00a0Hochschule M\u00fcnchen<\/em><\/p>\n<hr \/>\n<\/li>\n<li>Herausforderungen und Chancen von Big Data Analytics<br \/>\n<em>Dr. Dirk Mahnkopf, SAS Institute GmbH<\/em><\/p>\n<hr \/>\n<\/li>\n<li>MIA \u2013 ein Marktplatz f\u00fcr Informationen und Analysen<br \/>\n<em>Torsten Kilias, Technische Universit\u00e4t Berlin<\/em><\/p>\n<hr \/>\n<\/li>\n<li>Predicitve Big Data Analytics \u2013 Anwendungsszenarien in Produktion und Produktionsplanung<br \/>\n<em data-mce-new=\"true\">Ralf Klinkenberg, RapidMiner GmbH<\/em><\/p>\n<hr \/>\n<\/li>\n<li>Analyse gro\u00dfer Datenmengen im Marketing und Vertrieb<br \/>\n<em>Prof. Dr. Ralf-Christian H\u00e4rting, Michael M\u00f6hring,\u00a0Hochschule Aalen<\/em><\/p>\n<hr \/>\n<\/li>\n<li>Der Paradigmenwechsel durch Big Data und neue Chancen durch vorbeugende Wartung<br \/>\nW<em>ilfried Hoge, IBM Germany GmbH<\/em><\/p>\n<hr \/>\n<\/li>\n<\/ul>\n<p><strong><span style=\"font-size: 10pt;\"><span style=\"font-size: 12pt;\">Tagungsband<\/span><\/span><\/strong><br \/>\n<span style=\"font-size: 12pt;\">Herausgeber: Prof. Dr. Ralf-Christian H\u00e4rting<\/span><br \/>\n<a href=\"https:\/\/www.bod.de\/buch\/ralf-christian-haerting\/big-data---daten-strategisch-nutzen\/9783732285846.html\" target=\"_blank\" rel=\"noopener noreferrer\"><span style=\"font-size: 12pt;\">Bestellen<\/span><\/a><\/p>\n","protected":false},"excerpt":{"rendered":"<p>Big Data &#8211;\u00a0Daten strategisch nutzen 7.\u00a0Transfertag Themen: Business Intelligence &amp; Big Data: eine strategische Waffe f\u00fcr KMU? Prof. Dr. Ralf-Christian H\u00e4rting, Michael M\u00f6hring, Hochschule Aalen, Prof. Dr.-Ing. Rainer Schmid,\u00a0Hochschule M\u00fcnchen Herausforderungen und Chancen von Big Data Analytics Dr. Dirk Mahnkopf,&hellip; <\/p>\n","protected":false},"author":33,"featured_media":0,"parent":2177,"menu_order":20,"comment_status":"closed","ping_status":"closed","template":"","meta":[],"_links":{"self":[{"href":"http:\/\/www.kmu-aalen.de\/kmu-aalen\/wp-json\/wp\/v2\/pages\/2187"}],"collection":[{"href":"http:\/\/www.kmu-aalen.de\/kmu-aalen\/wp-json\/wp\/v2\/pages"}],"about":[{"href":"http:\/\/www.kmu-aalen.de\/kmu-aalen\/wp-json\/wp\/v2\/types\/page"}],"author":[{"embeddable":true,"href":"http:\/\/www.kmu-aalen.de\/kmu-aalen\/wp-json\/wp\/v2\/users\/33"}],"replies":[{"embeddable":true,"href":"http:\/\/www.kmu-aalen.de\/kmu-aalen\/wp-json\/wp\/v2\/comments?post=2187"}],"version-history":[{"count":7,"href":"http:\/\/www.kmu-aalen.de\/kmu-aalen\/wp-json\/wp\/v2\/pages\/2187\/revisions"}],"predecessor-version":[{"id":3100,"href":"http:\/\/www.kmu-aalen.de\/kmu-aalen\/wp-json\/wp\/v2\/pages\/2187\/revisions\/3100"}],"up":[{"embeddable":true,"href":"http:\/\/www.kmu-aalen.de\/kmu-aalen\/wp-json\/wp\/v2\/pages\/2177"}],"wp:attachment":[{"href":"http:\/\/www.kmu-aalen.de\/kmu-aalen\/wp-json\/wp\/v2\/media?parent=2187"}],"curies":[{"name":"wp","href":"https:\/\/api.w.org\/{rel}","templated":true}]}}