{"id":2179,"date":"2017-03-03T16:15:41","date_gmt":"2017-03-03T14:15:41","guid":{"rendered":"http:\/\/www.kmu-aalen.de\/kmu-aalen\/?page_id=2179"},"modified":"2017-12-09T15:21:15","modified_gmt":"2017-12-09T13:21:15","slug":"2016-industrie-4-0-und-digitalisierung","status":"publish","type":"page","link":"http:\/\/www.kmu-aalen.de\/kmu-aalen\/language\/de\/veranstaltungenkes\/vergangene-transfertage\/2016-industrie-4-0-und-digitalisierung\/","title":{"rendered":"2016: Industrie 4.0 und Digitalisierung"},"content":{"rendered":"<h3 style=\"text-align: center;\"><span id=\"productTitle\" class=\"a-size-large\">Industrie 4.0 und Digitalisierung \u2013 Innovative Gesch\u00e4ftsmodelle wagen!<\/span><\/h3>\n<p style=\"text-align: center;\">8. Transfertag<\/p>\n<p><strong><span style=\"font-size: 12pt;\">Themen:<\/span><\/strong><\/p>\n<ul>\n<li>Nutzenpotenziale von Industrie 4.0 und Digitalisierung<br \/>\n<em>Prof. Dr. Ralf-Christian H\u00e4rting, Michael M\u00f6hring, Hochschule Aalen,<br \/>\nProf. Dr.-Ing. Rainer Schmid, Hochschule M\u00fcnchen<\/em><\/p>\n<hr \/>\n<\/li>\n<li>Eine Fallstudie mit INDREX in der biomedizinischen Dom\u00e4ne<br \/>\nT<em>orsten Kilias,\u00a0Technische Universit\u00e4t Berlin<\/em><\/p>\n<hr \/>\n<\/li>\n<li>Revenue Management als Konzept zur Ertragsmaximierung<br \/>\n<em>Prof. Dr. Ralf-Christian H\u00e4rting, Michael M\u00f6hring, Christopher Reichenstein, Simon Letsche, Hochschule Aalen<\/em><\/p>\n<hr \/>\n<\/li>\n<li>Dynamic Pricing bei Flugbuchungen in Deutschland &#8211; Empirische Einblicke<br \/>\n<em>Martina Ziegerer,\u00a0<\/em><em data-mce-new=\"true\">Jana Herbert, Julia Marx,\u00a0Esther Mangold,\u00a0Madelaine Mader, Svenja Baumgartl,\u00a0Lars Pem\u00f6ller,\u00a0Pascal Fa\u00dfbender,\u00a0Hochschule W\u00fcrzburg-Schweinfurt<\/em><\/p>\n<hr \/>\n<\/li>\n<li>Das Internet der Dinge wird Gesch\u00e4ftsmodelle ver\u00e4ndern<br \/>\n<em>Dr. Markus Weinberger, Bosch Software Innovations GmbH<\/em><\/p>\n<hr \/>\n<\/li>\n<li>Cloud Computing L\u00f6sungen f\u00fcr das Human Resource Management &#8211; eine Literaturanalyse und empirische Fallstudie<br \/>\n<em>Thorsten Witt, Weiterbildungsakademie der Hochschule Aalen GmbH,<br \/>\nProf. Dr. Ralf-Christian H\u00e4rting, Michael M\u00f6hring,\u00a0Hochschule Aalen<\/em><\/p>\n<hr \/>\n<\/li>\n<li>Neue &#8220;smarte&#8221; Dienstleistungen als Gesch\u00e4ftsmodell &#8211; Von der Idee bis zum Einsatz<br \/>\n<em>Prof. Dr. Claas Christian Wuttke, Hochschule Karlsruhe\u00a0<\/em><\/p>\n<hr \/>\n<\/li>\n<li>Ein zentraler Plattformdienst f\u00fcr das &#8220;Internet der Dinge&#8221; &#8211; Der IoT Cloud Service<br \/>\n<em>Marcel Amende, Dr. Nadine Sch\u00f6ne,\u00a0ORACLE Deutschland B.V. &amp; Co. KG<\/em><\/p>\n<hr \/>\n<\/li>\n<li>Bedeutung von Industrie 4.0 in der Unternehmensstrategie &#8211; Erste praxisorientierte Einblicke<br \/>\n<em>Prof. Dr. Christian Bayer,<\/em>\u00a0<em>Barbara Keller, Hochschule Aalen<\/em><\/p>\n<hr \/>\n<\/li>\n<li>Digitalisierung als Treiber f\u00fcr Marketing 4.0<br \/>\n<em><em>Prof. Dr. Ralf-Christian H\u00e4rting, Stephanie Bader, Hochschule Aalen<br \/>\nMaik Mohl, Metamove GmbH \u00a0 \u00a0 \u00a0 \u00a0 \u00a0 \u00a0 \u00a0 \u00a0 \u00a0 \u00a0 \u00a0 \u00a0 \u00a0 \u00a0 \u00a0 \u00a0\u00a0<\/em><\/em><\/p>\n<hr \/>\n<\/li>\n<li>Digitalisierung ist der Motor f\u00fcr die Welt von Morgen<br \/>\n<em>J\u00f6rn Kellermann, T-Systems International GmbH\u00a0<\/em><\/p>\n<hr \/>\n<\/li>\n<li>Technologie wagen &#8211; die digitale Transformation gestalten<br \/>\n<em>Dr. Christoph Kilger, Ernst &amp; Young GmbH<\/em><\/p>\n<hr \/>\n<\/li>\n<li>Industrie 4.0 &#8211; KPMG unterst\u00fctzt Kunden auf dem Weg zur Smart Company<br \/>\n<em>Bernhard Lang, Sascha Glemser, KPMG AG<\/em><\/p>\n<hr \/>\n<\/li>\n<li>Die Digitale Transformation und die Nutzung sozialer Medien &#8211; Konsequenzen f\u00fcr das \u00a0 \u00a0 Customer Experience Research in deutschen Unternehmen<br \/>\n<em>Dr. Peter Pirner, TNS Deutschland GmbH<\/em><em data-mce-new=\"true\"><em data-mce-new=\"true\"><em data-mce-new=\"true\"><em data-mce-new=\"true\"><br \/>\n<\/em><\/em><\/em><\/em><\/p>\n<hr \/>\n<\/li>\n<li>Unterst\u00fctzung der St\u00f6rungserkennung in der industriellen Fertigung durch eine \u00a0 \u00a0 \u00a0 \u00a0 \u00a0 \u00a0 \u00a0 \u00a0 echtzeitf\u00e4hige Big Data-Plattform<br \/>\n<em>Dr. Gerald H. Ristow, Yvonne Hegenbarth, Software AG<\/em><em data-mce-new=\"true\"><em data-mce-new=\"true\"><em data-mce-new=\"true\"><em data-mce-new=\"true\"><br \/>\n<\/em><\/em><\/em><\/em><\/p>\n<hr \/>\n<\/li>\n<li>Manufacturing Digitization<br \/>\n<em>Ralf Stetter, A+B Solutions GmbH<\/em><\/p>\n<hr \/>\n<\/li>\n<li>Education 4.0 f\u00fcr Unternehmen 4.0 &#8211; neue Ausbildungskonzepte f\u00fcr agile Unternehmen<br \/>\n<em>Dr. Rainer Stetter, ITQ GmbH<\/em><\/p>\n<hr \/>\n<\/li>\n<\/ul>\n<p><strong><span style=\"font-size: 10pt;\"><span style=\"font-size: 12pt;\">Tagungsband<\/span><\/span><\/strong><br \/>\n<span style=\"font-size: 12pt;\">Herausgeber: Prof. Dr. Ralf-Christian H\u00e4rting<\/span><br \/>\n<span style=\"font-size: 12pt;\"><a href=\"https:\/\/www.bod.de\/buchshop\/industrie-4-0-und-digitalisierung-innovative-geschaeftsmodelle-wagen-9783839137352\" target=\"_blank\" rel=\"noopener noreferrer\">Bestellen<\/a><\/span><\/p>\n","protected":false},"excerpt":{"rendered":"<p>Industrie 4.0 und Digitalisierung \u2013 Innovative Gesch\u00e4ftsmodelle wagen! 8. Transfertag Themen: Nutzenpotenziale von Industrie 4.0 und Digitalisierung Prof. Dr. Ralf-Christian H\u00e4rting, Michael M\u00f6hring, Hochschule Aalen, Prof. Dr.-Ing. Rainer Schmid, Hochschule M\u00fcnchen Eine Fallstudie mit INDREX in der biomedizinischen Dom\u00e4ne Torsten&hellip; <\/p>\n","protected":false},"author":33,"featured_media":0,"parent":2177,"menu_order":10,"comment_status":"closed","ping_status":"closed","template":"","meta":[],"_links":{"self":[{"href":"http:\/\/www.kmu-aalen.de\/kmu-aalen\/wp-json\/wp\/v2\/pages\/2179"}],"collection":[{"href":"http:\/\/www.kmu-aalen.de\/kmu-aalen\/wp-json\/wp\/v2\/pages"}],"about":[{"href":"http:\/\/www.kmu-aalen.de\/kmu-aalen\/wp-json\/wp\/v2\/types\/page"}],"author":[{"embeddable":true,"href":"http:\/\/www.kmu-aalen.de\/kmu-aalen\/wp-json\/wp\/v2\/users\/33"}],"replies":[{"embeddable":true,"href":"http:\/\/www.kmu-aalen.de\/kmu-aalen\/wp-json\/wp\/v2\/comments?post=2179"}],"version-history":[{"count":20,"href":"http:\/\/www.kmu-aalen.de\/kmu-aalen\/wp-json\/wp\/v2\/pages\/2179\/revisions"}],"predecessor-version":[{"id":3098,"href":"http:\/\/www.kmu-aalen.de\/kmu-aalen\/wp-json\/wp\/v2\/pages\/2179\/revisions\/3098"}],"up":[{"embeddable":true,"href":"http:\/\/www.kmu-aalen.de\/kmu-aalen\/wp-json\/wp\/v2\/pages\/2177"}],"wp:attachment":[{"href":"http:\/\/www.kmu-aalen.de\/kmu-aalen\/wp-json\/wp\/v2\/media?parent=2179"}],"curies":[{"name":"wp","href":"https:\/\/api.w.org\/{rel}","templated":true}]}}