{"id":2165,"date":"2017-12-11T11:30:07","date_gmt":"2017-12-11T09:30:07","guid":{"rendered":"http:\/\/www.kmu-aalen.de\/kmu-aalen\/?page_id=2165"},"modified":"2022-04-06T14:49:15","modified_gmt":"2022-04-06T12:49:15","slug":"kes-2020","status":"publish","type":"page","link":"http:\/\/www.kmu-aalen.de\/kmu-aalen\/kes-2020\/","title":{"rendered":"KES-2022"},"content":{"rendered":"<p style=\"text-align: center;\"><span style=\"font-size: 12pt;\"><strong><a href=\"http:\/\/kes2018.kesinternational.org\/\" target=\"_blank\" rel=\"noopener noreferrer\"><img decoding=\"async\" loading=\"lazy\" class=\"size-full wp-image-1972 aligncenter\" src=\"http:\/\/www.kmu-aalen.de\/kmu-aalen\/wp-content\/uploads\/2016\/11\/KES-IDT.png\" alt=\"kes-idt\" width=\"268\" height=\"48\" \/><\/a>26th International Conference on Knowledge-Based and Intelligent Information &amp; Engineering Systems (KES 2022, Verona, Italien, 08. \u2013 9. September, 2022)<br \/>\n<\/strong><\/span><\/p>\n<p style=\"text-align: center;\"><strong><span style=\"color: #000000; font-size: 12pt;\"><a href=\"http:\/\/www.kmu-aalen.de\/kmu-aalen\/wp-content\/uploads\/2018\/11\/KES_IDT_IADSDTP_Logo.jpg\"><img decoding=\"async\" loading=\"lazy\" class=\"alignnone size-full wp-image-3489\" src=\"http:\/\/www.kmu-aalen.de\/kmu-aalen\/wp-content\/uploads\/2018\/11\/KES_IDT_IADSDTP_Logo.jpg\" alt=\"\" width=\"259\" height=\"126\" \/><\/a><\/span><\/strong><\/p>\n<p style=\"text-align: center;\"><strong><span style=\"color: #000000; font-size: 12pt;\">Invited Session:<\/span><br \/>\n<span style=\"color: #800000; font-size: 12pt;\">Interdisziplin\u00e4re Ans\u00e4tze in der Erforschung und Praxis<\/span><br \/>\n<span style=\"color: #800000; font-size: 12pt;\"> von <\/span><\/strong><span style=\"color: #800000; font-size: 12pt;\"><strong>Data Science und <\/strong><strong>Digitale Transformation<\/strong><\/span><\/p>\n<p><strong>Allgemeine Informationen<\/strong><\/p>\n<p>Eines der st\u00e4ndig angesagten\u00a0Themen in vielen Organisationssystemen ist, wie man gro\u00dfe Mengen an t\u00e4glich gesammelten Betriebsdaten in das n\u00fctzliche Wissen aus der Perspektive der deklarierten Unternehmensziele und erwarteten Gesch\u00e4ftswerte umwandelt. Das Hauptanliegen dieser eingeladenen Sitzung ist ein <strong>Data Science (DS) Paradigma, als eine Reihe von Theorien, Methoden, Prozessen, Architekturen und Technologien, die Rohdaten in sinnvolle und n\u00fctzliche Informationen und Wissen umwandeln<\/strong>. Verschiedene interdisziplin\u00e4r orientierte DS-Ans\u00e4tze k\u00f6nnen Organisationen in die Lage versetzen, ihre Daten zu nutzen, um die Qualit\u00e4t der Unternehmen zu verbessern, die finanzielle Effizienz und die operative Effizienz zu steigern, innovative Forschungen durchzuf\u00fchren und die beh\u00f6rdlichen Anforderungen zu erf\u00fcllen. Die Anwendung geeigneter DS-Implementierungsmethoden, gepaart\u00a0mit Ergebnissen, die sich auf kooperative und interdisziplin\u00e4re Ans\u00e4tze beziehen, ist bei der Anwendung von DS-Ans\u00e4tzen f\u00fcr gro\u00dfe und komplexe Organisationssysteme unvermeidlich. Seit vielen Jahren wurden solche interdisziplin\u00e4ren Ans\u00e4tze verwendet, um gro\u00dfe Daten zu analysieren, die nicht nur aus Wirtschaftssektoren, sondern auch aus \u00f6ffentlichen, gemeinn\u00fctzigen und staatlichen Sektoren gewonnen wurden.<\/p>\n<p>Das Hauptziel der Sitzung ist es, <strong>Forscher aus aller Welt zu gewinnen, die ihre Beitr\u00e4ge, interdisziplin\u00e4re Ans\u00e4tze oder Fallstudien im Bereich DS<\/strong> pr\u00e4sentieren werden. Der Fokus kann auf verschiedene Aspekte der DS- und Datenwissenschaft festgelegt werden, wie z.B.: Data Warehousing, Reporting, Online-Analyse, Datenanalyse, Data Mining, Prozessmining, Textmining, pr\u00e4diktive Analytik und pr\u00e4skriptive Analytik sowie diverse Aspekte der Big-Data-Analytik\u00a0und der Zeitreihenanalyse. Wir bekunden Interesse, Wissenschaftler und Praktiker zu sammeln, die sich f\u00fcr die Anwendung von DS-Ans\u00e4tzen in \u00f6ffentlichen und staatlichen Sektoren wie Gesundheitswesen, Bildung oder Sicherheitsdiensten interessieren. Es sind jedoch Experten aus allen Bereichen willkommen.<\/p>\n<p><strong>Themen<\/strong><\/p>\n<p>Einreichungen werden <strong>erwartet, aber nicht beschr\u00e4nkt<\/strong> auf die folgenden Themen:<\/p>\n<ul>\n<li>Datenwissenschaft und Business Intelligence &#8211; theoretische und praktische Aspekte<\/li>\n<li>Business Intelligence Anwendungen und Branchenerfahrung<\/li>\n<li>Digitalisierung und Auswirkungen auf Business Intelligence<\/li>\n<li>Data Warehousing, Data Mining, Online Analytical Processing und Reporting-Funktionen<\/li>\n<li>Statistische Analyse und Charakterisierung, pr\u00e4diktive Analytik und pr\u00e4skriptive Analytik<\/li>\n<li>Process Mining, Pattern Mining und Swarm Intelligence<\/li>\n<li>Datenqualit\u00e4tsbewertung und -verbesserung: Vorverarbeitung, Reinigung und fehlende Daten<\/li>\n<li>Semistrukturierte oder unstrukturierte Daten in DS-Systemen<\/li>\n<li>Informationsintegration f\u00fcr Daten- und Textabbau<\/li>\n<li>Dynamische Preisgestaltung: Potenziale und BI-Ans\u00e4tze<\/li>\n<li>Cloud-Computing-Modelle und Skalierbarkeit in DS-Systemen<\/li>\n<li>Datenschutz- und Sicherheitsfragen in DS-Systemen<\/li>\n<li>Digitales Marketing, neue Web-Services, semantische Web- und Datenanalytik<\/li>\n<li>Business Intelligence und Analytik f\u00fcr das Gesundheitswesen\u00a0und andere \u00f6ffentliche Sektoren<\/li>\n<li>Educational Data Mining<\/li>\n<li>Soziale Netzwerkdatenanalyse<\/li>\n<li>Web-Umfrage-Methoden im Business Intelligence<\/li>\n<li>Organisatorische und menschliche Faktoren, F\u00e4higkeiten und Qualifikationen f\u00fcr DS-Ans\u00e4tze<\/li>\n<li>Lehre von DS-Ans\u00e4tzen in akademischen und industriellen Umgebungen<\/li>\n<\/ul>\n<p><strong>Papiereinreichung und Publikation<\/strong><\/p>\n<p>Papiere werden <strong>auf der Grundlage ihres wissenschaftlichen Verdienstes und ihrer Relevanz<\/strong> f\u00fcr den Workshop <strong>referiert und akzeptiert<\/strong>.<\/p>\n<ul>\n<li>Die Papiere werden bez\u00fcglich ihrer wissenschaftlichen G\u00fcte und Relevanz f\u00fcr die Konferenz begutachtet und anerkannt.<\/li>\n<li>Die ben\u00f6tigte Papierl\u00e4nge betr\u00e4gt 8 bis 10 Seiten. Die Teilnahmebedingungen f\u00fcr die Autoren sowie n\u00e4here Informationen zur Einreichung der Papiere finden Sie <a href=\"http:\/\/kes2021.kesinternational.org\/submission.php\" target=\"_blank\" rel=\"noopener noreferrer\">hier<\/a>.<\/li>\n<li>Papiere, die f\u00fcr die Konferenz ber\u00fccksichtigt werden sollen, m\u00fcssen \u00fcber das <a href=\"http:\/\/kes2021.kesinternational.org\/prose.php\" target=\"_blank\" rel=\"noopener noreferrer\">hier<\/a> angebotene PROSE Online-Einreichungs- und \u00dcberpr\u00fcfungssystem eingereicht werden.<\/li>\n<\/ul>\n<p><strong>Sitzungsmoderatoren:<\/strong><\/p>\n<ul>\n<li>Ralf-Christian H\u00e4rting, Hochschule Aalen, Deutschland<\/li>\n<li>Ivan Lukovi\u0107, Universit\u00e4t Belgrad, Serbien<\/li>\n<\/ul>\n<p><strong>Wichtige Daten<\/strong><\/p>\n<ul>\n<li>Einreichung von Beitr\u00e4gen: <span style=\"color: #ff0000;\">extended\u00a0<b>25. April 2022<\/b><\/span><b><br \/>\n<\/b><\/li>\n<li>Benachrichtigung \u00fcber die Annahme: <b>20. Mai 2022<\/b><b><br \/>\n<\/b><\/li>\n<li>Upload finaler Publikationsdateien: 3. Juni 2022<\/li>\n<li>Konferenz: 7. &#8211; 9. September 2022<strong><br \/>\n<\/strong><\/li>\n<\/ul>\n<p><strong>Mehr information <\/strong><\/p>\n<ul>\n<li><a href=\"http:\/\/kes2022.kesinternational.org\/\" target=\"_blank\" rel=\"noopener noreferrer\">About KES-2022<\/a><\/li>\n<li><a href=\"http:\/\/www.kmu-aalen.de\/kmu-aalen\/wp-content\/uploads\/2021\/12\/KES_2022_IADSDTP_Flyer_V2.pdf\">KES_2022_IADSDTP_Flyer_V2<\/a><\/li>\n<\/ul>\n","protected":false},"excerpt":{"rendered":"<p>26th International Conference on Knowledge-Based and Intelligent Information &amp; Engineering Systems (KES 2022, Verona, Italien, 08. \u2013 9. September, 2022) Invited Session: Interdisziplin\u00e4re Ans\u00e4tze in der Erforschung und Praxis von Data Science und Digitale Transformation Allgemeine Informationen Eines der st\u00e4ndig&hellip; <\/p>\n","protected":false},"author":33,"featured_media":0,"parent":0,"menu_order":50,"comment_status":"closed","ping_status":"closed","template":"","meta":[],"_links":{"self":[{"href":"http:\/\/www.kmu-aalen.de\/kmu-aalen\/wp-json\/wp\/v2\/pages\/2165"}],"collection":[{"href":"http:\/\/www.kmu-aalen.de\/kmu-aalen\/wp-json\/wp\/v2\/pages"}],"about":[{"href":"http:\/\/www.kmu-aalen.de\/kmu-aalen\/wp-json\/wp\/v2\/types\/page"}],"author":[{"embeddable":true,"href":"http:\/\/www.kmu-aalen.de\/kmu-aalen\/wp-json\/wp\/v2\/users\/33"}],"replies":[{"embeddable":true,"href":"http:\/\/www.kmu-aalen.de\/kmu-aalen\/wp-json\/wp\/v2\/comments?post=2165"}],"version-history":[{"count":41,"href":"http:\/\/www.kmu-aalen.de\/kmu-aalen\/wp-json\/wp\/v2\/pages\/2165\/revisions"}],"predecessor-version":[{"id":3889,"href":"http:\/\/www.kmu-aalen.de\/kmu-aalen\/wp-json\/wp\/v2\/pages\/2165\/revisions\/3889"}],"wp:attachment":[{"href":"http:\/\/www.kmu-aalen.de\/kmu-aalen\/wp-json\/wp\/v2\/media?parent=2165"}],"curies":[{"name":"wp","href":"https:\/\/api.w.org\/{rel}","templated":true}]}}