{"id":2130,"date":"2017-02-21T18:52:59","date_gmt":"2017-02-21T16:52:59","guid":{"rendered":"http:\/\/www.kmu-aalen.de\/kmu-aalen\/?page_id=2130"},"modified":"2017-12-08T17:04:31","modified_gmt":"2017-12-08T15:04:31","slug":"master","status":"publish","type":"page","link":"http:\/\/www.kmu-aalen.de\/kmu-aalen\/language\/de\/unterrichten\/master\/","title":{"rendered":"Master"},"content":{"rendered":"<h3><span style=\"font-family: Verdana,Geneva;\">Mittelstandsmanagement\u00a0(Master of Arts)<\/span><\/h3>\n<p>Unser konsekutives Masterprogramm Master of Arts in \u201eMittelstandsmanagement&#8221; bietet \u00fcberdurchschnittlich qualifizierten Absolventen wirtschaftswissenschaftlicher Bachelorstudieng\u00e4nge eine fachliche Spezialisierung im Rahmen mehrerer Studieng\u00e4nge wie Mittelstandsmanagement, Wirtschaftsinformatik und International Marketing and Sales.<\/p>\n<p>Der Studiengang \u201eMittelstandsmanagement\u201c qualifiziert die AbsolventInnen f\u00fcr Management- und F\u00fchrungsaufgaben in mittelst\u00e4ndischen Unternehmen sowie f\u00fcr die erfolgreiche Verwirklichung eigener Gesch\u00e4ftsideen. Besonderes Gewicht wird dabei auf das Innovationsmanagement und eine nachhaltige Erfolgssicherung gelegt.<\/p>\n<p>Wir vermitteln Ihnen auf hohem Niveau modernste, praxisorientierte Managementmethoden und Querschnittskompetenzen, die Sie im Zuge vielf\u00e4ltiger regionaler und internationaler Kooperationen, Fallstudien und Praxisprojekte ausbauen k\u00f6nnen. Dabei zeichnet sich der Studienplan durch gro\u00dfe Wahlfreiheiten f\u00fcr die Studierenden aus.<\/p>\n<p><strong>Studienbeginn in dieses Studienprogramm nur zum Wintersemester jeden Jahres m\u00f6glich.<\/strong><\/p>\n<p>Wir vermitteln Ihnen auf hohem Niveau modernste, praxisorientierte Managementmethoden und Querschnittskompetenzen, die Sie im Zuge vielf\u00e4ltiger regionaler und internationaler Kooperationen, Fallstudien und Praxispro\u00adjekte ausbauen k\u00f6nnen. Dabei zeichnet sich der Studienplan durch gro\u00dfe Wahlfreiheiten f\u00fcr die Studierenden aus. Die Unterrichtssprache ist vorrangig Deutsch. Einzelne Module, Lehrveranstaltungen oder Teile von Lehrveranstaltungen k\u00f6nnen in Englisch abgehalten werden.<\/p>\n<p>Berufserfahrung ist hilfreich, aber aufgrund der konseku\u00adtiven Ausgestaltung des Masters nicht zwingend erfor\u00adderlich. Das Masterstudium im Studiengang Mittelstands\u00admanagement ist ein Vollzeitstudium mit der Studiendauer von drei Semestern. Im dritten Semester erstellen die Studierenden ihre Masterarbeit, in der sie praktische Probleme der Unternehmensf\u00fchrung mit Hilfe wissen\u00adschaftlicher Methoden l\u00f6sen.<\/p>\n<p><strong>Abschluss nach Masterthesis:<\/strong><\/p>\n<p>Master of Arts (M. A.)<\/p>\n<p><strong>Voraussetzungen:<\/strong><\/p>\n<ul>\n<li>Ein berufsqualifizierender Hochschulabschluss in einer fachverwandten Ausrichtung, z.B. (Wirtschaftsinformatik oder VWL)<\/li>\n<li>\u00dcberdurchschnittlicher Abschluss (mind. Note 2,5)<\/li>\n<li>Hochschulabschluss mit mind. 210 ECTS oder mit mind. 180 ECTS (30 ECTS m\u00fcssen w\u00e4hrend des Masterstudiums erworben werden)<\/li>\n<li>Sehr gute deutsche Sprachkenntnisse<\/li>\n<\/ul>\n<p><strong>Studienf\u00e4cher im Bereich Informationssysteme des Masterstudiengangs sind:<\/strong><\/p>\n<ul>\n<li>Instrumente des Online-Marketings<\/li>\n<li>Konzepte des Medienmanagements<\/li>\n<\/ul>\n<p><strong>\u00dcberblick \u00fcber den Master of Arts im &#8220;Mittelstandsmanagement&#8221;:<\/strong><\/p>\n<p><a href=\"http:\/\/www.kmu-aalen.de\/kmu-aalen\/wp-content\/uploads\/2015\/05\/Studien\u00fcbersicht-Master.png\"><img decoding=\"async\" loading=\"lazy\" class=\" size-medium wp-image-1308 aligncenter\" src=\"http:\/\/www.kmu-aalen.de\/kmu-aalen\/wp-content\/uploads\/2015\/05\/Studien\u00fcbersicht-Master-300x129.png\" alt=\"Studien\u00fcbersicht Master\" width=\"300\" height=\"129\" srcset=\"http:\/\/www.kmu-aalen.de\/wp-content\/uploads\/2015\/05\/Studien\u00fcbersicht-Master-300x129.png 300w, http:\/\/www.kmu-aalen.de\/wp-content\/uploads\/2015\/05\/Studien\u00fcbersicht-Master-1024x440.png 1024w, http:\/\/www.kmu-aalen.de\/wp-content\/uploads\/2015\/05\/Studien\u00fcbersicht-Master-940x400.png 940w, http:\/\/www.kmu-aalen.de\/wp-content\/uploads\/2015\/05\/Studien\u00fcbersicht-Master.png 1792w\" sizes=\"(max-width: 300px) 100vw, 300px\" \/><\/a><\/p>\n","protected":false},"excerpt":{"rendered":"<p>Mittelstandsmanagement\u00a0(Master of Arts) Unser konsekutives Masterprogramm Master of Arts in \u201eMittelstandsmanagement&#8221; bietet \u00fcberdurchschnittlich qualifizierten Absolventen wirtschaftswissenschaftlicher Bachelorstudieng\u00e4nge eine fachliche Spezialisierung im Rahmen mehrerer Studieng\u00e4nge wie Mittelstandsmanagement, Wirtschaftsinformatik und International Marketing and Sales. Der Studiengang \u201eMittelstandsmanagement\u201c qualifiziert die AbsolventInnen f\u00fcr Management-&hellip; <\/p>\n","protected":false},"author":33,"featured_media":0,"parent":2118,"menu_order":150,"comment_status":"closed","ping_status":"closed","template":"","meta":[],"_links":{"self":[{"href":"http:\/\/www.kmu-aalen.de\/kmu-aalen\/wp-json\/wp\/v2\/pages\/2130"}],"collection":[{"href":"http:\/\/www.kmu-aalen.de\/kmu-aalen\/wp-json\/wp\/v2\/pages"}],"about":[{"href":"http:\/\/www.kmu-aalen.de\/kmu-aalen\/wp-json\/wp\/v2\/types\/page"}],"author":[{"embeddable":true,"href":"http:\/\/www.kmu-aalen.de\/kmu-aalen\/wp-json\/wp\/v2\/users\/33"}],"replies":[{"embeddable":true,"href":"http:\/\/www.kmu-aalen.de\/kmu-aalen\/wp-json\/wp\/v2\/comments?post=2130"}],"version-history":[{"count":3,"href":"http:\/\/www.kmu-aalen.de\/kmu-aalen\/wp-json\/wp\/v2\/pages\/2130\/revisions"}],"predecessor-version":[{"id":2570,"href":"http:\/\/www.kmu-aalen.de\/kmu-aalen\/wp-json\/wp\/v2\/pages\/2130\/revisions\/2570"}],"up":[{"embeddable":true,"href":"http:\/\/www.kmu-aalen.de\/kmu-aalen\/wp-json\/wp\/v2\/pages\/2118"}],"wp:attachment":[{"href":"http:\/\/www.kmu-aalen.de\/kmu-aalen\/wp-json\/wp\/v2\/media?parent=2130"}],"curies":[{"name":"wp","href":"https:\/\/api.w.org\/{rel}","templated":true}]}}