{"id":2123,"date":"2017-02-21T17:54:16","date_gmt":"2017-02-21T15:54:16","guid":{"rendered":"http:\/\/www.kmu-aalen.de\/kmu-aalen\/?page_id=2123"},"modified":"2017-12-08T10:41:34","modified_gmt":"2017-12-08T08:41:34","slug":"stipendium","status":"publish","type":"page","link":"http:\/\/www.kmu-aalen.de\/kmu-aalen\/language\/de\/unterrichten\/stipendium\/","title":{"rendered":"Stipendium"},"content":{"rendered":"<p>Wir freuen uns, Sie \u00fcber unsere Zusammenarbeit mit <strong>myStipendium<\/strong> informieren zu d\u00fcrfen.<\/p>\n<p>MyStipendium bietet nicht nur eine umfangreiche <strong>Datenbank mit rund 2300 F\u00f6rderprogrammen aus allen m\u00f6glichen Bereichen<\/strong>, sondern erkl\u00e4rt Ihnen auch Schritt f\u00fcr Schritt, wie Sie Stipendiat werden. Wenn Sie sich registrieren, werden Ihnen Stipendien und Auslandsstipendien angezeigt, die genau auf Ihr Profil passen. Da st\u00e4ndig neue hinzukommen, bekommen Sie immer wieder die Chance etwas Passendes zu finden. Bei Stipendien, die auf Ihr individuelles Profil abgestimmt sind, haben Sie viel bessere Aussichten als bei wahllosen Bewerbungen. Gerade kleine Stiftungen haben oft sogar Probleme genug Stipendiaten zu finden! Mit einer passenden Stipendienbewerbung, haben Sie also auch ganz gute Chancen eine gro\u00dfz\u00fcgige Finanzspritze f\u00fcr Ihr Studium zu bekommen.<\/p>\n<p>Weitere Informationen finden Sie unter: <a href=\"http:\/\/www.mystipendium.de\/\" target=\"_blank\" rel=\"noopener noreferrer\">www.myStipendium.de<\/a><\/p>\n","protected":false},"excerpt":{"rendered":"<p>Wir freuen uns, Sie \u00fcber unsere Zusammenarbeit mit myStipendium informieren zu d\u00fcrfen. MyStipendium bietet nicht nur eine umfangreiche Datenbank mit rund 2300 F\u00f6rderprogrammen aus allen m\u00f6glichen Bereichen, sondern erkl\u00e4rt Ihnen auch Schritt f\u00fcr Schritt, wie Sie Stipendiat werden. Wenn Sie&hellip; <\/p>\n","protected":false},"author":33,"featured_media":0,"parent":2118,"menu_order":50,"comment_status":"closed","ping_status":"closed","template":"","meta":[],"_links":{"self":[{"href":"http:\/\/www.kmu-aalen.de\/kmu-aalen\/wp-json\/wp\/v2\/pages\/2123"}],"collection":[{"href":"http:\/\/www.kmu-aalen.de\/kmu-aalen\/wp-json\/wp\/v2\/pages"}],"about":[{"href":"http:\/\/www.kmu-aalen.de\/kmu-aalen\/wp-json\/wp\/v2\/types\/page"}],"author":[{"embeddable":true,"href":"http:\/\/www.kmu-aalen.de\/kmu-aalen\/wp-json\/wp\/v2\/users\/33"}],"replies":[{"embeddable":true,"href":"http:\/\/www.kmu-aalen.de\/kmu-aalen\/wp-json\/wp\/v2\/comments?post=2123"}],"version-history":[{"count":7,"href":"http:\/\/www.kmu-aalen.de\/kmu-aalen\/wp-json\/wp\/v2\/pages\/2123\/revisions"}],"predecessor-version":[{"id":3025,"href":"http:\/\/www.kmu-aalen.de\/kmu-aalen\/wp-json\/wp\/v2\/pages\/2123\/revisions\/3025"}],"up":[{"embeddable":true,"href":"http:\/\/www.kmu-aalen.de\/kmu-aalen\/wp-json\/wp\/v2\/pages\/2118"}],"wp:attachment":[{"href":"http:\/\/www.kmu-aalen.de\/kmu-aalen\/wp-json\/wp\/v2\/media?parent=2123"}],"curies":[{"name":"wp","href":"https:\/\/api.w.org\/{rel}","templated":true}]}}