{"id":2110,"date":"2017-02-21T17:06:04","date_gmt":"2017-02-21T15:06:04","guid":{"rendered":"http:\/\/www.kmu-aalen.de\/kmu-aalen\/?page_id=2110"},"modified":"2021-09-30T23:20:02","modified_gmt":"2021-09-30T21:20:02","slug":"aktuelle-forschungsprojekte","status":"publish","type":"page","link":"http:\/\/www.kmu-aalen.de\/kmu-aalen\/language\/de\/forschung-2\/aktuelle-forschungsprojekte\/","title":{"rendered":"Aktuelle Forschungsprojekte"},"content":{"rendered":"<ul>\n<li>Sales Motion &#8211; Einladung zum Forschungsprojekt: <a href=\"http:\/\/www.kmu-aalen.de\/kmu-aalen\/wp-content\/uploads\/2021\/09\/2021_SalesMotion_Einladung.pdf\">2021_SalesMotion_Einladung<\/a>\u00a0von\u00a0Dr. Marco Behrmann, X-RUBICON<br \/>\n<a href=\"https:\/\/www.survio.com\/survey\/d\/C8F\/salesmotion\">Zur Umfrage<\/a><\/li>\n<li>Invited Session auf der KES Konferenz (Interdisziplin\u00e4re Ans\u00e4tze in der Erforschung und Praxis von Business Intelligence)<\/li>\n<li>Forschungsprojekt mit der Universit\u00e4t Rostock zum Thema &#8220;Die Rolle der IT- Abteilung im Unternehmen&#8221;<\/li>\n<li>Forschungsprojekt mit der Universit\u00e4t Poznan (Witold Abramowicz) und der Firma Sistrix zum Thema &#8220;Metriken der Qualit\u00e4tsmessung von Wikipedia&#8221;<\/li>\n<li>Ein KMU-orientierter (Ansatz zur Bewertung) Vergleich von EAM- Frameworks im Zeitalter vom IoT<\/li>\n<li>\u00dcberlegung f\u00fcr Kostenvorteile der KMU-orientierten Data Analytics Frameworks: Einschlie\u00dflich der Managementperspektive, die den Prozess der Ideengenerierung verbessert.<\/li>\n<li>Beitrag Digitalisierung und Smart-Service-World &#8211; Potentiale von Messenger Bots und Digital Marketing (Bruchprojekte)<\/li>\n<li>Der potenzielle Wert der Digitalisierung f\u00fcr Unternehmen (Delphi Studie)<\/li>\n<li>Industrie 4.0 \u2013 Potenziale f\u00fcr die Schaffung intelligenter Produkte<br \/>\n<a href=\"http:\/\/www.kmu-aalen.de\/kmu-aalen\/?page_id=2739&amp;lang=de\">Erfahren Sie mehr<\/a><\/li>\n<li>Big Data \/ Internet of Everything<br \/>\n<a href=\"http:\/\/www.kmu-aalen.de\/kmu-aalen\/?page_id=2734&amp;lang=de\">Erfahren Sie mehr<\/a><\/li>\n<li>Webanalytics \u2013 Einblicke in die deutsche SEO-Community zur Relevanz von Suchmaschinen-Sichtbarkeitsindizes<\/li>\n<li>CRM \/ Potential der dynamischen Preisgestaltung &#8211; Expertenbefragung, quantitativ (Fr. H\u00e4ussler)<br \/>\n<a href=\"http:\/\/www.kmu-aalen.de\/kmu-aalen\/language\/de\/forschung-2\/aktuelle-forschungsprojekte\/customer-relationship-management\/\">Erfahren Sie mehr<\/a><\/li>\n<li>Vorteile der EAM \u2013 Enterprise Architecture Management<br \/>\n<a href=\"http:\/\/www.kmu-aalen.de\/kmu-aalen\/language\/de\/forschung-2\/aktuelle-forschungsprojekte\/enterprise-architecture-management\/\">Erfahren Sie mehr<\/a><\/li>\n<li>Grad der Kreditw\u00fcrdigkeit und\u00a0Social-Media-Gewohnheiten<\/li>\n<li>Data Mining Framework zur Verbesserung der Entscheidungsfindung(bei KES)<br \/>\n<a href=\"http:\/\/www.kmu-aalen.de\/kmu-aalen\/language\/de\/forschung-2\/aktuelle-forschungsprojekte\/data-mining\/\">Erfahren Sie mehr<\/a><\/li>\n<li>Advanced Analytics auf\u00a0Hadoop (bei KES)<\/li>\n<li>Digitalisierung und Tourismus \u2013 Studie Deutschland <a href=\"http:\/\/www.kmu-aalen.de\/kmu-aalen\/wp-content\/uploads\/2017\/02\/Newsletter_BIS2017_KMU_Hochschule-Aalen_vers2-1.pdf\" target=\"_blank\" rel=\"noopener noreferrer\">Herunterladen<\/a><\/li>\n<li>Potentiale der Digitalisierung \u2013\u00a0Expertenbefragung, quantitativ<\/li>\n<li>Bitcoins \u2013 Blockchain in SCM<br \/>\n<a href=\"http:\/\/www.kmu-aalen.de\/kmu-aalen\/language\/de\/forschung-2\/aktuelle-forschungsprojekte\/bitcoin\/\">Erfahren Sie mehr<\/a><\/li>\n<li>Digitalisierung und Tourismus \u2013 Vertiefungsprojekt und Vergleichsstudie mit S\u00fcdafrika <a href=\"http:\/\/www.kmu-aalen.de\/kmu-aalen\/language\/de\/forschung-2\/aktuelle-forschungsprojekte\/digitalisierung-und-tourismus-vertiefungsprojekt-und-vergleichsstudie-mit-suedafrika\/\">Erfahren Sie mehr<\/a><\/li>\n<li>Digitalisierung in KMU \u2013 Digitale Transformation und neue Gesch\u00e4ftsmodelle in ausgew\u00e4hlten Branchen<\/li>\n<li>Marketing 4.0 \u2013 Studie zu neuen Online-Marketing-Ans\u00e4tzen<\/li>\n<\/ul>\n<p><!--more--><\/p>\n<p>Weitere Informationen zu diesen Forschungsprojekten finden Sie in unseren Forschungsarbeiten unter <a href=\"http:\/\/www.kmu-aalen.de\/kmu-aalen\/?page_id=2080&amp;lang=de\">Ver\u00f6ffentlichungen<\/a>.<\/p>\n","protected":false},"excerpt":{"rendered":"<p>Sales Motion &#8211; Einladung zum Forschungsprojekt: 2021_SalesMotion_Einladung\u00a0von\u00a0Dr. Marco Behrmann, X-RUBICON Zur Umfrage Invited Session auf der KES Konferenz (Interdisziplin\u00e4re Ans\u00e4tze in der Erforschung und Praxis von Business Intelligence) Forschungsprojekt mit der Universit\u00e4t Rostock zum Thema &#8220;Die Rolle der IT- Abteilung&hellip; <\/p>\n","protected":false},"author":33,"featured_media":0,"parent":2077,"menu_order":200,"comment_status":"closed","ping_status":"closed","template":"","meta":[],"_links":{"self":[{"href":"http:\/\/www.kmu-aalen.de\/kmu-aalen\/wp-json\/wp\/v2\/pages\/2110"}],"collection":[{"href":"http:\/\/www.kmu-aalen.de\/kmu-aalen\/wp-json\/wp\/v2\/pages"}],"about":[{"href":"http:\/\/www.kmu-aalen.de\/kmu-aalen\/wp-json\/wp\/v2\/types\/page"}],"author":[{"embeddable":true,"href":"http:\/\/www.kmu-aalen.de\/kmu-aalen\/wp-json\/wp\/v2\/users\/33"}],"replies":[{"embeddable":true,"href":"http:\/\/www.kmu-aalen.de\/kmu-aalen\/wp-json\/wp\/v2\/comments?post=2110"}],"version-history":[{"count":34,"href":"http:\/\/www.kmu-aalen.de\/kmu-aalen\/wp-json\/wp\/v2\/pages\/2110\/revisions"}],"predecessor-version":[{"id":3869,"href":"http:\/\/www.kmu-aalen.de\/kmu-aalen\/wp-json\/wp\/v2\/pages\/2110\/revisions\/3869"}],"up":[{"embeddable":true,"href":"http:\/\/www.kmu-aalen.de\/kmu-aalen\/wp-json\/wp\/v2\/pages\/2077"}],"wp:attachment":[{"href":"http:\/\/www.kmu-aalen.de\/kmu-aalen\/wp-json\/wp\/v2\/media?parent=2110"}],"curies":[{"name":"wp","href":"https:\/\/api.w.org\/{rel}","templated":true}]}}