{"id":2033,"date":"2017-02-20T20:40:42","date_gmt":"2017-02-20T18:40:42","guid":{"rendered":"http:\/\/www.kmu-aalen.de\/kmu-aalen\/?page_id=2033"},"modified":"2021-01-21T17:28:04","modified_gmt":"2021-01-21T15:28:04","slug":"start","status":"publish","type":"page","link":"http:\/\/www.kmu-aalen.de\/kmu-aalen\/language\/de\/start\/","title":{"rendered":"Home"},"content":{"rendered":"<p style=\"text-align: center;\"><div id=\"metaslider-id-3012\" style=\"width: 100%; margin: 0 auto;\" class=\"ml-slider-3-20-3 metaslider metaslider-responsive metaslider-3012 ml-slider\">\n    <div id=\"metaslider_container_3012\">\n        <ul id='metaslider_3012' class='rslides'>\n            <li><img src=\"http:\/\/www.kmu-aalen.de\/wp-content\/uploads\/2017\/12\/Burren-800x400.jpg\" height=\"400\" width=\"800\" alt=\"\" class=\"slider-3012 slide-3013\" \/><\/li>\n            <li style='display: none;'><img src=\"http:\/\/www.kmu-aalen.de\/wp-content\/uploads\/2017\/12\/Transfertag-Startbild-NEU_preview-1-800x400.png\" height=\"400\" width=\"800\" alt=\"\" class=\"slider-3012 slide-3155\" \/><\/li>\n        <\/ul>\n        \n    <\/div>\n<\/div><\/p>\n<p style=\"text-align: left;\">Hier k\u00f6nnen Sie auf spezifische Informationen \u00fcber die Erforschung von Informationssystemen in Bezug auf gesch\u00e4ftliche Sachverhalte\u00a0zugreifen. Die Projekte und Publikationen von Prof. Dr. Ralf-Christian H\u00e4rting und seinem Team besch\u00e4ftigen sich mit einem breiten Spektrum von Informationssystemen, darunter Big Data, BPM, EAM, Cloud Computing und IT-Controlling.<\/p>\n<p style=\"text-align: left;\">Wir bieten auch einen \u00dcberblick \u00fcber die Lehre, besondere Veranstaltungen und Konferenzen. So\u00a0organisieren wir ein Konferenzmodul\u00a0auf der\u00a0&#8220;International Conference on Intelligent Decision Technologies&#8221; und kooperieren mit der internationalen Konferenz &#8220;Business Information Systems&#8221;. Weitere Informationen finden Sie auch unter &#8220;<a href=\"http:\/\/www.kmu-aalen.de\/kmu-aalen\/language\/de\/veranstaltungenkes\/\">Veranstaltungen<\/a>&#8220;. Wir freuen uns auch\u00a0den Erfolg des 9<a href=\"http:\/\/www.kmu-aalen.de\/kmu-aalen\/?page_id=2165&amp;lang=de\" target=\"_blank\" rel=\"noopener noreferrer\">. <\/a>Transfertages an der Hochschule Aalen. Weitere Informationen finden Sie dazu unter\u00a0<a href=\"http:\/\/www.kmu-aalen.de\/kmu-aalen\/?page_id=2145&amp;lang=de\">Transfertag 2019<\/a>.<\/p>\n<p style=\"text-align: left;\">Teile unserer angewandten Forschungsaktivt\u00e4ten finden im Rahmen von\u00a0Lehrveranstaltungen in den Studieng\u00e4ngen &#8220;Business f\u00fcr kleine und mittlere Unternehmen&#8221; (Bachelor of Arts) und &#8220;Mittelstandsmanagement&#8221; (Master of Arts) statt.<\/p>\n<p style=\"text-align: left;\">Wir freuen uns \u00fcber jede R\u00fcckmeldung, die Sie uns zur\u00a0Website geben. <a href=\"http:\/\/www.kmu-aalen.de\/kmu-aalen\/?page_id=2237&amp;lang=de\" target=\"_blank\" rel=\"noopener noreferrer\">Bitte kontaktieren Sie uns<\/a> mit Kritik, Fragen oder Anregungen.<\/p>\n<p style=\"text-align: left;\">F\u00fcr weitere Informationen \u00fcber unsere Invited Session auf der &#8220;25th International Conference on Knowledge-Based and Intelligent Information&#8221; besuchen Sie bitte unseren Event-Bereich und klicken Sie daf\u00fcr <a href=\"http:\/\/www.kmu-aalen.de\/kmu-aalen\/language\/de\/kes-2020\/\" target=\"_blank\" rel=\"noopener noreferrer\">hier<\/a>.<\/p>\n","protected":false},"excerpt":{"rendered":"<p>Hier k\u00f6nnen Sie auf spezifische Informationen \u00fcber die Erforschung von Informationssystemen in Bezug auf gesch\u00e4ftliche Sachverhalte\u00a0zugreifen. Die Projekte und Publikationen von Prof. Dr. Ralf-Christian H\u00e4rting und seinem Team besch\u00e4ftigen sich mit einem breiten Spektrum von Informationssystemen, darunter Big Data, BPM,&hellip; <\/p>\n","protected":false},"author":33,"featured_media":0,"parent":0,"menu_order":100,"comment_status":"closed","ping_status":"closed","template":"","meta":[],"_links":{"self":[{"href":"http:\/\/www.kmu-aalen.de\/kmu-aalen\/wp-json\/wp\/v2\/pages\/2033"}],"collection":[{"href":"http:\/\/www.kmu-aalen.de\/kmu-aalen\/wp-json\/wp\/v2\/pages"}],"about":[{"href":"http:\/\/www.kmu-aalen.de\/kmu-aalen\/wp-json\/wp\/v2\/types\/page"}],"author":[{"embeddable":true,"href":"http:\/\/www.kmu-aalen.de\/kmu-aalen\/wp-json\/wp\/v2\/users\/33"}],"replies":[{"embeddable":true,"href":"http:\/\/www.kmu-aalen.de\/kmu-aalen\/wp-json\/wp\/v2\/comments?post=2033"}],"version-history":[{"count":34,"href":"http:\/\/www.kmu-aalen.de\/kmu-aalen\/wp-json\/wp\/v2\/pages\/2033\/revisions"}],"predecessor-version":[{"id":3760,"href":"http:\/\/www.kmu-aalen.de\/kmu-aalen\/wp-json\/wp\/v2\/pages\/2033\/revisions\/3760"}],"wp:attachment":[{"href":"http:\/\/www.kmu-aalen.de\/kmu-aalen\/wp-json\/wp\/v2\/media?parent=2033"}],"curies":[{"name":"wp","href":"https:\/\/api.w.org\/{rel}","templated":true}]}}